{"id":1451,"date":"2025-04-10T16:13:52","date_gmt":"2025-04-10T14:13:52","guid":{"rendered":"https:\/\/elpalauetdelpriorat.com\/producto\/pack-romantique\/"},"modified":"2025-12-15T15:00:13","modified_gmt":"2025-12-15T14:00:13","slug":"pack-romantique","status":"publish","type":"product","link":"https:\/\/elpalauetdelpriorat.com\/fr\/produit\/pack-romantique\/","title":{"rendered":"PACK ROMANTIQUE"},"content":{"rendered":"<p><strong>Le prix comprend :<\/strong><\/p>\n<ul style=\"font-size: 10px;\">\n<li>Taxe de s\u00e9jour et TVA 10 %.<\/li>\n<li>Les destinataires du ch\u00e8que-cadeau sont ceux qui appelleront pour effectuer une r\u00e9servation pr\u00e9alable.<\/li>\n<li>Comprend une assistance touristique personnalis\u00e9e des invit\u00e9s pour profiter au mieux du s\u00e9jour.<\/li>\n<li>Le ch\u00e8que-cadeau est envoy\u00e9 par e-mail \u00e0 l&rsquo;acheteur avec un dossier et des cartes touristiques de la r\u00e9gion indiquant tous les points d&rsquo;int\u00e9r\u00eat.<\/li>\n<li>La r\u00e9servation est pour 2 personnes.<\/li>\n<\/ul>\n<p>&nbsp;<\/p>\n","protected":false},"excerpt":{"rendered":"<p>H\u00e9bergement en chambre Suite del Cel + ambiance de la chambre + petit-d\u00e9jeuner KM0<\/p>\n<ul>\n<li>Ambiance de la suite sup\u00e9rieure avec musique, bougies, cava, chocolats et fruits.<\/li>\n<li>Nuit en chambre Suite del Cel.<\/li>\n<li>Petits d\u00e9jeuners avec charcuterie biologique, confitures et g\u00e2teaux faits maison, fromages artisanaux, jus d&rsquo;orange naturel, \u0153ufs de poules \u00e9lev\u00e9es en libert\u00e9\u2026<\/li>\n<\/ul>\n<p><em>Coupon valable 1 an.<\/em><\/p>\n","protected":false},"featured_media":973,"template":"","meta":{"_kad_post_transparent":"","_kad_post_title":"","_kad_post_layout":"","_kad_post_sidebar_id":"","_kad_post_content_style":"","_kad_post_vertical_padding":"","_kad_post_feature":"","_kad_post_feature_position":"","_kad_post_header":false,"_kad_post_footer":false,"_kad_post_classname":""},"product_brand":[],"product_cat":[42],"product_tag":[],"class_list":{"0":"post-1451","1":"product","2":"type-product","3":"status-publish","4":"has-post-thumbnail","6":"product_cat-packs-fr","8":"first","9":"instock","10":"virtual","11":"taxable","12":"purchasable","13":"product-type-simple","14":"entry","15":"content-bg","16":"loop-entry"},"_links":{"self":[{"href":"https:\/\/elpalauetdelpriorat.com\/fr\/wp-json\/wp\/v2\/product\/1451","targetHints":{"allow":["GET"]}}],"collection":[{"href":"https:\/\/elpalauetdelpriorat.com\/fr\/wp-json\/wp\/v2\/product"}],"about":[{"href":"https:\/\/elpalauetdelpriorat.com\/fr\/wp-json\/wp\/v2\/types\/product"}],"wp:featuredmedia":[{"embeddable":true,"href":"https:\/\/elpalauetdelpriorat.com\/fr\/wp-json\/wp\/v2\/media\/973"}],"wp:attachment":[{"href":"https:\/\/elpalauetdelpriorat.com\/fr\/wp-json\/wp\/v2\/media?parent=1451"}],"wp:term":[{"taxonomy":"product_brand","embeddable":true,"href":"https:\/\/elpalauetdelpriorat.com\/fr\/wp-json\/wp\/v2\/product_brand?post=1451"},{"taxonomy":"product_cat","embeddable":true,"href":"https:\/\/elpalauetdelpriorat.com\/fr\/wp-json\/wp\/v2\/product_cat?post=1451"},{"taxonomy":"product_tag","embeddable":true,"href":"https:\/\/elpalauetdelpriorat.com\/fr\/wp-json\/wp\/v2\/product_tag?post=1451"}],"curies":[{"name":"wp","href":"https:\/\/api.w.org\/{rel}","templated":true}]}}