{"id":1187,"date":"2025-04-10T16:46:12","date_gmt":"2025-04-10T14:46:12","guid":{"rendered":"https:\/\/elpalauetdelpriorat.com\/mentions-legales\/"},"modified":"2025-11-14T11:24:18","modified_gmt":"2025-11-14T10:24:18","slug":"mentions-legales","status":"publish","type":"page","link":"https:\/\/elpalauetdelpriorat.com\/fr\/mentions-legales\/","title":{"rendered":"MENTIONS L\u00c9GALES"},"content":{"rendered":"\n<p><strong>Propri\u00e9taire du site web<\/strong><br\/>Conform\u00e9ment \u00e0 l&rsquo;obligation d&rsquo;information pr\u00e9vue \u00e0 l&rsquo;article 10 de la loi 34\/2002, du 11 juillet, sur les services de la soci\u00e9t\u00e9 de l&rsquo;information et du commerce \u00e9lectronique (LSSICE), il est port\u00e9 \u00e0 votre connaissance que ce site web appartient \u00e0 :<\/p>\n\n<ul class=\"wp-block-list\">\n<li><strong>Nom commercial :<\/strong> El Palauet del Priorat<\/li>\n\n\n\n<li><strong>Titulaire :<\/strong> Dolors Sendra Cardona<\/li>\n\n\n\n<li><strong>NIF :<\/strong> 39737712Z<\/li>\n\n\n\n<li><strong>Domicile :<\/strong> Calle Eres, 9, 43360 Cornudella de Montsant, Tarragone<\/li>\n\n\n\n<li><strong>Adresse \u00e9lectronique :<\/strong> <a>dolors@elpalauetdelpriorat.com<\/a><\/li>\n\n\n\n<li><strong>T\u00e9l\u00e9phone de contact :<\/strong> +34 670 961 464<\/li>\n\n\n\n<li><strong>Nom de domaine :<\/strong> <a>https:\/\/elpalauetdelpriorat.com<\/a><\/li>\n<\/ul>\n\n<p><strong>Objet<\/strong><br\/>L&rsquo;objectif de ce site web est de fournir des informations claires et accessibles sur les services d&rsquo;h\u00e9bergement touristique propos\u00e9s par El Palauet del Priorat, ainsi que de permettre la gestion des r\u00e9servations, le contact avec l&rsquo;\u00e9tablissement et l&rsquo;acc\u00e8s \u00e0 des contenus informatifs li\u00e9s \u00e0 l&rsquo;environnement, aux exp\u00e9riences touristiques et aux promotions disponibles.<\/p>\n\n<p><strong>Propri\u00e9t\u00e9 intellectuelle et industrielle<\/strong><br\/>Tous les contenus pr\u00e9sents sur ce site web, y compris les textes, images, logos, graphiques, bases de donn\u00e9es, conception graphique, code source et structure de navigation, sont prot\u00e9g\u00e9s par la l\u00e9gislation en vigueur sur la propri\u00e9t\u00e9 intellectuelle et industrielle. Leur reproduction, distribution, communication publique ou transformation, totale ou partielle, sans l&rsquo;autorisation expresse du titulaire, est strictement interdite. <\/p>\n\n<p><strong>Responsabilit\u00e9<\/strong><br\/>Le propri\u00e9taire du site web ne garantit pas l&rsquo;absence d&rsquo;interruptions ou d&rsquo;erreurs dans l&rsquo;acc\u00e8s au site ou \u00e0 son contenu, ni que celui-ci soit \u00e0 jour. De m\u00eame, il se r\u00e9serve le droit d&rsquo;effectuer, \u00e0 tout moment et sans pr\u00e9avis, des modifications sur les informations contenues sur le site web. <\/p>\n\n<p>Le titulaire n&rsquo;est pas responsable de la mauvaise utilisation qui pourrait \u00eatre faite du site web, ni des dommages directs ou indirects qui pourraient d\u00e9couler de l&rsquo;utilisation de celui-ci ou des informations qu&rsquo;il contient.<\/p>\n\n<hr class=\"wp-block-separator has-alpha-channel-opacity\"\/>\n","protected":false},"excerpt":{"rendered":"<p>Propri\u00e9taire du site webConform\u00e9ment \u00e0 l&rsquo;obligation d&rsquo;information pr\u00e9vue \u00e0 l&rsquo;article 10 de la loi 34\/2002, du 11 juillet, sur les services de la soci\u00e9t\u00e9 de l&rsquo;information et du commerce \u00e9lectronique (LSSICE), il est port\u00e9 \u00e0 votre connaissance que ce site web appartient \u00e0 : ObjetL&rsquo;objectif de ce site web est de fournir des informations claires&#8230;<\/p>\n","protected":false},"author":1,"featured_media":0,"parent":0,"menu_order":0,"comment_status":"closed","ping_status":"closed","template":"","meta":{"_kad_post_transparent":"","_kad_post_title":"","_kad_post_layout":"","_kad_post_sidebar_id":"","_kad_post_content_style":"","_kad_post_vertical_padding":"","_kad_post_feature":"","_kad_post_feature_position":"","_kad_post_header":false,"_kad_post_footer":false,"_kad_post_classname":"","footnotes":""},"class_list":["post-1187","page","type-page","status-publish","hentry"],"_links":{"self":[{"href":"https:\/\/elpalauetdelpriorat.com\/fr\/wp-json\/wp\/v2\/pages\/1187","targetHints":{"allow":["GET"]}}],"collection":[{"href":"https:\/\/elpalauetdelpriorat.com\/fr\/wp-json\/wp\/v2\/pages"}],"about":[{"href":"https:\/\/elpalauetdelpriorat.com\/fr\/wp-json\/wp\/v2\/types\/page"}],"author":[{"embeddable":true,"href":"https:\/\/elpalauetdelpriorat.com\/fr\/wp-json\/wp\/v2\/users\/1"}],"replies":[{"embeddable":true,"href":"https:\/\/elpalauetdelpriorat.com\/fr\/wp-json\/wp\/v2\/comments?post=1187"}],"version-history":[{"count":3,"href":"https:\/\/elpalauetdelpriorat.com\/fr\/wp-json\/wp\/v2\/pages\/1187\/revisions"}],"predecessor-version":[{"id":627524,"href":"https:\/\/elpalauetdelpriorat.com\/fr\/wp-json\/wp\/v2\/pages\/1187\/revisions\/627524"}],"wp:attachment":[{"href":"https:\/\/elpalauetdelpriorat.com\/fr\/wp-json\/wp\/v2\/media?parent=1187"}],"curies":[{"name":"wp","href":"https:\/\/api.w.org\/{rel}","templated":true}]}}