{"id":1153,"date":"2025-06-30T12:42:42","date_gmt":"2025-06-30T10:42:42","guid":{"rendered":"https:\/\/elpalauetdelpriorat.com\/termes-et-conditions\/"},"modified":"2026-01-14T07:54:04","modified_gmt":"2026-01-14T06:54:04","slug":"termes-et-conditions","status":"publish","type":"page","link":"https:\/\/elpalauetdelpriorat.com\/fr\/termes-et-conditions\/","title":{"rendered":"Termes et conditions"},"content":{"rendered":"\n<div class=\"wp-block-cover has-theme-palette-3-color has-text-color has-link-color wp-elements-2157d657b2ebdcfe0588935cedeb421b\"><span aria-hidden=\"true\" class=\"wp-block-cover__background has-theme-palette-9-background-color has-background-dim-100 has-background-dim\"><\/span><div class=\"wp-block-cover__inner-container is-layout-constrained wp-block-cover-is-layout-constrained\">\n<p class=\"has-text-align-center has-large-font-size\">1. Informations g\u00e9n\u00e9rales<\/p>\n\n\n\n<p><strong>Titulaire\u00a0:<\/strong> Dolors Sendra Cardona<br\/><strong>NIF\u00a0:<\/strong> 39737712Z<br\/><strong>Adresse\u00a0:<\/strong> Calle Eres,\u00a09, 43360\u00a0Cornudella de Montsant, Tarragone<br\/><strong>Adresse \u00e9lectronique\u00a0:<\/strong> <a>dolors@elpalauetdelpriorat.com<\/a><br\/><strong>Site Web de vente\u00a0:<\/strong> <a class=\"\" href=\"https:\/\/elpalauetdelpriorat.com\/fr\/\">https:\/\/elpalauetdelpriorat.com\/<\/a><\/p>\n\n\n\n<hr class=\"wp-block-separator has-alpha-channel-opacity\"\/>\n\n\n\n<h3 class=\"wp-block-heading\">2. Objet<\/h3>\n\n\n\n<p>Les pr\u00e9sents termes r\u00e9gissent l\u2019achat de <strong>packs d\u2019exp\u00e9riences et de s\u00e9jours \u0153notouristiques<\/strong> propos\u00e9s par le Palauet del Priorat, disponibles sur sa boutique en ligne. Chaque pack comprend des activit\u00e9s li\u00e9es \u00e0 l\u2019h\u00e9bergement, des d\u00e9gustations de vin, la gastronomie locale et des visites personnalis\u00e9es. <\/p>\n\n\n\n<hr class=\"wp-block-separator has-alpha-channel-opacity\"\/>\n\n\n\n<h3 class=\"wp-block-heading\">3. Description des packs<\/h3>\n\n\n\n<p>Les packs suivants sont disponibles sur la boutique en ligne\u00a0:<\/p>\n\n\n\n<ul class=\"wp-block-list\">\n<li><strong>Pack Regal Tast\u00a0:<\/strong> D\u00e9gustation de vins DOQ Priorat et DO Montsant \u00e0 Terra del Priorat.<br\/><em>Valable jusqu\u2019\u00e0 fin f\u00e9vrier 2026<\/em> <\/li>\n\n\n\n<li><strong>Pack Accord Mets et Vins\u00a0:<\/strong> Visite des vignobles et d\u00e9gustation de vins haut de gamme accompagn\u00e9s de produits locaux.<br\/><em>Valable jusqu\u2019\u00e0 fin mars<em> 2026<\/em><\/em> <\/li>\n\n\n\n<li><strong>Pack \u0152notourisme\u00a0:<\/strong> 1\u00a0nuit au Palauet del Priorat avec petit-d\u00e9jeuner bio + d\u00e9gustation de vins DOQ Priorat et Montsant.<br\/><em>Valable jusqu\u2019\u00e0 fin janvier<em> 2026<\/em><\/em> <\/li>\n\n\n\n<li><strong>Pack Vins\u00a0:<\/strong> 1\u00a0nuit + petit-d\u00e9jeuner bio + d\u00e9gustation de vins personnalis\u00e9e.<br\/><em>Valable jusqu\u2019\u00e0 fin janvier<em> 2026<\/em><\/em> <\/li>\n\n\n\n<li><strong>Pack D\u00e9connexion\u00a0:<\/strong> 1\u00a0nuit + petit-d\u00e9jeuner bio + d\u00eener d\u00e9gustation avec d\u00e9gustation d\u2019huiles et de vins \u00e0 Terra del Priorat.<br\/><em>Valable jusqu\u2019\u00e0 fin janvier<em> 2026<\/em><\/em> <\/li>\n\n\n\n<li><strong>Pack Ess\u00e8ncia\u00a0:<\/strong> 1\u00a0nuit + petit-d\u00e9jeuner bio + d\u00eener d\u00e9gustation + d\u00e9gustation de vins personnalis\u00e9e.<br\/><em>Valable jusqu\u2019\u00e0 fin janvier<em> 2026<\/em><\/em> <\/li>\n<\/ul>\n\n\n\n<p>Chaque pack doit \u00eatre r\u00e9serv\u00e9 au pr\u00e9alable par e-mail \u00e0\u00a0:<br\/>\ud83d\udce9 <strong><a>info@elpalauetdelpriorat.com<\/a><\/strong><\/p>\n\n\n\n<hr class=\"wp-block-separator has-alpha-channel-opacity\"\/>\n\n\n\n<h3 class=\"wp-block-heading\">4. Processus d\u2019achat<\/h3>\n\n\n\n<ol class=\"wp-block-list\">\n<li>L\u2019utilisateur s\u00e9lectionne le pack souhait\u00e9 et effectue le paiement sur la boutique en ligne.<\/li>\n\n\n\n<li>Une fois le paiement confirm\u00e9, il recevra un e-mail avec le <strong>bon cadeau<\/strong>.<\/li>\n\n\n\n<li>La r\u00e9servation de la date doit \u00eatre effectu\u00e9e en envoyant un e-mail indiquant le num\u00e9ro de bon.<\/li>\n<\/ol>\n\n\n\n<hr class=\"wp-block-separator has-alpha-channel-opacity\"\/>\n\n\n\n<h3 class=\"wp-block-heading\">5. Prix et modalit\u00e9s de paiement<\/h3>\n\n\n\n<ul class=\"wp-block-list\">\n<li>Tous les prix sont en euros et incluent les taxes (TVA).<\/li>\n\n\n\n<li>Les paiements par carte de cr\u00e9dit\/d\u00e9bit ou via les passerelles activ\u00e9es sur la boutique sont accept\u00e9s.<\/li>\n\n\n\n<li>L\u2019achat sera confirm\u00e9 une fois le paiement complet re\u00e7u.<\/li>\n<\/ul>\n\n\n\n<hr class=\"wp-block-separator has-alpha-channel-opacity\"\/>\n\n\n\n<h3 class=\"wp-block-heading\">6. Politique d\u2019annulation et de modification<\/h3>\n\n\n\n<ul class=\"wp-block-list\">\n<li>Chaque bon est <strong>valable jusqu\u2019\u00e0 la date indiqu\u00e9e<\/strong> dans sa description.<\/li>\n\n\n\n<li>Les retours ne sont pas accept\u00e9s une fois le pack achet\u00e9, sauf en cas de motifs justifi\u00e9s.<\/li>\n\n\n\n<li>Le changement de date est autoris\u00e9 si la notification est faite au moins <strong>7\u00a0jours \u00e0 l\u2019avance<\/strong> et sous r\u00e9serve de disponibilit\u00e9.<\/li>\n\n\n\n<li>Le bon est transf\u00e9rable \u00e0 une autre personne apr\u00e8s communication.<\/li>\n<\/ul>\n\n\n\n<hr class=\"wp-block-separator has-alpha-channel-opacity\"\/>\n\n\n\n<h3 class=\"wp-block-heading\">7. Droit de r\u00e9tractation<\/h3>\n\n\n\n<p>Conform\u00e9ment \u00e0 l\u2019article\u00a0103 de la loi g\u00e9n\u00e9rale pour la d\u00e9fense des consommateurs et des utilisateurs, le droit de r\u00e9tractation <strong>ne s\u2019applique pas<\/strong> aux services avec une date d\u2019ex\u00e9cution sp\u00e9cifique comme ceux propos\u00e9s ici.<\/p>\n\n\n\n<hr class=\"wp-block-separator has-alpha-channel-opacity\"\/>\n\n\n\n<h3 class=\"wp-block-heading\">8. Disponibilit\u00e9 et r\u00e9servations<\/h3>\n\n\n\n<p>Les dates pour profiter du pack sont soumises \u00e0 disponibilit\u00e9. Il est recommand\u00e9 de r\u00e9server \u00e0 l\u2019avance.<br\/>La disponibilit\u00e9 n\u2019est pas garantie si la demande de r\u00e9servation est faite peu de temps avant l\u2019expiration du bon. <\/p>\n\n\n\n<hr class=\"wp-block-separator has-alpha-channel-opacity\"\/>\n\n\n\n<h3 class=\"wp-block-heading\">9. Utilisation responsable<\/h3>\n\n\n\n<p>Le titulaire du bon s\u2019engage \u00e0 faire un usage correct des installations et \u00e0 respecter les r\u00e8gles de convivialit\u00e9, de durabilit\u00e9 et de s\u00e9curit\u00e9 du Palauet del Priorat et de ses collaborateurs.<\/p>\n\n\n\n<hr class=\"wp-block-separator has-alpha-channel-opacity\"\/>\n\n\n\n<h3 class=\"wp-block-heading\">10. Protection des donn\u00e9es<\/h3>\n\n\n\n<p>Les donn\u00e9es fournies lors du processus d\u2019achat seront trait\u00e9es conform\u00e9ment au r\u00e8glement g\u00e9n\u00e9ral sur la protection des donn\u00e9es (RGPD).<\/p>\n\n\n\n<ul class=\"wp-block-list\">\n<li><strong>Responsable du traitement\u00a0:<\/strong> Dolors Sendra Cardona<\/li>\n\n\n\n<li><strong>Finalit\u00e9\u00a0:<\/strong> Gestion des r\u00e9servations, service client et facturation<\/li>\n\n\n\n<li><strong>Contact\u00a0:<\/strong> <a>dolors@elpalauetdelpriorat.com<\/a><\/li>\n\n\n\n<li>Plus d\u2019informations disponibles dans notre politique de confidentialit\u00e9.<\/li>\n<\/ul>\n\n\n\n<hr class=\"wp-block-separator has-alpha-channel-opacity\"\/>\n\n\n\n<h3 class=\"wp-block-heading\">11. L\u00e9gislation applicable<\/h3>\n\n\n\n<p class=\"has-text-align-left has-medium-font-size\">Le pr\u00e9sent contrat est r\u00e9gi par la l\u00e9gislation espagnole. En cas de litige, les parties se soumettent aux tribunaux de Tarragone, sauf si la r\u00e9glementation de la consommation d\u00e9termine un autre for applicable. <\/p>\n<\/div><\/div>\n","protected":false},"excerpt":{"rendered":"","protected":false},"author":1,"featured_media":0,"parent":0,"menu_order":0,"comment_status":"closed","ping_status":"closed","template":"","meta":{"_kad_post_transparent":"","_kad_post_title":"","_kad_post_layout":"","_kad_post_sidebar_id":"","_kad_post_content_style":"","_kad_post_vertical_padding":"","_kad_post_feature":"","_kad_post_feature_position":"","_kad_post_header":false,"_kad_post_footer":false,"_kad_post_classname":"","footnotes":""},"class_list":["post-1153","page","type-page","status-publish","hentry"],"_links":{"self":[{"href":"https:\/\/elpalauetdelpriorat.com\/fr\/wp-json\/wp\/v2\/pages\/1153","targetHints":{"allow":["GET"]}}],"collection":[{"href":"https:\/\/elpalauetdelpriorat.com\/fr\/wp-json\/wp\/v2\/pages"}],"about":[{"href":"https:\/\/elpalauetdelpriorat.com\/fr\/wp-json\/wp\/v2\/types\/page"}],"author":[{"embeddable":true,"href":"https:\/\/elpalauetdelpriorat.com\/fr\/wp-json\/wp\/v2\/users\/1"}],"replies":[{"embeddable":true,"href":"https:\/\/elpalauetdelpriorat.com\/fr\/wp-json\/wp\/v2\/comments?post=1153"}],"version-history":[{"count":2,"href":"https:\/\/elpalauetdelpriorat.com\/fr\/wp-json\/wp\/v2\/pages\/1153\/revisions"}],"predecessor-version":[{"id":631910,"href":"https:\/\/elpalauetdelpriorat.com\/fr\/wp-json\/wp\/v2\/pages\/1153\/revisions\/631910"}],"wp:attachment":[{"href":"https:\/\/elpalauetdelpriorat.com\/fr\/wp-json\/wp\/v2\/media?parent=1153"}],"curies":[{"name":"wp","href":"https:\/\/api.w.org\/{rel}","templated":true}]}}