{"id":1148,"date":"2025-06-02T17:31:07","date_gmt":"2025-06-02T15:31:07","guid":{"rendered":"https:\/\/elpalauetdelpriorat.com\/evenements\/"},"modified":"2025-08-03T13:33:13","modified_gmt":"2025-08-03T11:33:13","slug":"evenements","status":"publish","type":"page","link":"https:\/\/elpalauetdelpriorat.com\/fr\/evenements\/","title":{"rendered":"\u00c9v\u00e9nements"},"content":{"rendered":"\n<div class=\"wp-block-cover alignfull arriba\" style=\"min-height:100vh;aspect-ratio:unset;\"><img loading=\"lazy\" decoding=\"async\" width=\"1536\" height=\"2048\" class=\"wp-block-cover__image-background wp-image-1531 size-full\" alt=\"\" src=\"https:\/\/elpalauetdelpriorat.com\/wp-content\/uploads\/2025\/08\/WhatsApp-Image-2025-06-03-at-12.04.33.jpeg\" style=\"object-position:49% 45%\" data-object-fit=\"cover\" data-object-position=\"49% 45%\" srcset=\"https:\/\/elpalauetdelpriorat.com\/wp-content\/uploads\/2025\/08\/WhatsApp-Image-2025-06-03-at-12.04.33.jpeg 1536w, https:\/\/elpalauetdelpriorat.com\/wp-content\/uploads\/2025\/08\/WhatsApp-Image-2025-06-03-at-12.04.33-225x300.jpeg 225w, https:\/\/elpalauetdelpriorat.com\/wp-content\/uploads\/2025\/08\/WhatsApp-Image-2025-06-03-at-12.04.33-768x1024.jpeg 768w, https:\/\/elpalauetdelpriorat.com\/wp-content\/uploads\/2025\/08\/WhatsApp-Image-2025-06-03-at-12.04.33-1152x1536.jpeg 1152w, https:\/\/elpalauetdelpriorat.com\/wp-content\/uploads\/2025\/08\/WhatsApp-Image-2025-06-03-at-12.04.33-600x800.jpeg 600w\" sizes=\"auto, (max-width: 1536px) 100vw, 1536px\" \/><span aria-hidden=\"true\" class=\"wp-block-cover__background has-theme-palette-3-background-color has-background-dim-30 has-background-dim\"><\/span><div class=\"wp-block-cover__inner-container is-layout-constrained wp-block-cover-is-layout-constrained\">\n<p class=\"has-text-align-center has-theme-palette-9-color has-text-color has-link-color has-large-font-size wp-elements-b74441e98336e697942c27dd9b000234\">\u00c9V\u00c9NEMENTS<\/p>\n<\/div><\/div>\n\n<div class=\"wp-block-buttons botones is-content-justification-center is-layout-flex wp-container-core-buttons-is-layout-16018d1d wp-block-buttons-is-layout-flex\">\n<div class=\"wp-block-button\"><a class=\"wp-block-button__link has-theme-palette-3-color has-theme-palette-9-background-color has-text-color has-background has-link-color has-small-font-size has-custom-font-size wp-element-button\" href=\"https:\/\/elpalauetdelpriorat.com\/fr\/reservations\/\">FAITES VOTRE R\u00c9SERVATION MAINTENANT<\/a><\/div>\n\n\n\n<div class=\"wp-block-button\"><a class=\"wp-block-button__link has-small-font-size has-custom-font-size wp-element-button\" href=\"https:\/\/elpalauetdelpriorat.com\/fr\/reservations\/\">V\u00c9RIFIER LA DISPONIBILIT\u00c9<\/a><\/div>\n<\/div>\n\n<div class=\"wp-block-columns are-vertically-aligned-center is-layout-flex wp-container-core-columns-is-layout-2d85a6ef wp-block-columns-is-layout-flex\" style=\"margin-top:var(--wp--preset--spacing--80);margin-bottom:var(--wp--preset--spacing--80)\">\n<div class=\"wp-block-column is-vertically-aligned-center is-layout-flow wp-block-column-is-layout-flow\" style=\"padding-right:var(--wp--preset--spacing--80);padding-left:var(--wp--preset--spacing--80)\">\n<h2 class=\"wp-block-heading has-xxlarge-font-size\"><br\/>R\u00e9unions d&rsquo;entreprise, mariages intimes, c\u00e9l\u00e9brations familiales&#8230;<\/h2>\n<\/div>\n\n\n\n<div class=\"wp-block-column is-vertically-aligned-center is-layout-flow wp-block-column-is-layout-flow\">\n<p>El Palauet del Priorat se transforme en tout ce que vous imaginez. Espaces polyvalents. Ici, tout peut arriver, il suffit de le vouloir\u2026  <\/p>\n<\/div>\n<\/div>\n\n<div class=\"wp-block-cover\" style=\"padding-right:var(--wp--preset--spacing--80);padding-left:var(--wp--preset--spacing--80)\"><span aria-hidden=\"true\" class=\"wp-block-cover__background has-theme-palette-9-background-color has-background-dim-100 has-background-dim\"><\/span><div class=\"wp-block-cover__inner-container is-layout-constrained wp-container-core-cover-is-layout-8de92ddb wp-block-cover-is-layout-constrained\">\n<p class=\"has-text-align-center has-large-font-size\"><\/p>\n\n\n\n<div class=\"wp-block-columns are-vertically-aligned-top has-theme-palette-3-color has-text-color has-link-color wp-elements-b74778261a6b333ebabe4bf9d1c9f4f5 is-layout-flex wp-container-core-columns-is-layout-9d6595d7 wp-block-columns-is-layout-flex\">\n<div class=\"wp-block-column is-vertically-aligned-top is-layout-flow wp-block-column-is-layout-flow\" style=\"flex-basis:66.66%\">\n<p>Nous ferons tout notre possible et consacrerons toute notre attention \u00e0 rendre votre s\u00e9jour aussi confortable et agr\u00e9able que possible. Et pour laisser libre cours aux id\u00e9es, nous mettons \u00e0 votre disposition une salle de 60m2 avec lumi\u00e8re naturelle et chemin\u00e9e pour les r\u00e9unions et conventions d&rsquo;entreprise avec tout le n\u00e9cessaire pour votre \u00e9v\u00e9nement corporatif. <\/p>\n\n\n\n<p>Votre \u00e9v\u00e9nement peut \u00eatre combin\u00e9 avec un service de lunch, pause-caf\u00e9, d\u00eener, d\u00e9jeuner, itin\u00e9raires \u0153notouristiques avec visites de vignobles et d\u00e9gustation de vins, et puisque nous sommes un point d&rsquo;information du parc naturel, nous pouvons vous aider \u00e0 organiser votre \u00e9v\u00e9nement pour qu&rsquo;il soit une exp\u00e9rience inoubliable.<\/p>\n\n\n\n<p><strong>R\u00e9union d&rsquo;entreprise sp\u00e9ciale (une nuit)<\/strong><\/p>\n\n\n\n<ul class=\"wp-block-list\">\n<li>1 Nuit avec h\u00e9bergement en chambre de luxe \u00e0 usage individuel<\/li>\n\n\n\n<li>1 Petit d\u00e9jeuner<\/li>\n\n\n\n<li>1 Repas ou d\u00eener au choix (\u00e0 la carte)<\/li>\n\n\n\n<li>3 Free corner avec caf\u00e9s\/ th\u00e9s\/ infusions \/ rafra\u00eechissements \/ biscuits<\/li>\n<\/ul>\n\n\n\n<p>*\u00c0 partir de 160 EUR par personne\/jour (+ TVA)<\/p>\n\n\n\n<p>*Location de salle 250 \/ jour ( + TVA)<\/p>\n<\/div>\n\n\n\n<div class=\"wp-block-column is-vertically-aligned-top is-layout-flow wp-block-column-is-layout-flow\" style=\"flex-basis:33.33%\"><p class=\"wpcf7-contact-form-not-found\"><strong>Erreur\u00a0:<\/strong> Formulaire de contact non trouv\u00e9\u00a0!<\/p>\n<\/div>\n<\/div>\n\n\n\n<p class=\"has-text-align-center has-large-font-size\"><\/p>\n\n\n\n<h2 class=\"wp-block-heading has-theme-palette-3-color has-text-color has-link-color wp-elements-8cd455dd141cc88420e7ca50bfede368\">R\u00e9unions d&rsquo;entreprise<\/h2>\n\n\n\n<figure class=\"wp-block-gallery has-nested-images columns-default is-cropped wp-block-gallery-1 is-layout-flex wp-block-gallery-is-layout-flex\">\n<figure class=\"wp-block-image size-large\"><img loading=\"lazy\" decoding=\"async\" width=\"1024\" height=\"768\" data-id=\"1501\" src=\"https:\/\/elpalauetdelpriorat.com\/wp-content\/uploads\/2025\/08\/WhatsApp-Image-2025-06-03-at-12.11.54-1024x768.jpeg\" alt=\"\" class=\"wp-image-1501\" srcset=\"https:\/\/elpalauetdelpriorat.com\/wp-content\/uploads\/2025\/08\/WhatsApp-Image-2025-06-03-at-12.11.54-1024x768.jpeg 1024w, https:\/\/elpalauetdelpriorat.com\/wp-content\/uploads\/2025\/08\/WhatsApp-Image-2025-06-03-at-12.11.54-300x225.jpeg 300w, https:\/\/elpalauetdelpriorat.com\/wp-content\/uploads\/2025\/08\/WhatsApp-Image-2025-06-03-at-12.11.54-768x576.jpeg 768w, https:\/\/elpalauetdelpriorat.com\/wp-content\/uploads\/2025\/08\/WhatsApp-Image-2025-06-03-at-12.11.54-1536x1152.jpeg 1536w, https:\/\/elpalauetdelpriorat.com\/wp-content\/uploads\/2025\/08\/WhatsApp-Image-2025-06-03-at-12.11.54-600x450.jpeg 600w, https:\/\/elpalauetdelpriorat.com\/wp-content\/uploads\/2025\/08\/WhatsApp-Image-2025-06-03-at-12.11.54.jpeg 1600w\" sizes=\"auto, (max-width: 1024px) 100vw, 1024px\" \/><\/figure>\n\n\n\n<figure class=\"wp-block-image size-large\"><img loading=\"lazy\" decoding=\"async\" width=\"768\" height=\"1024\" data-id=\"1507\" src=\"https:\/\/elpalauetdelpriorat.com\/wp-content\/uploads\/2025\/08\/WhatsApp-Image-2025-06-03-at-12.09.45-768x1024.jpeg\" alt=\"\" class=\"wp-image-1507\" srcset=\"https:\/\/elpalauetdelpriorat.com\/wp-content\/uploads\/2025\/08\/WhatsApp-Image-2025-06-03-at-12.09.45-768x1024.jpeg 768w, https:\/\/elpalauetdelpriorat.com\/wp-content\/uploads\/2025\/08\/WhatsApp-Image-2025-06-03-at-12.09.45-225x300.jpeg 225w, https:\/\/elpalauetdelpriorat.com\/wp-content\/uploads\/2025\/08\/WhatsApp-Image-2025-06-03-at-12.09.45-1152x1536.jpeg 1152w, https:\/\/elpalauetdelpriorat.com\/wp-content\/uploads\/2025\/08\/WhatsApp-Image-2025-06-03-at-12.09.45-600x800.jpeg 600w, https:\/\/elpalauetdelpriorat.com\/wp-content\/uploads\/2025\/08\/WhatsApp-Image-2025-06-03-at-12.09.45.jpeg 1200w\" sizes=\"auto, (max-width: 768px) 100vw, 768px\" \/><\/figure>\n\n\n\n<figure class=\"wp-block-image size-large\"><img loading=\"lazy\" decoding=\"async\" width=\"1024\" height=\"768\" data-id=\"1519\" src=\"https:\/\/elpalauetdelpriorat.com\/wp-content\/uploads\/2025\/08\/WhatsApp-Image-2025-06-03-at-12.09.14-1024x768.jpeg\" alt=\"\" class=\"wp-image-1519\" srcset=\"https:\/\/elpalauetdelpriorat.com\/wp-content\/uploads\/2025\/08\/WhatsApp-Image-2025-06-03-at-12.09.14-1024x768.jpeg 1024w, https:\/\/elpalauetdelpriorat.com\/wp-content\/uploads\/2025\/08\/WhatsApp-Image-2025-06-03-at-12.09.14-300x225.jpeg 300w, https:\/\/elpalauetdelpriorat.com\/wp-content\/uploads\/2025\/08\/WhatsApp-Image-2025-06-03-at-12.09.14-768x576.jpeg 768w, https:\/\/elpalauetdelpriorat.com\/wp-content\/uploads\/2025\/08\/WhatsApp-Image-2025-06-03-at-12.09.14-1536x1152.jpeg 1536w, https:\/\/elpalauetdelpriorat.com\/wp-content\/uploads\/2025\/08\/WhatsApp-Image-2025-06-03-at-12.09.14-600x450.jpeg 600w, https:\/\/elpalauetdelpriorat.com\/wp-content\/uploads\/2025\/08\/WhatsApp-Image-2025-06-03-at-12.09.14.jpeg 1600w\" sizes=\"auto, (max-width: 1024px) 100vw, 1024px\" \/><\/figure>\n\n\n\n<figure class=\"wp-block-image size-large\"><img loading=\"lazy\" decoding=\"async\" width=\"1024\" height=\"768\" data-id=\"1513\" src=\"https:\/\/elpalauetdelpriorat.com\/wp-content\/uploads\/2025\/08\/WhatsApp-Image-2025-06-03-at-12.09.15-1024x768.jpeg\" alt=\"\" class=\"wp-image-1513\" srcset=\"https:\/\/elpalauetdelpriorat.com\/wp-content\/uploads\/2025\/08\/WhatsApp-Image-2025-06-03-at-12.09.15-1024x768.jpeg 1024w, https:\/\/elpalauetdelpriorat.com\/wp-content\/uploads\/2025\/08\/WhatsApp-Image-2025-06-03-at-12.09.15-300x225.jpeg 300w, https:\/\/elpalauetdelpriorat.com\/wp-content\/uploads\/2025\/08\/WhatsApp-Image-2025-06-03-at-12.09.15-768x576.jpeg 768w, https:\/\/elpalauetdelpriorat.com\/wp-content\/uploads\/2025\/08\/WhatsApp-Image-2025-06-03-at-12.09.15-1536x1152.jpeg 1536w, https:\/\/elpalauetdelpriorat.com\/wp-content\/uploads\/2025\/08\/WhatsApp-Image-2025-06-03-at-12.09.15-600x450.jpeg 600w, https:\/\/elpalauetdelpriorat.com\/wp-content\/uploads\/2025\/08\/WhatsApp-Image-2025-06-03-at-12.09.15.jpeg 1600w\" sizes=\"auto, (max-width: 1024px) 100vw, 1024px\" \/><\/figure>\n<\/figure>\n\n\n\n<h2 class=\"wp-block-heading has-theme-palette-3-color has-text-color has-link-color wp-elements-9604c267188fdb7a9001ca276269eb1b\">C\u00e9l\u00e9brations<\/h2>\n\n\n\n<figure class=\"wp-block-gallery has-nested-images columns-default is-cropped wp-block-gallery-2 is-layout-flex wp-block-gallery-is-layout-flex\">\n<figure class=\"wp-block-image size-large\"><img loading=\"lazy\" decoding=\"async\" width=\"1024\" height=\"768\" data-id=\"1495\" src=\"https:\/\/elpalauetdelpriorat.com\/wp-content\/uploads\/2025\/08\/WhatsApp-Image-2025-06-03-at-12.11.55-1024x768.jpeg\" alt=\"\" class=\"wp-image-1495\" srcset=\"https:\/\/elpalauetdelpriorat.com\/wp-content\/uploads\/2025\/08\/WhatsApp-Image-2025-06-03-at-12.11.55-1024x768.jpeg 1024w, https:\/\/elpalauetdelpriorat.com\/wp-content\/uploads\/2025\/08\/WhatsApp-Image-2025-06-03-at-12.11.55-300x225.jpeg 300w, https:\/\/elpalauetdelpriorat.com\/wp-content\/uploads\/2025\/08\/WhatsApp-Image-2025-06-03-at-12.11.55-768x576.jpeg 768w, https:\/\/elpalauetdelpriorat.com\/wp-content\/uploads\/2025\/08\/WhatsApp-Image-2025-06-03-at-12.11.55-1536x1152.jpeg 1536w, https:\/\/elpalauetdelpriorat.com\/wp-content\/uploads\/2025\/08\/WhatsApp-Image-2025-06-03-at-12.11.55-600x450.jpeg 600w, https:\/\/elpalauetdelpriorat.com\/wp-content\/uploads\/2025\/08\/WhatsApp-Image-2025-06-03-at-12.11.55.jpeg 2048w\" sizes=\"auto, (max-width: 1024px) 100vw, 1024px\" \/><\/figure>\n\n\n\n<figure class=\"wp-block-image size-large\"><img loading=\"lazy\" decoding=\"async\" width=\"1024\" height=\"768\" data-id=\"1489\" src=\"https:\/\/elpalauetdelpriorat.com\/wp-content\/uploads\/2025\/08\/WhatsApp-Image-2025-06-03-at-12.11.55-1-1024x768.jpeg\" alt=\"\" class=\"wp-image-1489\" srcset=\"https:\/\/elpalauetdelpriorat.com\/wp-content\/uploads\/2025\/08\/WhatsApp-Image-2025-06-03-at-12.11.55-1-1024x768.jpeg 1024w, https:\/\/elpalauetdelpriorat.com\/wp-content\/uploads\/2025\/08\/WhatsApp-Image-2025-06-03-at-12.11.55-1-300x225.jpeg 300w, https:\/\/elpalauetdelpriorat.com\/wp-content\/uploads\/2025\/08\/WhatsApp-Image-2025-06-03-at-12.11.55-1-768x576.jpeg 768w, https:\/\/elpalauetdelpriorat.com\/wp-content\/uploads\/2025\/08\/WhatsApp-Image-2025-06-03-at-12.11.55-1-1536x1152.jpeg 1536w, https:\/\/elpalauetdelpriorat.com\/wp-content\/uploads\/2025\/08\/WhatsApp-Image-2025-06-03-at-12.11.55-1-600x450.jpeg 600w, https:\/\/elpalauetdelpriorat.com\/wp-content\/uploads\/2025\/08\/WhatsApp-Image-2025-06-03-at-12.11.55-1.jpeg 2048w\" sizes=\"auto, (max-width: 1024px) 100vw, 1024px\" \/><\/figure>\n\n\n\n<figure class=\"wp-block-image size-large\"><img loading=\"lazy\" decoding=\"async\" width=\"768\" height=\"1024\" data-id=\"1483\" src=\"https:\/\/elpalauetdelpriorat.com\/wp-content\/uploads\/2025\/08\/WhatsApp-Image-2025-06-03-at-12.14.31-768x1024.jpeg\" alt=\"\" class=\"wp-image-1483\" srcset=\"https:\/\/elpalauetdelpriorat.com\/wp-content\/uploads\/2025\/08\/WhatsApp-Image-2025-06-03-at-12.14.31-768x1024.jpeg 768w, https:\/\/elpalauetdelpriorat.com\/wp-content\/uploads\/2025\/08\/WhatsApp-Image-2025-06-03-at-12.14.31-225x300.jpeg 225w, https:\/\/elpalauetdelpriorat.com\/wp-content\/uploads\/2025\/08\/WhatsApp-Image-2025-06-03-at-12.14.31-1152x1536.jpeg 1152w, https:\/\/elpalauetdelpriorat.com\/wp-content\/uploads\/2025\/08\/WhatsApp-Image-2025-06-03-at-12.14.31-600x800.jpeg 600w, https:\/\/elpalauetdelpriorat.com\/wp-content\/uploads\/2025\/08\/WhatsApp-Image-2025-06-03-at-12.14.31.jpeg 1536w\" sizes=\"auto, (max-width: 768px) 100vw, 768px\" \/><\/figure>\n\n\n\n<figure class=\"wp-block-image size-large\"><img loading=\"lazy\" decoding=\"async\" width=\"1024\" height=\"768\" data-id=\"1477\" src=\"https:\/\/elpalauetdelpriorat.com\/wp-content\/uploads\/2025\/08\/WhatsApp-Image-2025-06-03-at-12.14.32-1024x768.jpeg\" alt=\"\" class=\"wp-image-1477\" srcset=\"https:\/\/elpalauetdelpriorat.com\/wp-content\/uploads\/2025\/08\/WhatsApp-Image-2025-06-03-at-12.14.32-1024x768.jpeg 1024w, https:\/\/elpalauetdelpriorat.com\/wp-content\/uploads\/2025\/08\/WhatsApp-Image-2025-06-03-at-12.14.32-300x225.jpeg 300w, https:\/\/elpalauetdelpriorat.com\/wp-content\/uploads\/2025\/08\/WhatsApp-Image-2025-06-03-at-12.14.32-768x576.jpeg 768w, https:\/\/elpalauetdelpriorat.com\/wp-content\/uploads\/2025\/08\/WhatsApp-Image-2025-06-03-at-12.14.32-1536x1152.jpeg 1536w, https:\/\/elpalauetdelpriorat.com\/wp-content\/uploads\/2025\/08\/WhatsApp-Image-2025-06-03-at-12.14.32-600x450.jpeg 600w, https:\/\/elpalauetdelpriorat.com\/wp-content\/uploads\/2025\/08\/WhatsApp-Image-2025-06-03-at-12.14.32.jpeg 2048w\" sizes=\"auto, (max-width: 1024px) 100vw, 1024px\" \/><\/figure>\n\n\n\n<figure class=\"wp-block-image size-large\"><img loading=\"lazy\" decoding=\"async\" width=\"1024\" height=\"617\" data-id=\"1471\" src=\"https:\/\/elpalauetdelpriorat.com\/wp-content\/uploads\/2025\/08\/WhatsApp-Image-2025-06-03-at-12.15.13-1024x617.jpeg\" alt=\"\" class=\"wp-image-1471\" srcset=\"https:\/\/elpalauetdelpriorat.com\/wp-content\/uploads\/2025\/08\/WhatsApp-Image-2025-06-03-at-12.15.13-1024x617.jpeg 1024w, https:\/\/elpalauetdelpriorat.com\/wp-content\/uploads\/2025\/08\/WhatsApp-Image-2025-06-03-at-12.15.13-300x181.jpeg 300w, https:\/\/elpalauetdelpriorat.com\/wp-content\/uploads\/2025\/08\/WhatsApp-Image-2025-06-03-at-12.15.13-768x463.jpeg 768w, https:\/\/elpalauetdelpriorat.com\/wp-content\/uploads\/2025\/08\/WhatsApp-Image-2025-06-03-at-12.15.13-1536x926.jpeg 1536w, https:\/\/elpalauetdelpriorat.com\/wp-content\/uploads\/2025\/08\/WhatsApp-Image-2025-06-03-at-12.15.13-600x362.jpeg 600w, https:\/\/elpalauetdelpriorat.com\/wp-content\/uploads\/2025\/08\/WhatsApp-Image-2025-06-03-at-12.15.13.jpeg 2048w\" sizes=\"auto, (max-width: 1024px) 100vw, 1024px\" \/><\/figure>\n\n\n\n<figure class=\"wp-block-image size-large\"><img loading=\"lazy\" decoding=\"async\" width=\"768\" height=\"1024\" data-id=\"1465\" src=\"https:\/\/elpalauetdelpriorat.com\/wp-content\/uploads\/2025\/08\/WhatsApp-Image-2025-06-03-at-12.16.49-768x1024.jpeg\" alt=\"\" class=\"wp-image-1465\" srcset=\"https:\/\/elpalauetdelpriorat.com\/wp-content\/uploads\/2025\/08\/WhatsApp-Image-2025-06-03-at-12.16.49-768x1024.jpeg 768w, https:\/\/elpalauetdelpriorat.com\/wp-content\/uploads\/2025\/08\/WhatsApp-Image-2025-06-03-at-12.16.49-225x300.jpeg 225w, https:\/\/elpalauetdelpriorat.com\/wp-content\/uploads\/2025\/08\/WhatsApp-Image-2025-06-03-at-12.16.49-1152x1536.jpeg 1152w, https:\/\/elpalauetdelpriorat.com\/wp-content\/uploads\/2025\/08\/WhatsApp-Image-2025-06-03-at-12.16.49-600x800.jpeg 600w, https:\/\/elpalauetdelpriorat.com\/wp-content\/uploads\/2025\/08\/WhatsApp-Image-2025-06-03-at-12.16.49.jpeg 1536w\" sizes=\"auto, (max-width: 768px) 100vw, 768px\" \/><\/figure>\n\n\n\n<figure class=\"wp-block-image size-large\"><img loading=\"lazy\" decoding=\"async\" width=\"768\" height=\"1024\" data-id=\"1459\" src=\"https:\/\/elpalauetdelpriorat.com\/wp-content\/uploads\/2025\/08\/WhatsApp-Image-2025-06-03-at-12.17.24-768x1024.jpeg\" alt=\"\" class=\"wp-image-1459\" srcset=\"https:\/\/elpalauetdelpriorat.com\/wp-content\/uploads\/2025\/08\/WhatsApp-Image-2025-06-03-at-12.17.24-768x1024.jpeg 768w, https:\/\/elpalauetdelpriorat.com\/wp-content\/uploads\/2025\/08\/WhatsApp-Image-2025-06-03-at-12.17.24-225x300.jpeg 225w, https:\/\/elpalauetdelpriorat.com\/wp-content\/uploads\/2025\/08\/WhatsApp-Image-2025-06-03-at-12.17.24-1152x1536.jpeg 1152w, https:\/\/elpalauetdelpriorat.com\/wp-content\/uploads\/2025\/08\/WhatsApp-Image-2025-06-03-at-12.17.24-600x800.jpeg 600w, https:\/\/elpalauetdelpriorat.com\/wp-content\/uploads\/2025\/08\/WhatsApp-Image-2025-06-03-at-12.17.24.jpeg 1536w\" sizes=\"auto, (max-width: 768px) 100vw, 768px\" \/><\/figure>\n\n\n\n<figure class=\"wp-block-image size-large\"><img loading=\"lazy\" decoding=\"async\" width=\"768\" height=\"1024\" data-id=\"1453\" src=\"https:\/\/elpalauetdelpriorat.com\/wp-content\/uploads\/2025\/08\/WhatsApp-Image-2025-06-03-at-12.36.32-768x1024.jpeg\" alt=\"\" class=\"wp-image-1453\" srcset=\"https:\/\/elpalauetdelpriorat.com\/wp-content\/uploads\/2025\/08\/WhatsApp-Image-2025-06-03-at-12.36.32-768x1024.jpeg 768w, https:\/\/elpalauetdelpriorat.com\/wp-content\/uploads\/2025\/08\/WhatsApp-Image-2025-06-03-at-12.36.32-225x300.jpeg 225w, https:\/\/elpalauetdelpriorat.com\/wp-content\/uploads\/2025\/08\/WhatsApp-Image-2025-06-03-at-12.36.32-1152x1536.jpeg 1152w, https:\/\/elpalauetdelpriorat.com\/wp-content\/uploads\/2025\/08\/WhatsApp-Image-2025-06-03-at-12.36.32-1536x2048.jpeg 1536w, https:\/\/elpalauetdelpriorat.com\/wp-content\/uploads\/2025\/08\/WhatsApp-Image-2025-06-03-at-12.36.32-600x800.jpeg 600w, https:\/\/elpalauetdelpriorat.com\/wp-content\/uploads\/2025\/08\/WhatsApp-Image-2025-06-03-at-12.36.32-scaled.jpeg 1920w\" sizes=\"auto, (max-width: 768px) 100vw, 768px\" \/><\/figure>\n<\/figure>\n\n\n\n<h2 class=\"wp-block-heading has-theme-palette-3-color has-text-color has-link-color wp-elements-43c59d440fc113f329aaae962da097c7\">Mariages<\/h2>\n\n\n\n<figure class=\"wp-block-gallery has-nested-images columns-default is-cropped wp-block-gallery-3 is-layout-flex wp-block-gallery-is-layout-flex\">\n<figure class=\"wp-block-image size-large\"><img loading=\"lazy\" decoding=\"async\" width=\"732\" height=\"1024\" data-id=\"1549\" src=\"https:\/\/elpalauetdelpriorat.com\/wp-content\/uploads\/2025\/08\/WhatsApp-Image-2025-06-03-at-12.04.31.jpeg\" alt=\"\" class=\"wp-image-1549\" srcset=\"https:\/\/elpalauetdelpriorat.com\/wp-content\/uploads\/2025\/08\/WhatsApp-Image-2025-06-03-at-12.04.31.jpeg 732w, https:\/\/elpalauetdelpriorat.com\/wp-content\/uploads\/2025\/08\/WhatsApp-Image-2025-06-03-at-12.04.31-214x300.jpeg 214w, https:\/\/elpalauetdelpriorat.com\/wp-content\/uploads\/2025\/08\/WhatsApp-Image-2025-06-03-at-12.04.31-600x839.jpeg 600w\" sizes=\"auto, (max-width: 732px) 100vw, 732px\" \/><\/figure>\n\n\n\n<figure class=\"wp-block-image size-large\"><img loading=\"lazy\" decoding=\"async\" width=\"768\" height=\"1024\" data-id=\"1531\" src=\"https:\/\/elpalauetdelpriorat.com\/wp-content\/uploads\/2025\/08\/WhatsApp-Image-2025-06-03-at-12.04.33-768x1024.jpeg\" alt=\"\" class=\"wp-image-1531\" srcset=\"https:\/\/elpalauetdelpriorat.com\/wp-content\/uploads\/2025\/08\/WhatsApp-Image-2025-06-03-at-12.04.33-768x1024.jpeg 768w, https:\/\/elpalauetdelpriorat.com\/wp-content\/uploads\/2025\/08\/WhatsApp-Image-2025-06-03-at-12.04.33-225x300.jpeg 225w, https:\/\/elpalauetdelpriorat.com\/wp-content\/uploads\/2025\/08\/WhatsApp-Image-2025-06-03-at-12.04.33-1152x1536.jpeg 1152w, https:\/\/elpalauetdelpriorat.com\/wp-content\/uploads\/2025\/08\/WhatsApp-Image-2025-06-03-at-12.04.33-600x800.jpeg 600w, https:\/\/elpalauetdelpriorat.com\/wp-content\/uploads\/2025\/08\/WhatsApp-Image-2025-06-03-at-12.04.33.jpeg 1536w\" sizes=\"auto, (max-width: 768px) 100vw, 768px\" \/><\/figure>\n\n\n\n<figure class=\"wp-block-image size-large\"><img loading=\"lazy\" decoding=\"async\" width=\"683\" height=\"1024\" data-id=\"1543\" src=\"https:\/\/elpalauetdelpriorat.com\/wp-content\/uploads\/2025\/08\/WhatsApp-Image-2025-06-03-at-12.04.31-1.jpeg\" alt=\"\" class=\"wp-image-1543\" srcset=\"https:\/\/elpalauetdelpriorat.com\/wp-content\/uploads\/2025\/08\/WhatsApp-Image-2025-06-03-at-12.04.31-1.jpeg 683w, https:\/\/elpalauetdelpriorat.com\/wp-content\/uploads\/2025\/08\/WhatsApp-Image-2025-06-03-at-12.04.31-1-200x300.jpeg 200w, https:\/\/elpalauetdelpriorat.com\/wp-content\/uploads\/2025\/08\/WhatsApp-Image-2025-06-03-at-12.04.31-1-600x900.jpeg 600w\" sizes=\"auto, (max-width: 683px) 100vw, 683px\" \/><\/figure>\n\n\n\n<figure class=\"wp-block-image size-large\"><img loading=\"lazy\" decoding=\"async\" width=\"683\" height=\"1024\" data-id=\"1537\" src=\"https:\/\/elpalauetdelpriorat.com\/wp-content\/uploads\/2025\/08\/WhatsApp-Image-2025-06-03-at-12.04.32-683x1024.jpeg\" alt=\"\" class=\"wp-image-1537\" srcset=\"https:\/\/elpalauetdelpriorat.com\/wp-content\/uploads\/2025\/08\/WhatsApp-Image-2025-06-03-at-12.04.32-683x1024.jpeg 683w, https:\/\/elpalauetdelpriorat.com\/wp-content\/uploads\/2025\/08\/WhatsApp-Image-2025-06-03-at-12.04.32-200x300.jpeg 200w, https:\/\/elpalauetdelpriorat.com\/wp-content\/uploads\/2025\/08\/WhatsApp-Image-2025-06-03-at-12.04.32-768x1152.jpeg 768w, https:\/\/elpalauetdelpriorat.com\/wp-content\/uploads\/2025\/08\/WhatsApp-Image-2025-06-03-at-12.04.32-1024x1536.jpeg 1024w, https:\/\/elpalauetdelpriorat.com\/wp-content\/uploads\/2025\/08\/WhatsApp-Image-2025-06-03-at-12.04.32-600x900.jpeg 600w, https:\/\/elpalauetdelpriorat.com\/wp-content\/uploads\/2025\/08\/WhatsApp-Image-2025-06-03-at-12.04.32.jpeg 1067w\" sizes=\"auto, (max-width: 683px) 100vw, 683px\" \/><\/figure>\n<\/figure>\n<\/div><\/div>\n","protected":false},"excerpt":{"rendered":"<p>R\u00e9unions d&rsquo;entreprise, mariages intimes, c\u00e9l\u00e9brations familiales&#8230; El Palauet del Priorat se transforme en tout ce que vous imaginez. Espaces polyvalents. Ici, tout peut arriver, il suffit de le vouloir\u2026<\/p>\n","protected":false},"author":1,"featured_media":0,"parent":0,"menu_order":0,"comment_status":"closed","ping_status":"closed","template":"","meta":{"_kad_post_transparent":"","_kad_post_title":"","_kad_post_layout":"","_kad_post_sidebar_id":"","_kad_post_content_style":"","_kad_post_vertical_padding":"","_kad_post_feature":"","_kad_post_feature_position":"","_kad_post_header":false,"_kad_post_footer":false,"_kad_post_classname":"","footnotes":""},"class_list":["post-1148","page","type-page","status-publish","hentry"],"_links":{"self":[{"href":"https:\/\/elpalauetdelpriorat.com\/fr\/wp-json\/wp\/v2\/pages\/1148","targetHints":{"allow":["GET"]}}],"collection":[{"href":"https:\/\/elpalauetdelpriorat.com\/fr\/wp-json\/wp\/v2\/pages"}],"about":[{"href":"https:\/\/elpalauetdelpriorat.com\/fr\/wp-json\/wp\/v2\/types\/page"}],"author":[{"embeddable":true,"href":"https:\/\/elpalauetdelpriorat.com\/fr\/wp-json\/wp\/v2\/users\/1"}],"replies":[{"embeddable":true,"href":"https:\/\/elpalauetdelpriorat.com\/fr\/wp-json\/wp\/v2\/comments?post=1148"}],"version-history":[{"count":8,"href":"https:\/\/elpalauetdelpriorat.com\/fr\/wp-json\/wp\/v2\/pages\/1148\/revisions"}],"predecessor-version":[{"id":1624,"href":"https:\/\/elpalauetdelpriorat.com\/fr\/wp-json\/wp\/v2\/pages\/1148\/revisions\/1624"}],"wp:attachment":[{"href":"https:\/\/elpalauetdelpriorat.com\/fr\/wp-json\/wp\/v2\/media?parent=1148"}],"curies":[{"name":"wp","href":"https:\/\/api.w.org\/{rel}","templated":true}]}}