{"id":1299,"date":"2025-04-10T16:16:01","date_gmt":"2025-04-10T14:16:01","guid":{"rendered":"https:\/\/elpalauetdelpriorat.com\/producto\/pack-essenz-des-priorat\/"},"modified":"2026-04-10T09:20:01","modified_gmt":"2026-04-10T07:20:01","slug":"pack-essenz-des-priorat","status":"publish","type":"product","link":"https:\/\/elpalauetdelpriorat.com\/de\/producto\/pack-essenz-des-priorat\/","title":{"rendered":"PACK ESSENZ DES PRIORAT"},"content":{"rendered":"<p><strong>Der Preis beinhaltet:<\/strong><\/p>\n<ul style=\"font-size: 10px;\">\n<li>Kurtaxe und 10% MwSt.<\/li>\n<li>Die Empf\u00e4nger des Geschenkgutscheins sind diejenigen, die anrufen, um im Voraus zu reservieren.<\/li>\n<li>Beinhaltet eine pers\u00f6nliche touristische Betreuung der G\u00e4ste, damit diese ihren Aufenthalt optimal nutzen k\u00f6nnen.<\/li>\n<li>Der Geschenkgutschein wird dem K\u00e4ufer per E-Mail mit einer Brosch\u00fcre und touristischen Karten der Region mit allen Sehensw\u00fcrdigkeiten zugesandt.<\/li>\n<li>Die Reservierung gilt f\u00fcr 2 Personen.<\/li>\n<\/ul>\n","protected":false},"excerpt":{"rendered":"<p>Dinner mit Weinbegleitung + ma\u00dfgeschneiderte Verkostung + \u00dcbernachtung im Deluxe-Zimmer + KM0-Fr\u00fchst\u00fcck<\/p>\n<ul>\n<li>Men\u00fc mit Weinbegleitung mit 3 G\u00e4ngen, 3 Weinen und Bio-\u00d6len.<\/li>\n<li>Massgeschneiderte Verkostung der besten Weine aus Priorat und Montsant in unserem Terra del Priorat-Bereich.<\/li>\n<li>\u00dcbernachtung im Deluxe-Zimmer oder Suite.<\/li>\n<li>Fr\u00fchst\u00fcck mit Bio-Wurstwaren, hausgemachten Marmeladen und Kuchen, handwerklichem K\u00e4se, nat\u00fcrlichen Orangens\u00e4ften, Eiern von freilaufenden H\u00fchnern\u2026<\/li>\n<\/ul>\n<p><em>Gutschein ist 1 Jahr g\u00fcltig.<\/em><\/p>\n","protected":false},"featured_media":994,"template":"","meta":{"_kad_post_transparent":"","_kad_post_title":"","_kad_post_layout":"","_kad_post_sidebar_id":"","_kad_post_content_style":"","_kad_post_vertical_padding":"","_kad_post_feature":"","_kad_post_feature_position":"","_kad_post_header":false,"_kad_post_footer":false,"_kad_post_classname":""},"product_brand":[],"product_cat":[43],"product_tag":[],"class_list":{"0":"post-1299","1":"product","2":"type-product","3":"status-publish","4":"has-post-thumbnail","6":"product_cat-packs-de","8":"first","9":"instock","10":"virtual","11":"taxable","12":"purchasable","13":"product-type-simple","14":"entry","15":"content-bg","16":"loop-entry"},"_links":{"self":[{"href":"https:\/\/elpalauetdelpriorat.com\/de\/wp-json\/wp\/v2\/product\/1299","targetHints":{"allow":["GET"]}}],"collection":[{"href":"https:\/\/elpalauetdelpriorat.com\/de\/wp-json\/wp\/v2\/product"}],"about":[{"href":"https:\/\/elpalauetdelpriorat.com\/de\/wp-json\/wp\/v2\/types\/product"}],"wp:featuredmedia":[{"embeddable":true,"href":"https:\/\/elpalauetdelpriorat.com\/de\/wp-json\/wp\/v2\/media\/994"}],"wp:attachment":[{"href":"https:\/\/elpalauetdelpriorat.com\/de\/wp-json\/wp\/v2\/media?parent=1299"}],"wp:term":[{"taxonomy":"product_brand","embeddable":true,"href":"https:\/\/elpalauetdelpriorat.com\/de\/wp-json\/wp\/v2\/product_brand?post=1299"},{"taxonomy":"product_cat","embeddable":true,"href":"https:\/\/elpalauetdelpriorat.com\/de\/wp-json\/wp\/v2\/product_cat?post=1299"},{"taxonomy":"product_tag","embeddable":true,"href":"https:\/\/elpalauetdelpriorat.com\/de\/wp-json\/wp\/v2\/product_tag?post=1299"}],"curies":[{"name":"wp","href":"https:\/\/api.w.org\/{rel}","templated":true}]}}