{"id":1263,"date":"2025-04-10T15:39:54","date_gmt":"2025-04-10T13:39:54","guid":{"rendered":"https:\/\/elpalauetdelpriorat.com\/erlebnisse\/"},"modified":"2025-08-25T10:26:39","modified_gmt":"2025-08-25T08:26:39","slug":"erlebnisse","status":"publish","type":"page","link":"https:\/\/elpalauetdelpriorat.com\/de\/erlebnisse\/","title":{"rendered":"Erlebnisse"},"content":{"rendered":"\n<div class=\"wp-block-cover alignfull arriba\" style=\"min-height:736px;aspect-ratio:unset;\"><img loading=\"lazy\" decoding=\"async\" width=\"1000\" height=\"1000\" class=\"wp-block-cover__image-background wp-image-142\" alt=\"\" src=\"https:\/\/elpalauetdelpriorat.com\/wp-content\/uploads\/2025\/04\/experiencias-1.jpg\" data-object-fit=\"cover\" srcset=\"https:\/\/elpalauetdelpriorat.com\/wp-content\/uploads\/2025\/04\/experiencias-1.jpg 1000w, https:\/\/elpalauetdelpriorat.com\/wp-content\/uploads\/2025\/04\/experiencias-1-300x300.jpg 300w, https:\/\/elpalauetdelpriorat.com\/wp-content\/uploads\/2025\/04\/experiencias-1-100x100.jpg 100w, https:\/\/elpalauetdelpriorat.com\/wp-content\/uploads\/2025\/04\/experiencias-1-600x600.jpg 600w, https:\/\/elpalauetdelpriorat.com\/wp-content\/uploads\/2025\/04\/experiencias-1-150x150.jpg 150w, https:\/\/elpalauetdelpriorat.com\/wp-content\/uploads\/2025\/04\/experiencias-1-768x768.jpg 768w\" sizes=\"auto, (max-width: 1000px) 100vw, 1000px\" \/><span aria-hidden=\"true\" class=\"wp-block-cover__background has-theme-palette-3-background-color has-background-dim-30 has-background-dim\"><\/span><div class=\"wp-block-cover__inner-container is-layout-constrained wp-block-cover-is-layout-constrained\">\n<p class=\"has-text-align-center has-theme-palette-9-color has-text-color has-link-color has-large-font-size wp-elements-b840d66fb2569bccb271eecb95aa4840\">ERLEBNISSE<\/p>\n<\/div><\/div>\n\n<div class=\"wp-block-buttons botones is-content-justification-center is-layout-flex wp-container-core-buttons-is-layout-16018d1d wp-block-buttons-is-layout-flex\">\n<div class=\"wp-block-button\"><a class=\"wp-block-button__link has-theme-palette-3-color has-theme-palette-9-background-color has-text-color has-background has-link-color has-small-font-size has-custom-font-size wp-element-button\" href=\"https:\/\/elpalauetdelpriorat.com\/de\/reservierungen\/\">JETZT BUCHEN<\/a><\/div>\n\n\n\n<div class=\"wp-block-button\"><a class=\"wp-block-button__link has-small-font-size has-custom-font-size wp-element-button\" href=\"https:\/\/elpalauetdelpriorat.com\/de\/reservierungen\/\">VERF\u00dcGBARKEIT PR\u00dcFEN<\/a><\/div>\n<\/div>\n\n<div class=\"wp-block-columns are-vertically-aligned-center is-layout-flex wp-container-core-columns-is-layout-2d85a6ef wp-block-columns-is-layout-flex\" style=\"margin-top:var(--wp--preset--spacing--80);margin-bottom:var(--wp--preset--spacing--80)\">\n<div class=\"wp-block-column is-vertically-aligned-center is-layout-flow wp-block-column-is-layout-flow\" style=\"padding-right:var(--wp--preset--spacing--80);padding-left:var(--wp--preset--spacing--80)\">\n<h2 class=\"wp-block-heading has-xxlarge-font-size\">Ruhe, Komfort und vollkommene Harmonie<\/h2>\n<\/div>\n\n\n\n<div class=\"wp-block-column is-vertically-aligned-center is-layout-flow wp-block-column-is-layout-flow\">\n<p>Alles kann passieren, man muss es sich nur w\u00fcnschen. Nehmen Sie fr\u00fchzeitig Kontakt mit uns auf, wenn Sie Ihre Reservierung vornehmen. Wir gestalten Ihren Aufenthalt zu einem Erlebnis f\u00fcr die Erweckung der SINNE.  <\/p>\n<\/div>\n<\/div>\n\n<div class=\"wp-block-cover aligncenter has-theme-palette-3-color has-text-color has-link-color wp-elements-e2415bf99107fe5939fe167c4ba6472d\" style=\"padding-top:var(--wp--preset--spacing--80);padding-bottom:var(--wp--preset--spacing--80)\"><span aria-hidden=\"true\" class=\"wp-block-cover__background has-theme-palette-9-background-color has-background-dim-100 has-background-dim\"><\/span><div class=\"wp-block-cover__inner-container is-layout-constrained wp-block-cover-is-layout-constrained\">\n<div class=\"wp-block-columns columnas is-layout-flex wp-container-core-columns-is-layout-9d6595d7 wp-block-columns-is-layout-flex\">\n<div class=\"wp-block-column is-layout-flow wp-block-column-is-layout-flow\">\n<figure class=\"wp-block-image size-large\"><img loading=\"lazy\" decoding=\"async\" width=\"1024\" height=\"768\" src=\"https:\/\/elpalauetdelpriorat.com\/wp-content\/uploads\/2025\/04\/wine-1024x768.jpg\" alt=\"\" class=\"wp-image-155\" style=\"aspect-ratio:4\/3;object-fit:cover\" srcset=\"https:\/\/elpalauetdelpriorat.com\/wp-content\/uploads\/2025\/04\/wine-1024x768.jpg 1024w, https:\/\/elpalauetdelpriorat.com\/wp-content\/uploads\/2025\/04\/wine-600x450.jpg 600w, https:\/\/elpalauetdelpriorat.com\/wp-content\/uploads\/2025\/04\/wine-300x225.jpg 300w, https:\/\/elpalauetdelpriorat.com\/wp-content\/uploads\/2025\/04\/wine-768x576.jpg 768w, https:\/\/elpalauetdelpriorat.com\/wp-content\/uploads\/2025\/04\/wine.jpg 1440w\" sizes=\"auto, (max-width: 1024px) 100vw, 1024px\" \/><\/figure>\n\n\n\n<h3 class=\"wp-block-heading has-text-align-center\">WEINTOURISMUS<\/h3>\n\n\n\n<p class=\"has-text-align-center estilo\">Informieren Sie sich \u00fcber die gef\u00fchrten Besichtigungen der Weing\u00fcter in dieser privilegierten Umgebung wie D.O. Montsant-D.O.Q. Priorat und profitieren Sie von unseren Sondervereinbarungen f\u00fcr Kunden. Ein Erlebnis, bei dem Sie Ihren Sinnen freien Lauf lassen und die Wurzeln unserer Weinbautradition verstehen k\u00f6nnen.  <\/p>\n<\/div>\n\n\n\n<div class=\"wp-block-column is-layout-flow wp-block-column-is-layout-flow\">\n<figure class=\"wp-block-image size-full\"><img loading=\"lazy\" decoding=\"async\" width=\"1600\" height=\"1200\" src=\"https:\/\/elpalauetdelpriorat.com\/wp-content\/uploads\/2025\/08\/WhatsApp-Image-2025-08-25-at-08.16.37.jpeg\" alt=\"\" class=\"wp-image-21709\" style=\"aspect-ratio:4\/3;object-fit:cover\" srcset=\"https:\/\/elpalauetdelpriorat.com\/wp-content\/uploads\/2025\/08\/WhatsApp-Image-2025-08-25-at-08.16.37.jpeg 1600w, https:\/\/elpalauetdelpriorat.com\/wp-content\/uploads\/2025\/08\/WhatsApp-Image-2025-08-25-at-08.16.37-300x225.jpeg 300w, https:\/\/elpalauetdelpriorat.com\/wp-content\/uploads\/2025\/08\/WhatsApp-Image-2025-08-25-at-08.16.37-1024x768.jpeg 1024w, https:\/\/elpalauetdelpriorat.com\/wp-content\/uploads\/2025\/08\/WhatsApp-Image-2025-08-25-at-08.16.37-768x576.jpeg 768w, https:\/\/elpalauetdelpriorat.com\/wp-content\/uploads\/2025\/08\/WhatsApp-Image-2025-08-25-at-08.16.37-1536x1152.jpeg 1536w, https:\/\/elpalauetdelpriorat.com\/wp-content\/uploads\/2025\/08\/WhatsApp-Image-2025-08-25-at-08.16.37-600x450.jpeg 600w\" sizes=\"auto, (max-width: 1600px) 100vw, 1600px\" \/><\/figure>\n\n\n\n<h3 class=\"wp-block-heading has-text-align-center\">4X4-ROUTEN<\/h3>\n\n\n\n<p>Wir kommen sehr weit, die besten 4\u00d74-Offroad-Routen durch die Berge von Siurana, Prades, Montsant und Priorat.<\/p>\n\n\n\n<p class=\"has-text-align-center estilo\">Natur inmitten von Weinbergen, traumhafte Landschaften, kombinieren Sie dies mit unserem Picknickkorb und lassen Sie sich von den Emotionen mitrei\u00dfen.<\/p>\n<\/div>\n\n\n\n<div class=\"wp-block-column is-layout-flow wp-block-column-is-layout-flow\">\n<figure class=\"wp-block-image size-full\"><img loading=\"lazy\" decoding=\"async\" width=\"960\" height=\"720\" src=\"https:\/\/elpalauetdelpriorat.com\/wp-content\/uploads\/2025\/04\/bici.jpg\" alt=\"\" class=\"wp-image-153\" style=\"aspect-ratio:4\/3;object-fit:cover\" srcset=\"https:\/\/elpalauetdelpriorat.com\/wp-content\/uploads\/2025\/04\/bici.jpg 960w, https:\/\/elpalauetdelpriorat.com\/wp-content\/uploads\/2025\/04\/bici-600x450.jpg 600w, https:\/\/elpalauetdelpriorat.com\/wp-content\/uploads\/2025\/04\/bici-300x225.jpg 300w, https:\/\/elpalauetdelpriorat.com\/wp-content\/uploads\/2025\/04\/bici-768x576.jpg 768w\" sizes=\"auto, (max-width: 960px) 100vw, 960px\" \/><\/figure>\n\n\n\n<h3 class=\"wp-block-heading has-text-align-center\">AUF R\u00c4DERN<\/h3>\n\n\n\n<p>Entdecken Sie den Reichtum der Umgebung, indem Sie durch traumhafte Landschaften radeln, wir bieten Ihnen Routen an. Ben\u00f6tigen Sie Ausr\u00fcstung? Wir vermieten Ihnen die gesamte Ausr\u00fcstung und sogar einen F\u00fchrer.  <\/p>\n\n\n\n<p class=\"has-text-align-center estilo\">Kombinieren Sie es mit unserem Picknickkorb mit den Aromen der Erde.<\/p>\n<\/div>\n<\/div>\n\n\n\n<div class=\"wp-block-columns columnas is-layout-flex wp-container-core-columns-is-layout-9d6595d7 wp-block-columns-is-layout-flex\">\n<div class=\"wp-block-column is-layout-flow wp-block-column-is-layout-flow\">\n<figure class=\"wp-block-image size-full\"><img loading=\"lazy\" decoding=\"async\" width=\"1024\" height=\"768\" src=\"https:\/\/elpalauetdelpriorat.com\/wp-content\/uploads\/2025\/04\/descubreix.jpg\" alt=\"\" class=\"wp-image-152\" srcset=\"https:\/\/elpalauetdelpriorat.com\/wp-content\/uploads\/2025\/04\/descubreix.jpg 1024w, https:\/\/elpalauetdelpriorat.com\/wp-content\/uploads\/2025\/04\/descubreix-600x450.jpg 600w, https:\/\/elpalauetdelpriorat.com\/wp-content\/uploads\/2025\/04\/descubreix-300x225.jpg 300w, https:\/\/elpalauetdelpriorat.com\/wp-content\/uploads\/2025\/04\/descubreix-768x576.jpg 768w\" sizes=\"auto, (max-width: 1024px) 100vw, 1024px\" \/><\/figure>\n\n\n\n<h3 class=\"wp-block-heading has-text-align-center\">DAS PRIORAT ZU FUSS<\/h3>\n\n\n\n<p>F\u00fcr Naturliebhaber gibt es keinen besseren Weg, magische Orte, spektakul\u00e4re Pfade, Routen und H\u00f6hlen des Montsant, der Sierras de Prades und des Priorat zu Fu\u00df zu entdecken.<\/p>\n\n\n\n<p class=\"has-text-align-center estilo\">Wir erstellen f\u00fcr Sie die ideale Route. Vergessen Sie nicht, unseren Picknickkorb mitzunehmen, um die Aromen der Erde ohne Einschr\u00e4nkungen zu genie\u00dfen. <\/p>\n<\/div>\n\n\n\n<div class=\"wp-block-column is-layout-flow wp-block-column-is-layout-flow\">\n<figure class=\"wp-block-image size-large\"><img loading=\"lazy\" decoding=\"async\" width=\"1024\" height=\"768\" src=\"https:\/\/elpalauetdelpriorat.com\/wp-content\/uploads\/2025\/04\/anfiteatro-tarragona-1024x768.jpg\" alt=\"\" class=\"wp-image-151\" srcset=\"https:\/\/elpalauetdelpriorat.com\/wp-content\/uploads\/2025\/04\/anfiteatro-tarragona-1024x768.jpg 1024w, https:\/\/elpalauetdelpriorat.com\/wp-content\/uploads\/2025\/04\/anfiteatro-tarragona-600x450.jpg 600w, https:\/\/elpalauetdelpriorat.com\/wp-content\/uploads\/2025\/04\/anfiteatro-tarragona-300x225.jpg 300w, https:\/\/elpalauetdelpriorat.com\/wp-content\/uploads\/2025\/04\/anfiteatro-tarragona-768x576.jpg 768w, https:\/\/elpalauetdelpriorat.com\/wp-content\/uploads\/2025\/04\/anfiteatro-tarragona.jpg 1440w\" sizes=\"auto, (max-width: 1024px) 100vw, 1024px\" \/><\/figure>\n\n\n\n<h3 class=\"wp-block-heading has-text-align-center\">KULTURELLE BEREICHERUNG<\/h3>\n\n\n\n<p class=\"has-text-align-center estilo has-theme-palette-3-color has-text-color has-link-color wp-elements-b9fc43370781b7a3d7acd23df87343ac\">\u2013 Theatralische F\u00fchrungen zur letzten Sarrazenenfestung.<br\/>\u2013 Genie\u00dfen Sie unterirdische Galerien.<br\/>\u2013 Besuche der Kartause von Escaladei, entdecke die erste Kartause der Halbinsel.<br\/>\u2013 Einsiedeleien, mystische Orte, Orte der Stille und Kontemplation.<br\/>\u2013 Charmante D\u00f6rfer: Siurana, Albarca, Prades\u2026<br\/>\u2013 Felsmalereien.<\/p>\n<\/div>\n\n\n\n<div class=\"wp-block-column is-layout-flow wp-block-column-is-layout-flow\">\n<figure class=\"wp-block-image size-full\"><img loading=\"lazy\" decoding=\"async\" width=\"640\" height=\"480\" src=\"https:\/\/elpalauetdelpriorat.com\/wp-content\/uploads\/2025\/04\/kayac.jpg\" alt=\"\" class=\"wp-image-150\" srcset=\"https:\/\/elpalauetdelpriorat.com\/wp-content\/uploads\/2025\/04\/kayac.jpg 640w, https:\/\/elpalauetdelpriorat.com\/wp-content\/uploads\/2025\/04\/kayac-600x450.jpg 600w, https:\/\/elpalauetdelpriorat.com\/wp-content\/uploads\/2025\/04\/kayac-300x225.jpg 300w\" sizes=\"auto, (max-width: 640px) 100vw, 640px\" \/><\/figure>\n\n\n\n<h3 class=\"wp-block-heading has-text-align-center\">KAJAK IN SIURANA<\/h3>\n\n\n\n<p class=\"has-text-align-center estilo\">Entdecken Sie als Paar oder Familie die Ecken, wohin Sie das Wasser des Stausees von Siurana bringt, Spa\u00df, eingetaucht in die Harmonie der Natur. Nehmen Sie Kontakt mit uns auf. <\/p>\n<\/div>\n<\/div>\n<\/div><\/div>\n","protected":false},"excerpt":{"rendered":"<p>Ruhe, Komfort und vollkommene Harmonie Alles kann passieren, man muss es sich nur w\u00fcnschen. Nehmen Sie fr\u00fchzeitig Kontakt mit uns auf, wenn Sie Ihre Reservierung vornehmen. Wir gestalten Ihren Aufenthalt zu einem Erlebnis f\u00fcr die Erweckung der SINNE.<\/p>\n","protected":false},"author":1,"featured_media":0,"parent":0,"menu_order":0,"comment_status":"closed","ping_status":"closed","template":"","meta":{"_kad_post_transparent":"","_kad_post_title":"","_kad_post_layout":"","_kad_post_sidebar_id":"","_kad_post_content_style":"","_kad_post_vertical_padding":"","_kad_post_feature":"","_kad_post_feature_position":"","_kad_post_header":false,"_kad_post_footer":false,"_kad_post_classname":"","footnotes":""},"class_list":["post-1263","page","type-page","status-publish","hentry"],"_links":{"self":[{"href":"https:\/\/elpalauetdelpriorat.com\/de\/wp-json\/wp\/v2\/pages\/1263","targetHints":{"allow":["GET"]}}],"collection":[{"href":"https:\/\/elpalauetdelpriorat.com\/de\/wp-json\/wp\/v2\/pages"}],"about":[{"href":"https:\/\/elpalauetdelpriorat.com\/de\/wp-json\/wp\/v2\/types\/page"}],"author":[{"embeddable":true,"href":"https:\/\/elpalauetdelpriorat.com\/de\/wp-json\/wp\/v2\/users\/1"}],"replies":[{"embeddable":true,"href":"https:\/\/elpalauetdelpriorat.com\/de\/wp-json\/wp\/v2\/comments?post=1263"}],"version-history":[{"count":3,"href":"https:\/\/elpalauetdelpriorat.com\/de\/wp-json\/wp\/v2\/pages\/1263\/revisions"}],"predecessor-version":[{"id":21719,"href":"https:\/\/elpalauetdelpriorat.com\/de\/wp-json\/wp\/v2\/pages\/1263\/revisions\/21719"}],"wp:attachment":[{"href":"https:\/\/elpalauetdelpriorat.com\/de\/wp-json\/wp\/v2\/media?parent=1263"}],"curies":[{"name":"wp","href":"https:\/\/api.w.org\/{rel}","templated":true}]}}