{"id":1242,"date":"2025-04-10T15:34:49","date_gmt":"2025-04-10T13:34:49","guid":{"rendered":"https:\/\/elpalauetdelpriorat.com\/dienstleistungen\/"},"modified":"2025-08-03T11:09:37","modified_gmt":"2025-08-03T09:09:37","slug":"dienstleistungen","status":"publish","type":"page","link":"https:\/\/elpalauetdelpriorat.com\/de\/dienstleistungen\/","title":{"rendered":"Dienstleistungen"},"content":{"rendered":"\n<div class=\"wp-block-cover alignfull arriba\" style=\"min-height:736px;aspect-ratio:unset;\"><span aria-hidden=\"true\" class=\"wp-block-cover__background has-theme-palette-3-background-color has-background-dim-30 has-background-dim\"><\/span><img loading=\"lazy\" decoding=\"async\" width=\"2000\" height=\"1333\" class=\"wp-block-cover__image-background wp-image-131\" alt=\"\" src=\"https:\/\/elpalauetdelpriorat.com\/wp-content\/uploads\/2025\/04\/sillas.jpg\" data-object-fit=\"cover\" srcset=\"https:\/\/elpalauetdelpriorat.com\/wp-content\/uploads\/2025\/04\/sillas.jpg 2000w, https:\/\/elpalauetdelpriorat.com\/wp-content\/uploads\/2025\/04\/sillas-600x400.jpg 600w, https:\/\/elpalauetdelpriorat.com\/wp-content\/uploads\/2025\/04\/sillas-300x200.jpg 300w, https:\/\/elpalauetdelpriorat.com\/wp-content\/uploads\/2025\/04\/sillas-1024x682.jpg 1024w, https:\/\/elpalauetdelpriorat.com\/wp-content\/uploads\/2025\/04\/sillas-768x512.jpg 768w, https:\/\/elpalauetdelpriorat.com\/wp-content\/uploads\/2025\/04\/sillas-1536x1024.jpg 1536w\" sizes=\"auto, (max-width: 2000px) 100vw, 2000px\" \/><div class=\"wp-block-cover__inner-container is-layout-constrained wp-block-cover-is-layout-constrained\">\n<p class=\"has-text-align-center has-theme-palette-9-color has-text-color has-link-color has-large-font-size wp-elements-5a0f8b1253b454839b63fa0df244d73b\">DIENSTLEISTUNGEN<\/p>\n<\/div><\/div>\n\n<div class=\"wp-block-buttons botones is-content-justification-center is-layout-flex wp-container-core-buttons-is-layout-16018d1d wp-block-buttons-is-layout-flex\">\n<div class=\"wp-block-button has-custom-font-size has-small-font-size\"><a class=\"wp-block-button__link has-theme-palette-3-color has-theme-palette-9-background-color has-text-color has-background has-link-color wp-element-button\" href=\"https:\/\/elpalauetdelpriorat.com\/de\/reservierungen\/\">JETZT BUCHEN<\/a><\/div>\n\n\n\n<div class=\"wp-block-button has-custom-font-size has-small-font-size\"><a class=\"wp-block-button__link wp-element-button\" href=\"https:\/\/elpalauetdelpriorat.com\/de\/reservierungen\/\">VERF\u00dcGBARKEIT PR\u00dcFEN<\/a><\/div>\n<\/div>\n\n<div class=\"wp-block-cover aligncenter has-theme-palette-3-color has-text-color has-link-color wp-elements-87335c7a1b839abea6a9c7f6cd3e20ba\" style=\"padding-top:var(--wp--preset--spacing--80);padding-bottom:var(--wp--preset--spacing--80)\"><span aria-hidden=\"true\" class=\"wp-block-cover__background has-theme-palette-9-background-color has-background-dim-100 has-background-dim\"><\/span><div class=\"wp-block-cover__inner-container is-layout-constrained wp-block-cover-is-layout-constrained\">\n<div class=\"wp-block-columns columnas is-layout-flex wp-container-core-columns-is-layout-9d6595d7 wp-block-columns-is-layout-flex\">\n<div class=\"wp-block-column is-layout-flow wp-block-column-is-layout-flow\">\n<figure class=\"wp-block-image size-large\"><img loading=\"lazy\" decoding=\"async\" width=\"1024\" height=\"682\" src=\"https:\/\/elpalauetdelpriorat.com\/wp-content\/uploads\/2025\/04\/esmorzars2-1024x682.jpg\" alt=\"\" class=\"wp-image-140\" srcset=\"https:\/\/elpalauetdelpriorat.com\/wp-content\/uploads\/2025\/04\/esmorzars2-1024x682.jpg 1024w, https:\/\/elpalauetdelpriorat.com\/wp-content\/uploads\/2025\/04\/esmorzars2-600x400.jpg 600w, https:\/\/elpalauetdelpriorat.com\/wp-content\/uploads\/2025\/04\/esmorzars2-300x200.jpg 300w, https:\/\/elpalauetdelpriorat.com\/wp-content\/uploads\/2025\/04\/esmorzars2-768x512.jpg 768w, https:\/\/elpalauetdelpriorat.com\/wp-content\/uploads\/2025\/04\/esmorzars2-1536x1024.jpg 1536w, https:\/\/elpalauetdelpriorat.com\/wp-content\/uploads\/2025\/04\/esmorzars2.jpg 2000w\" sizes=\"auto, (max-width: 1024px) 100vw, 1024px\" \/><\/figure>\n\n\n\n<h3 class=\"wp-block-heading has-text-align-center\">MITTAGSKARTE<\/h3>\n\n\n\n<p class=\"has-text-align-center estilo\">Auswahl an Mittagessen, um zu erneuern und zu \u00fcberraschen: hausgemacht, vegetarisch, gesund, mit lokalen und handwerklichen Produkten, um die Aromen des Priorat zu genie\u00dfen.<\/p>\n<\/div>\n\n\n\n<div class=\"wp-block-column is-layout-flow wp-block-column-is-layout-flow\">\n<figure class=\"wp-block-image size-large\"><img loading=\"lazy\" decoding=\"async\" width=\"1024\" height=\"683\" src=\"https:\/\/elpalauetdelpriorat.com\/wp-content\/uploads\/2025\/04\/IMG_8292-1024x683.jpg\" alt=\"\" class=\"wp-image-139\" srcset=\"https:\/\/elpalauetdelpriorat.com\/wp-content\/uploads\/2025\/04\/IMG_8292-1024x683.jpg 1024w, https:\/\/elpalauetdelpriorat.com\/wp-content\/uploads\/2025\/04\/IMG_8292-600x400.jpg 600w, https:\/\/elpalauetdelpriorat.com\/wp-content\/uploads\/2025\/04\/IMG_8292-300x200.jpg 300w, https:\/\/elpalauetdelpriorat.com\/wp-content\/uploads\/2025\/04\/IMG_8292-768x512.jpg 768w, https:\/\/elpalauetdelpriorat.com\/wp-content\/uploads\/2025\/04\/IMG_8292.jpg 1500w\" sizes=\"auto, (max-width: 1024px) 100vw, 1024px\" \/><\/figure>\n\n\n\n<h3 class=\"wp-block-heading has-text-align-center\">MULTIDISZIPLIN\u00c4R<\/h3>\n\n\n\n<p class=\"has-text-align-center estilo\">Wir verf\u00fcgen \u00fcber verschiedene R\u00e4umlichkeiten f\u00fcr die Organisation von Firmenveranstaltungen, Familienfeiern und Produktpr\u00e4sentationen. Entdecken Sie die Vielseitigkeit eines historischen Hauses im Priorat. <\/p>\n<\/div>\n\n\n\n<div class=\"wp-block-column is-layout-flow wp-block-column-is-layout-flow\">\n<figure class=\"wp-block-image size-large\"><img loading=\"lazy\" decoding=\"async\" width=\"1024\" height=\"683\" src=\"https:\/\/elpalauetdelpriorat.com\/wp-content\/uploads\/2025\/04\/IMG_8366-1024x683.jpg\" alt=\"\" class=\"wp-image-138\" srcset=\"https:\/\/elpalauetdelpriorat.com\/wp-content\/uploads\/2025\/04\/IMG_8366-1024x683.jpg 1024w, https:\/\/elpalauetdelpriorat.com\/wp-content\/uploads\/2025\/04\/IMG_8366-600x400.jpg 600w, https:\/\/elpalauetdelpriorat.com\/wp-content\/uploads\/2025\/04\/IMG_8366-300x200.jpg 300w, https:\/\/elpalauetdelpriorat.com\/wp-content\/uploads\/2025\/04\/IMG_8366-768x512.jpg 768w, https:\/\/elpalauetdelpriorat.com\/wp-content\/uploads\/2025\/04\/IMG_8366.jpg 1500w\" sizes=\"auto, (max-width: 1024px) 100vw, 1024px\" \/><\/figure>\n\n\n\n<h3 class=\"wp-block-heading has-text-align-center\">TOURISTISCHE INFORMATION<\/h3>\n\n\n\n<p class=\"has-text-align-center estilo\">Entdecken Sie den Montsant mit unserer Hilfe. Lassen Sie sich von der Erde, der Umgebung und der Luft des Montsant verf\u00fchren. <\/p>\n<\/div>\n<\/div>\n\n\n\n<div class=\"wp-block-columns columnas is-layout-flex wp-container-core-columns-is-layout-9d6595d7 wp-block-columns-is-layout-flex\">\n<div class=\"wp-block-column is-layout-flow wp-block-column-is-layout-flow\">\n<figure class=\"wp-block-image size-large\"><img loading=\"lazy\" decoding=\"async\" width=\"1024\" height=\"682\" src=\"https:\/\/elpalauetdelpriorat.com\/wp-content\/uploads\/2025\/04\/SERVICIO-1024x682.jpg\" alt=\"\" class=\"wp-image-137\" srcset=\"https:\/\/elpalauetdelpriorat.com\/wp-content\/uploads\/2025\/04\/SERVICIO-1024x682.jpg 1024w, https:\/\/elpalauetdelpriorat.com\/wp-content\/uploads\/2025\/04\/SERVICIO-600x400.jpg 600w, https:\/\/elpalauetdelpriorat.com\/wp-content\/uploads\/2025\/04\/SERVICIO-300x200.jpg 300w, https:\/\/elpalauetdelpriorat.com\/wp-content\/uploads\/2025\/04\/SERVICIO-768x512.jpg 768w, https:\/\/elpalauetdelpriorat.com\/wp-content\/uploads\/2025\/04\/SERVICIO-1536x1024.jpg 1536w, https:\/\/elpalauetdelpriorat.com\/wp-content\/uploads\/2025\/04\/SERVICIO.jpg 2000w\" sizes=\"auto, (max-width: 1024px) 100vw, 1024px\" \/><\/figure>\n\n\n\n<h3 class=\"wp-block-heading has-text-align-center\">ZIMMERSERVICE<\/h3>\n\n\n\n<p class=\"has-text-align-center estilo\">Vom Palauet del Priorat aus m\u00f6chten wir jedes Detail verw\u00f6hnen, deshalb k\u00fcmmern wir uns um Ihr Wohlbefinden, respektieren Ihre Privatsph\u00e4re und bieten Ihnen unseren Zimmerservice mit speziellen W\u00fcnschen an. Genie\u00dfen Sie das Fr\u00fchst\u00fcck, einen guten Wein oder Cava in Ihrem intimsten Bereich, Sie m\u00fcssen es sich nur w\u00fcnschen. <\/p>\n<\/div>\n\n\n\n<div class=\"wp-block-column is-layout-flow wp-block-column-is-layout-flow\">\n<figure class=\"wp-block-image size-large\"><img loading=\"lazy\" decoding=\"async\" width=\"1024\" height=\"682\" src=\"https:\/\/elpalauetdelpriorat.com\/wp-content\/uploads\/2025\/04\/pet-frendly-1024x682.jpg\" alt=\"\" class=\"wp-image-136\" srcset=\"https:\/\/elpalauetdelpriorat.com\/wp-content\/uploads\/2025\/04\/pet-frendly-1024x682.jpg 1024w, https:\/\/elpalauetdelpriorat.com\/wp-content\/uploads\/2025\/04\/pet-frendly-600x400.jpg 600w, https:\/\/elpalauetdelpriorat.com\/wp-content\/uploads\/2025\/04\/pet-frendly-300x200.jpg 300w, https:\/\/elpalauetdelpriorat.com\/wp-content\/uploads\/2025\/04\/pet-frendly-768x512.jpg 768w, https:\/\/elpalauetdelpriorat.com\/wp-content\/uploads\/2025\/04\/pet-frendly-1536x1024.jpg 1536w, https:\/\/elpalauetdelpriorat.com\/wp-content\/uploads\/2025\/04\/pet-frendly.jpg 2000w\" sizes=\"auto, (max-width: 1024px) 100vw, 1024px\" \/><\/figure>\n\n\n\n<h3 class=\"wp-block-heading has-text-align-center\">HAUSTIERFREUNDLICH<\/h3>\n\n\n\n<p class=\"has-text-align-center estilo has-theme-palette-3-color has-text-color has-link-color wp-elements-382a04b2cd0d48d915bf81aa8c5972a9\">Weil wir wissen, dass Ihr Haustier das Wichtigste ist, bieten wir Ihnen die M\u00f6glichkeit, dass Ihr Tier den Urlaub mit Ihnen in einem Naturparadies wie dem Montsant genie\u00dft. * Service anfragen. <\/p>\n<\/div>\n\n\n\n<div class=\"wp-block-column is-layout-flow wp-block-column-is-layout-flow\">\n<figure class=\"wp-block-image size-large\"><img loading=\"lazy\" decoding=\"async\" width=\"1024\" height=\"683\" src=\"https:\/\/elpalauetdelpriorat.com\/wp-content\/uploads\/2025\/04\/km0-1024x683.jpg\" alt=\"\" class=\"wp-image-135\" srcset=\"https:\/\/elpalauetdelpriorat.com\/wp-content\/uploads\/2025\/04\/km0-1024x683.jpg 1024w, https:\/\/elpalauetdelpriorat.com\/wp-content\/uploads\/2025\/04\/km0-scaled-600x400.jpg 600w, https:\/\/elpalauetdelpriorat.com\/wp-content\/uploads\/2025\/04\/km0-300x200.jpg 300w, https:\/\/elpalauetdelpriorat.com\/wp-content\/uploads\/2025\/04\/km0-768x512.jpg 768w, https:\/\/elpalauetdelpriorat.com\/wp-content\/uploads\/2025\/04\/km0-1536x1024.jpg 1536w, https:\/\/elpalauetdelpriorat.com\/wp-content\/uploads\/2025\/04\/km0-2048x1365.jpg 2048w\" sizes=\"auto, (max-width: 1024px) 100vw, 1024px\" \/><\/figure>\n\n\n\n<h3 class=\"wp-block-heading has-text-align-center\">GOURMET UND KM0<\/h3>\n\n\n\n<p class=\"has-text-align-center estilo\">Das Palauet del Priorat stellt seinen Kunden Produkte von km 0, Weine und andere handwerkliche Produkte zur Verf\u00fcgung, damit Sie die Aromen des Landes mit nach Hause nehmen k\u00f6nnen.<\/p>\n<\/div>\n<\/div>\n\n\n\n<p class=\"has-text-align-center has-large-font-size\"><\/p>\n<\/div><\/div>\n","protected":false},"excerpt":{"rendered":"","protected":false},"author":1,"featured_media":0,"parent":0,"menu_order":0,"comment_status":"closed","ping_status":"closed","template":"","meta":{"_kad_post_transparent":"","_kad_post_title":"","_kad_post_layout":"","_kad_post_sidebar_id":"","_kad_post_content_style":"","_kad_post_vertical_padding":"","_kad_post_feature":"","_kad_post_feature_position":"","_kad_post_header":false,"_kad_post_footer":false,"_kad_post_classname":"","footnotes":""},"class_list":["post-1242","page","type-page","status-publish","hentry"],"_links":{"self":[{"href":"https:\/\/elpalauetdelpriorat.com\/de\/wp-json\/wp\/v2\/pages\/1242","targetHints":{"allow":["GET"]}}],"collection":[{"href":"https:\/\/elpalauetdelpriorat.com\/de\/wp-json\/wp\/v2\/pages"}],"about":[{"href":"https:\/\/elpalauetdelpriorat.com\/de\/wp-json\/wp\/v2\/types\/page"}],"author":[{"embeddable":true,"href":"https:\/\/elpalauetdelpriorat.com\/de\/wp-json\/wp\/v2\/users\/1"}],"replies":[{"embeddable":true,"href":"https:\/\/elpalauetdelpriorat.com\/de\/wp-json\/wp\/v2\/comments?post=1242"}],"version-history":[{"count":1,"href":"https:\/\/elpalauetdelpriorat.com\/de\/wp-json\/wp\/v2\/pages\/1242\/revisions"}],"predecessor-version":[{"id":1244,"href":"https:\/\/elpalauetdelpriorat.com\/de\/wp-json\/wp\/v2\/pages\/1242\/revisions\/1244"}],"wp:attachment":[{"href":"https:\/\/elpalauetdelpriorat.com\/de\/wp-json\/wp\/v2\/media?parent=1242"}],"curies":[{"name":"wp","href":"https:\/\/api.w.org\/{rel}","templated":true}]}}