{"id":1191,"date":"2025-04-10T15:49:41","date_gmt":"2025-04-10T13:49:41","guid":{"rendered":"https:\/\/elpalauetdelpriorat.com\/wir\/"},"modified":"2025-08-03T11:08:24","modified_gmt":"2025-08-03T09:08:24","slug":"wir","status":"publish","type":"page","link":"https:\/\/elpalauetdelpriorat.com\/de\/wir\/","title":{"rendered":"Wir"},"content":{"rendered":"\n<div class=\"wp-block-cover alignfull arriba\" style=\"min-height:736px;aspect-ratio:unset;\"><span aria-hidden=\"true\" class=\"wp-block-cover__background has-theme-palette-3-background-color has-background-dim-30 has-background-dim\"><\/span><img loading=\"lazy\" decoding=\"async\" width=\"2500\" height=\"1667\" class=\"wp-block-cover__image-background wp-image-126\" alt=\"\" src=\"https:\/\/elpalauetdelpriorat.com\/wp-content\/uploads\/2025\/04\/3-.jpg\" data-object-fit=\"cover\" srcset=\"https:\/\/elpalauetdelpriorat.com\/wp-content\/uploads\/2025\/04\/3-.jpg 2500w, https:\/\/elpalauetdelpriorat.com\/wp-content\/uploads\/2025\/04\/3--600x400.jpg 600w, https:\/\/elpalauetdelpriorat.com\/wp-content\/uploads\/2025\/04\/3--300x200.jpg 300w, https:\/\/elpalauetdelpriorat.com\/wp-content\/uploads\/2025\/04\/3--1024x683.jpg 1024w, https:\/\/elpalauetdelpriorat.com\/wp-content\/uploads\/2025\/04\/3--768x512.jpg 768w, https:\/\/elpalauetdelpriorat.com\/wp-content\/uploads\/2025\/04\/3--1536x1024.jpg 1536w, https:\/\/elpalauetdelpriorat.com\/wp-content\/uploads\/2025\/04\/3--2048x1366.jpg 2048w\" sizes=\"auto, (max-width: 2500px) 100vw, 2500px\" \/><div class=\"wp-block-cover__inner-container is-layout-constrained wp-block-cover-is-layout-constrained\">\n<p class=\"has-text-align-center has-theme-palette-9-color has-text-color has-link-color has-large-font-size wp-elements-66686f87040cba455d9388fcd8e70bd8\">WIR<\/p>\n<\/div><\/div>\n\n<div class=\"wp-block-buttons botones is-content-justification-center is-layout-flex wp-container-core-buttons-is-layout-16018d1d wp-block-buttons-is-layout-flex\">\n<div class=\"wp-block-button has-custom-font-size has-small-font-size\"><a class=\"wp-block-button__link has-theme-palette-3-color has-theme-palette-9-background-color has-text-color has-background has-link-color wp-element-button\" href=\"https:\/\/elpalauetdelpriorat.com\/reservas\/\">BUCHEN SIE JETZT<\/a><\/div>\n\n\n\n<div class=\"wp-block-button has-custom-font-size has-small-font-size\"><a class=\"wp-block-button__link wp-element-button\" href=\"https:\/\/elpalauetdelpriorat.com\/reservas\/\">VERF\u00dcGBARKEIT PR\u00dcFEN<\/a><\/div>\n<\/div>\n\n<div class=\"wp-block-cover alignfull\"><span aria-hidden=\"true\" class=\"wp-block-cover__background has-theme-palette-9-background-color has-background-dim-100 has-background-dim\"><\/span><div class=\"wp-block-cover__inner-container is-layout-constrained wp-block-cover-is-layout-constrained\">\n<p><\/p>\n\n\n\n<h2 class=\"wp-block-heading has-text-align-center has-theme-palette-2-color has-text-color has-link-color has-large-font-size wp-elements-fbe141570d34840a8ea94322ae9d3aca\">Unsere Geschichte<\/h2>\n\n\n\n<p class=\"has-text-align-center has-theme-palette-2-color has-text-color has-link-color has-medium-font-size wp-elements-2e5b8bdf74dddd48aa48c9707f7985f9\">\u201eDas Palauet del Priorat ist eine Oase f\u00fcr Sie, ein Haus mit mehr als 130 Jahren Pracht. Exklusive Designs mit edlen Oberfl\u00e4chen, H\u00f6lzer mit exquisiten Maserungen und au\u00dfergew\u00f6hnliche, zeitgen\u00f6ssische Akzente sind eine absolut anregende Erfahrung in einem Haus, das auf einer Decke aus Kalkfelsen steht.\u201c<\/p>\n\n\n<div class=\"wp-block-image\">\n<figure class=\"aligncenter size-full is-resized\"><img loading=\"lazy\" decoding=\"async\" width=\"526\" height=\"42\" src=\"https:\/\/elpalauetdelpriorat.com\/wp-content\/uploads\/2025\/04\/Captura-de-pantalla-2025-04-10-a-las-15.04.58.png\" alt=\"\" class=\"wp-image-68\" style=\"width:258px;height:auto\" srcset=\"https:\/\/elpalauetdelpriorat.com\/wp-content\/uploads\/2025\/04\/Captura-de-pantalla-2025-04-10-a-las-15.04.58.png 526w, https:\/\/elpalauetdelpriorat.com\/wp-content\/uploads\/2025\/04\/Captura-de-pantalla-2025-04-10-a-las-15.04.58-300x24.png 300w\" sizes=\"auto, (max-width: 526px) 100vw, 526px\" \/><\/figure>\n<\/div>\n\n\n<p><\/p>\n\n\n\n<div class=\"wp-block-columns is-layout-flex wp-container-core-columns-is-layout-9d6595d7 wp-block-columns-is-layout-flex\">\n<div class=\"wp-block-column is-layout-flow wp-block-column-is-layout-flow\" style=\"padding-right:var(--wp--preset--spacing--40);padding-left:var(--wp--preset--spacing--40)\">\n<h2 class=\"wp-block-heading has-theme-palette-3-color has-text-color has-link-color wp-elements-221468d32ca825f7f7b73172ba5f933c\">Die beste Qualit\u00e4t<\/h2>\n\n\n\n<p class=\"has-theme-palette-3-color has-text-color has-link-color wp-elements-dc56ee56a26ab53310cf2bb327f01c5b\">Das Palauet del Priorat ist eine Mischung aus Oase, Ecke der Ruhe, Freizeit und l\u00e4ndlichem Tourismus f\u00fcr Sie, in einem Haus mit mehr als drei Jahrhunderten Pracht. Wo exklusive Designs mit edlen Oberfl\u00e4chen, H\u00f6lzer mit exquisiten Maserungen und au\u00dfergew\u00f6hnliche, zeitgen\u00f6ssische Akzente eine absolut anregende Erfahrung sind. Ruhe, Komfort, Annehmlichkeiten und Dienstleistungen in perfekter Harmonie, kurz gesagt, ein Gleichgewicht zwischen Moderne und Klassik.  <\/p>\n<\/div>\n\n\n\n<div class=\"wp-block-column is-layout-flow wp-block-column-is-layout-flow\" style=\"padding-right:var(--wp--preset--spacing--40);padding-left:var(--wp--preset--spacing--40)\">\n<h2 class=\"wp-block-heading has-theme-palette-3-color has-text-color has-link-color wp-elements-9a6877f74a8dba509f59946e61cc2990\">Die beste Wahl<\/h2>\n\n\n\n<p class=\"has-theme-palette-3-color has-text-color has-link-color wp-elements-2fc7241881fcd2ed9e5fb09430942878\">7 Zimmer, davon zwei Doppelzimmer, f\u00fcnf Suiten mit Bad und 3 Bereiche f\u00fcgen sich zur Perfektion Ihres Vergn\u00fcgens zusammen: Halle, Esszimmer und Social Club im Dachgeschoss. Im Palauet del Priorat wurden die edlen Bereiche erhalten, die Steinmauern und Marmorb\u00f6den mit allem Komfort und Qualit\u00e4t restauriert, Chester-Sofas, Chals-Eims-Sessel und das Wohlbefinden von Marmorkaminen erwecken Ihren Aufenthalt zum Leben. <\/p>\n\n\n\n<p class=\"has-theme-palette-3-color has-text-color has-link-color wp-elements-6122993fa080ffa96e6660927552761e\">Das Palauet del Priorat ist derzeit vollst\u00e4ndig restauriert, um einen Traum von Vergn\u00fcgen und Erholung zu schaffen, wobei die klassische Architektur und das von der Unesco unterst\u00fctzte Biokonstruktionsverfahren unter Verwendung der Materialien und \u00f6kologischen Rohstoffe, wie sie in der Vergangenheit verwendet wurden, respektiert werden.<\/p>\n<\/div>\n\n\n\n<div class=\"wp-block-column is-layout-flow wp-block-column-is-layout-flow\" style=\"padding-right:var(--wp--preset--spacing--40);padding-left:var(--wp--preset--spacing--40)\">\n<h2 class=\"wp-block-heading has-theme-palette-3-color has-text-color has-link-color wp-elements-0a1104700dfb9a324ee8729804ce2cb5\">Das Geheimnis der Exklusivit\u00e4t<\/h2>\n\n\n\n<p class=\"has-theme-palette-3-color has-text-color has-link-color wp-elements-5d69006542cb91e0352271afdf63d077\">Ruhe, Komfort und perfekte Harmonie, das Palauet del Priorat, befindet sich in Cornudella de Montsant, umgeben von idyllischen Umgebungen und Landschaften in der Region Priorat, nur 40 km von Tarragona und 1h30 von Barcelona entfernt.<\/p>\n<\/div>\n<\/div>\n\n\n<div class=\"wp-block-image\">\n<figure class=\"aligncenter size-full is-resized\"><img loading=\"lazy\" decoding=\"async\" width=\"526\" height=\"42\" src=\"https:\/\/elpalauetdelpriorat.com\/wp-content\/uploads\/2025\/04\/Captura-de-pantalla-2025-04-10-a-las-15.04.58.png\" alt=\"\" class=\"wp-image-68\" style=\"width:258px;height:auto\" srcset=\"https:\/\/elpalauetdelpriorat.com\/wp-content\/uploads\/2025\/04\/Captura-de-pantalla-2025-04-10-a-las-15.04.58.png 526w, https:\/\/elpalauetdelpriorat.com\/wp-content\/uploads\/2025\/04\/Captura-de-pantalla-2025-04-10-a-las-15.04.58-300x24.png 300w\" sizes=\"auto, (max-width: 526px) 100vw, 526px\" \/><\/figure>\n<\/div>\n\n\n<div class=\"wp-block-columns is-layout-flex wp-container-core-columns-is-layout-9d6595d7 wp-block-columns-is-layout-flex\">\n<div class=\"wp-block-column is-layout-flow wp-block-column-is-layout-flow\" style=\"padding-right:var(--wp--preset--spacing--40);padding-left:var(--wp--preset--spacing--40)\">\n<h3 class=\"wp-block-heading has-theme-palette-3-color has-text-color has-link-color wp-elements-d111be21ec9551aa1164994751c31380\">EDLE UND MEHRZWECK-R\u00c4UME<\/h3>\n\n\n\n<figure class=\"wp-block-image size-large\"><img loading=\"lazy\" decoding=\"async\" width=\"1024\" height=\"683\" src=\"https:\/\/elpalauetdelpriorat.com\/wp-content\/uploads\/2025\/04\/IMG_8292-1024x683.jpg\" alt=\"\" class=\"wp-image-139\" srcset=\"https:\/\/elpalauetdelpriorat.com\/wp-content\/uploads\/2025\/04\/IMG_8292-1024x683.jpg 1024w, https:\/\/elpalauetdelpriorat.com\/wp-content\/uploads\/2025\/04\/IMG_8292-600x400.jpg 600w, https:\/\/elpalauetdelpriorat.com\/wp-content\/uploads\/2025\/04\/IMG_8292-300x200.jpg 300w, https:\/\/elpalauetdelpriorat.com\/wp-content\/uploads\/2025\/04\/IMG_8292-768x512.jpg 768w, https:\/\/elpalauetdelpriorat.com\/wp-content\/uploads\/2025\/04\/IMG_8292.jpg 1500w\" sizes=\"auto, (max-width: 1024px) 100vw, 1024px\" \/><\/figure>\n\n\n\n<p class=\"has-theme-palette-3-color has-text-color has-link-color wp-elements-e4592de6af408f35d19123464e269869\">Im Palauet del Priorat verf\u00fcgen wir \u00fcber R\u00e4ume, die f\u00fcr die Ausrichtung jeder Art von Veranstaltung oder privater oder beruflicher Feier konzipiert sind und den Erfolg derselben garantieren.<\/p>\n\n\n\n<p class=\"has-theme-palette-3-color has-text-color has-link-color wp-elements-3f207837d411c93443aceea14f49fab3\"><a href=\"mailto:pepe@elpalauetdelpriorat.com\">Weitere Informationen und Reservierungen.<\/a><\/p>\n<\/div>\n\n\n\n<div class=\"wp-block-column is-layout-flow wp-block-column-is-layout-flow\" style=\"padding-right:var(--wp--preset--spacing--40);padding-left:var(--wp--preset--spacing--40)\">\n<h3 class=\"wp-block-heading has-theme-palette-3-color has-text-color has-link-color wp-elements-4c36762bc214307413448e8ef16a9590\">DIE 7 ZIMMER<\/h3>\n\n\n\n<figure class=\"wp-block-image size-large\"><img loading=\"lazy\" decoding=\"async\" width=\"1024\" height=\"682\" src=\"https:\/\/elpalauetdelpriorat.com\/wp-content\/uploads\/2025\/04\/SERVICIO-1024x682.jpg\" alt=\"\" class=\"wp-image-137\" srcset=\"https:\/\/elpalauetdelpriorat.com\/wp-content\/uploads\/2025\/04\/SERVICIO-1024x682.jpg 1024w, https:\/\/elpalauetdelpriorat.com\/wp-content\/uploads\/2025\/04\/SERVICIO-600x400.jpg 600w, https:\/\/elpalauetdelpriorat.com\/wp-content\/uploads\/2025\/04\/SERVICIO-300x200.jpg 300w, https:\/\/elpalauetdelpriorat.com\/wp-content\/uploads\/2025\/04\/SERVICIO-768x512.jpg 768w, https:\/\/elpalauetdelpriorat.com\/wp-content\/uploads\/2025\/04\/SERVICIO-1536x1024.jpg 1536w, https:\/\/elpalauetdelpriorat.com\/wp-content\/uploads\/2025\/04\/SERVICIO.jpg 2000w\" sizes=\"auto, (max-width: 1024px) 100vw, 1024px\" \/><\/figure>\n\n\n\n<p><\/p>\n\n\n\n<p class=\"has-theme-palette-3-color has-text-color has-link-color wp-elements-8a194b26f830c16057cddc29d31a2139\">5 Suiten und 2 Doppelzimmer mit Charme und Pers\u00f6nlichkeit laden den Gast ein, eine Erfahrung in vollen Z\u00fcgen in einer ruhigen und harmonischen Umgebung zu erleben.<\/p>\n\n\n\n<p class=\"has-theme-palette-3-color has-text-color has-link-color wp-elements-1e6e533b6a5b2db15fc43af18646c2bf\"><a href=\"https:\/\/elpalauetdelpriorat.com\/siete-sentidos\">W\u00e4hle deinen Favoriten<\/a><\/p>\n<\/div>\n<\/div>\n<\/div><\/div>\n","protected":false},"excerpt":{"rendered":"","protected":false},"author":1,"featured_media":0,"parent":0,"menu_order":0,"comment_status":"closed","ping_status":"closed","template":"","meta":{"_kad_post_transparent":"","_kad_post_title":"","_kad_post_layout":"","_kad_post_sidebar_id":"","_kad_post_content_style":"","_kad_post_vertical_padding":"","_kad_post_feature":"","_kad_post_feature_position":"","_kad_post_header":false,"_kad_post_footer":false,"_kad_post_classname":"","footnotes":""},"class_list":["post-1191","page","type-page","status-publish","hentry"],"_links":{"self":[{"href":"https:\/\/elpalauetdelpriorat.com\/de\/wp-json\/wp\/v2\/pages\/1191","targetHints":{"allow":["GET"]}}],"collection":[{"href":"https:\/\/elpalauetdelpriorat.com\/de\/wp-json\/wp\/v2\/pages"}],"about":[{"href":"https:\/\/elpalauetdelpriorat.com\/de\/wp-json\/wp\/v2\/types\/page"}],"author":[{"embeddable":true,"href":"https:\/\/elpalauetdelpriorat.com\/de\/wp-json\/wp\/v2\/users\/1"}],"replies":[{"embeddable":true,"href":"https:\/\/elpalauetdelpriorat.com\/de\/wp-json\/wp\/v2\/comments?post=1191"}],"version-history":[{"count":1,"href":"https:\/\/elpalauetdelpriorat.com\/de\/wp-json\/wp\/v2\/pages\/1191\/revisions"}],"predecessor-version":[{"id":1192,"href":"https:\/\/elpalauetdelpriorat.com\/de\/wp-json\/wp\/v2\/pages\/1191\/revisions\/1192"}],"wp:attachment":[{"href":"https:\/\/elpalauetdelpriorat.com\/de\/wp-json\/wp\/v2\/media?parent=1191"}],"curies":[{"name":"wp","href":"https:\/\/api.w.org\/{rel}","templated":true}]}}