{"id":1183,"date":"2025-04-10T16:46:12","date_gmt":"2025-04-10T14:46:12","guid":{"rendered":"https:\/\/elpalauetdelpriorat.com\/rechtlicher-hinweis\/"},"modified":"2025-11-14T11:24:18","modified_gmt":"2025-11-14T10:24:18","slug":"rechtlicher-hinweis","status":"publish","type":"page","link":"https:\/\/elpalauetdelpriorat.com\/de\/rechtlicher-hinweis\/","title":{"rendered":"RECHTLICHER HINWEIS"},"content":{"rendered":"\n<p><strong>Inhaber der Website<\/strong><br\/>In Erf\u00fcllung der Informationspflicht gem\u00e4\u00df Artikel 10 des Gesetzes 34\/2002 vom 11. Juli \u00fcber die Dienste der Informationsgesellschaft und den elektronischen Handel (LSSICE) wird mitgeteilt, dass diese Website Eigentum ist von:<\/p>\n\n<ul class=\"wp-block-list\">\n<li><strong>Handelsname:<\/strong> El Palauet del Priorat<\/li>\n\n\n\n<li><strong>Inhaber:<\/strong> Dolors Sendra Cardona<\/li>\n\n\n\n<li><strong>NIF:<\/strong> 39737712Z<\/li>\n\n\n\n<li><strong>Adresse:<\/strong> Calle Eres, 9, 43360 Cornudella de Montsant, Tarragona<\/li>\n\n\n\n<li><strong>E-Mail:<\/strong> <a>dolors@elpalauetdelpriorat.com<\/a><\/li>\n\n\n\n<li><strong>Kontakttelefon:<\/strong> +34 670 961 464<\/li>\n\n\n\n<li><strong>Webdomain:<\/strong> <a>https:\/\/elpalauetdelpriorat.com<\/a><\/li>\n<\/ul>\n\n<p><strong>Zweck<\/strong><br\/>Ziel dieser Website ist es, klare und zug\u00e4ngliche Informationen \u00fcber die von El Palauet del Priorat angebotenen touristischen Unterk\u00fcnfte bereitzustellen sowie die Verwaltung von Reservierungen, die Kontaktaufnahme mit dem Betrieb und den Zugang zu informativen Inhalten im Zusammenhang mit der Umgebung, touristischen Erlebnissen und verf\u00fcgbaren Werbeaktionen zu erm\u00f6glichen.<\/p>\n\n<p><strong>Geistiges und gewerbliches Eigentum<\/strong><br\/>Alle auf dieser Webseite vorhandenen Inhalte, einschlie\u00dflich Texte, Bilder, Logos, Grafiken, Datenbanken, Grafikdesign, Quellcode und Navigationsstruktur, sind durch die geltenden Gesetze \u00fcber geistiges und gewerbliches Eigentum gesch\u00fctzt. Ihre vollst\u00e4ndige oder teilweise Vervielf\u00e4ltigung, Verbreitung, \u00f6ffentliche Wiedergabe oder Umwandlung ohne die ausdr\u00fcckliche Genehmigung des Inhabers ist strengstens untersagt.<\/p>\n\n<p><strong>Haftung<\/strong><br\/>Der Inhaber der Website garantiert nicht, dass der Zugriff auf die Website oder ihre Inhalte ununterbrochen oder fehlerfrei ist oder dass diese auf dem neuesten Stand sind. Ebenso beh\u00e4lt er sich das Recht vor, jederzeit und ohne vorherige Ank\u00fcndigung \u00c4nderungen an den auf der Website enthaltenen Informationen vorzunehmen.<\/p>\n\n<p>Der Inhaber haftet nicht f\u00fcr den Missbrauch der Website oder f\u00fcr direkte oder indirekte Sch\u00e4den, die aus der Nutzung derselben oder der darin enthaltenen Informationen entstehen k\u00f6nnen.<\/p>\n\n<hr class=\"wp-block-separator has-alpha-channel-opacity\"\/>\n","protected":false},"excerpt":{"rendered":"<p>Inhaber der WebsiteIn Erf\u00fcllung der Informationspflicht gem\u00e4\u00df Artikel 10 des Gesetzes 34\/2002 vom 11. Juli \u00fcber die Dienste der Informationsgesellschaft und den elektronischen Handel (LSSICE) wird mitgeteilt, dass diese Website Eigentum ist von: ZweckZiel dieser Website ist es, klare und zug\u00e4ngliche Informationen \u00fcber die von El Palauet del Priorat angebotenen touristischen Unterk\u00fcnfte bereitzustellen sowie die&#8230;<\/p>\n","protected":false},"author":1,"featured_media":0,"parent":0,"menu_order":0,"comment_status":"closed","ping_status":"closed","template":"","meta":{"_kad_post_transparent":"","_kad_post_title":"","_kad_post_layout":"","_kad_post_sidebar_id":"","_kad_post_content_style":"","_kad_post_vertical_padding":"","_kad_post_feature":"","_kad_post_feature_position":"","_kad_post_header":false,"_kad_post_footer":false,"_kad_post_classname":"","footnotes":""},"class_list":["post-1183","page","type-page","status-publish","hentry"],"_links":{"self":[{"href":"https:\/\/elpalauetdelpriorat.com\/de\/wp-json\/wp\/v2\/pages\/1183","targetHints":{"allow":["GET"]}}],"collection":[{"href":"https:\/\/elpalauetdelpriorat.com\/de\/wp-json\/wp\/v2\/pages"}],"about":[{"href":"https:\/\/elpalauetdelpriorat.com\/de\/wp-json\/wp\/v2\/types\/page"}],"author":[{"embeddable":true,"href":"https:\/\/elpalauetdelpriorat.com\/de\/wp-json\/wp\/v2\/users\/1"}],"replies":[{"embeddable":true,"href":"https:\/\/elpalauetdelpriorat.com\/de\/wp-json\/wp\/v2\/comments?post=1183"}],"version-history":[{"count":3,"href":"https:\/\/elpalauetdelpriorat.com\/de\/wp-json\/wp\/v2\/pages\/1183\/revisions"}],"predecessor-version":[{"id":627525,"href":"https:\/\/elpalauetdelpriorat.com\/de\/wp-json\/wp\/v2\/pages\/1183\/revisions\/627525"}],"wp:attachment":[{"href":"https:\/\/elpalauetdelpriorat.com\/de\/wp-json\/wp\/v2\/media?parent=1183"}],"curies":[{"name":"wp","href":"https:\/\/api.w.org\/{rel}","templated":true}]}}