{"id":1151,"date":"2025-06-30T12:42:42","date_gmt":"2025-06-30T10:42:42","guid":{"rendered":"https:\/\/elpalauetdelpriorat.com\/allgemeine-geschaeftsbedingungen\/"},"modified":"2026-01-14T07:54:16","modified_gmt":"2026-01-14T06:54:16","slug":"allgemeine-geschaeftsbedingungen","status":"publish","type":"page","link":"https:\/\/elpalauetdelpriorat.com\/de\/allgemeine-geschaeftsbedingungen\/","title":{"rendered":"Allgemeine Gesch\u00e4ftsbedingungen"},"content":{"rendered":"\n<div class=\"wp-block-cover has-theme-palette-3-color has-text-color has-link-color wp-elements-7b3d9716979c03ef4de0acfa4d908d23\"><span aria-hidden=\"true\" class=\"wp-block-cover__background has-theme-palette-9-background-color has-background-dim-100 has-background-dim\"><\/span><div class=\"wp-block-cover__inner-container is-layout-constrained wp-block-cover-is-layout-constrained\">\n<p class=\"has-text-align-center has-large-font-size\">1. Allgemeine Informationen<\/p>\n\n\n\n<p><strong>Inhaber:<\/strong> Dolors Sendra Cardona<br\/><strong>NIF:<\/strong> 39737712Z<br\/><strong>Adresse:<\/strong> Calle Eres, 9, 43360 Cornudella de Montsant, Tarragona<br\/><strong>E-Mail:<\/strong> <a>dolors@elpalauetdelpriorat.com<\/a><br\/><strong>Web de venta:<\/strong> <a class=\"\" href=\"https:\/\/elpalauetdelpriorat.com\/de\/\">https:\/\/elpalauetdelpriorat.com\/<\/a><\/p>\n\n\n\n<hr class=\"wp-block-separator has-alpha-channel-opacity\"\/>\n\n\n\n<h3 class=\"wp-block-heading\">2. Gegenstand<\/h3>\n\n\n\n<p>Diese Bedingungen regeln den Kauf von <strong>Erlebnispaketen und weintouristischen Aufenthalten<\/strong>, die von Palauet del Priorat angeboten und \u00fcber den Online-Shop erh\u00e4ltlich sind. Jedes Paket beinhaltet Aktivit\u00e4ten im Zusammenhang mit Unterkunft, Weinproben, lokaler Gastronomie und pers\u00f6nlichen Besichtigungen. <\/p>\n\n\n\n<hr class=\"wp-block-separator has-alpha-channel-opacity\"\/>\n\n\n\n<h3 class=\"wp-block-heading\">3. Beschreibung der Pakete<\/h3>\n\n\n\n<p>Die folgenden Pakete sind im Online-Shop erh\u00e4ltlich:<\/p>\n\n\n\n<ul class=\"wp-block-list\">\n<li><strong>Pack Regal Tast:<\/strong> Weinprobe DOQ Priorat und DO Montsant in Terra del Priorat.<br\/><em>G\u00fcltig bis Ende Februar 2026<\/em> <\/li>\n\n\n\n<li><strong>Paket Maridatge:<\/strong> Besuch von Weinbergen und Verkostung von High-End-Weinen, kombiniert mit lokalen Produkten.<br\/><em>G\u00fcltig bis Ende M\u00e4rz<em> 2026<\/em><\/em> <\/li>\n\n\n\n<li><strong>Paket Weintourismus:<\/strong> 1 Nacht im Palauet del Priorat mit Bio-Fr\u00fchst\u00fcck + Weinprobe DOQ Priorat und Montsant.<br\/><em>G\u00fcltig bis Ende Januar<em> 2026<\/em><\/em> <\/li>\n\n\n\n<li><strong>Paket Weine:<\/strong> 1 Nacht + Bio-Fr\u00fchst\u00fcck + personalisierte Weinprobe.<br\/><em>G\u00fcltig bis Ende Januar<em> 2026<\/em><\/em> <\/li>\n\n\n\n<li><strong>Paket Entspannung:<\/strong> 1 Nacht + Bio-Fr\u00fchst\u00fcck + Degustationsdinner mit \u00d6l- und Weinprobe in Terra del Priorat.<br\/><em>G\u00fcltig bis Ende Januar<em> 2026<\/em><\/em> <\/li>\n\n\n\n<li><strong>Paket Ess\u00e8ncia:<\/strong> 1 Nacht + Bio-Fr\u00fchst\u00fcck + Degustationsdinner + personalisierte Weinprobe.<br\/><em>G\u00fcltig bis Ende Januar<em> 2026<\/em><\/em> <\/li>\n<\/ul>\n\n\n\n<p>Jedes Paket muss vorab per E-Mail reserviert werden an:<br\/>\ud83d\udce9 <strong><a>info@elpalauetdelpriorat.com<\/a><\/strong><\/p>\n\n\n\n<hr class=\"wp-block-separator has-alpha-channel-opacity\"\/>\n\n\n\n<h3 class=\"wp-block-heading\">4. Kaufvorgang<\/h3>\n\n\n\n<ol class=\"wp-block-list\">\n<li>Der Benutzer w\u00e4hlt das gew\u00fcnschte Paket aus und f\u00fchrt die Zahlung \u00fcber den Online-Shop durch.<\/li>\n\n\n\n<li>Nach Best\u00e4tigung der Zahlung erhalten Sie eine E-Mail mit dem <strong>Geschenkgutschein<\/strong>.<\/li>\n\n\n\n<li>Die Datumsreservierung muss per E-Mail unter Angabe der Gutscheinnummer erfolgen.<\/li>\n<\/ol>\n\n\n\n<hr class=\"wp-block-separator has-alpha-channel-opacity\"\/>\n\n\n\n<h3 class=\"wp-block-heading\">5. Preise und Zahlungsarten<\/h3>\n\n\n\n<ul class=\"wp-block-list\">\n<li>Alle Preise sind in Euro angegeben und enthalten Steuern (MwSt.).<\/li>\n\n\n\n<li>Zahlungen per Kredit-\/Debitkarte oder \u00fcber im Shop aktivierte Gateways werden akzeptiert.<\/li>\n\n\n\n<li>Der Kauf wird best\u00e4tigt, sobald die vollst\u00e4ndige Zahlung eingegangen ist.<\/li>\n<\/ul>\n\n\n\n<hr class=\"wp-block-separator has-alpha-channel-opacity\"\/>\n\n\n\n<h3 class=\"wp-block-heading\">6. Stornierungs- und \u00c4nderungsbedingungen<\/h3>\n\n\n\n<ul class=\"wp-block-list\">\n<li>Jeder Gutschein ist <strong>bis zu dem in seiner Beschreibung angegebenen Datum g\u00fcltig<\/strong>.<\/li>\n\n\n\n<li>Nach dem Kauf des Pakets sind keine R\u00fcckerstattungen m\u00f6glich, au\u00dfer bei Vorliegen berechtigter Gr\u00fcnde.<\/li>\n\n\n\n<li>Eine Datums\u00e4nderung ist m\u00f6glich, wenn diese mindestens <strong>7 Tage im Voraus<\/strong> mitgeteilt wird und Verf\u00fcgbarkeit besteht.<\/li>\n\n\n\n<li>Der Gutschein ist nach vorheriger Mitteilung auf eine andere Person \u00fcbertragbar.<\/li>\n<\/ul>\n\n\n\n<hr class=\"wp-block-separator has-alpha-channel-opacity\"\/>\n\n\n\n<h3 class=\"wp-block-heading\">7. Widerrufsrecht<\/h3>\n\n\n\n<p>Gem\u00e4\u00df Artikel 103 des Allgemeinen Gesetzes zum Schutz von Verbrauchern und Nutzern gilt das Widerrufsrecht <strong>nicht<\/strong> f\u00fcr Dienstleistungen mit einem bestimmten Ausf\u00fchrungstermin wie die hier angebotenen.<\/p>\n\n\n\n<hr class=\"wp-block-separator has-alpha-channel-opacity\"\/>\n\n\n\n<h3 class=\"wp-block-heading\">8. Verf\u00fcgbarkeit und Reservierungen<\/h3>\n\n\n\n<p>Die Termine f\u00fcr die Nutzung des Pakets sind abh\u00e4ngig von der Verf\u00fcgbarkeit. Es wird empfohlen, im Voraus zu reservieren.<br\/>Die Verf\u00fcgbarkeit kann nicht garantiert werden, wenn der Reservierungsantrag kurz vor Ablauf des Gutscheins gestellt wird. <\/p>\n\n\n\n<hr class=\"wp-block-separator has-alpha-channel-opacity\"\/>\n\n\n\n<h3 class=\"wp-block-heading\">9. Verantwortungsbewusster Gebrauch<\/h3>\n\n\n\n<p>Der Gutscheininhaber verpflichtet sich, die Einrichtungen ordnungsgem\u00e4\u00df zu nutzen und die Regeln des Zusammenlebens, der Nachhaltigkeit und der Sicherheit des Palauet del Priorat und seiner Mitarbeiter zu respektieren.<\/p>\n\n\n\n<hr class=\"wp-block-separator has-alpha-channel-opacity\"\/>\n\n\n\n<h3 class=\"wp-block-heading\">10. Datenschutz<\/h3>\n\n\n\n<p>Die w\u00e4hrend des Kaufvorgangs angegebenen Daten werden gem\u00e4\u00df der Datenschutz-Grundverordnung (DSGVO) verarbeitet.<\/p>\n\n\n\n<ul class=\"wp-block-list\">\n<li><strong>Verantwortlicher f\u00fcr die Datenverarbeitung:<\/strong> Dolors Sendra Cardona<\/li>\n\n\n\n<li><strong>Zweck:<\/strong> Verwaltung von Reservierungen, Kundenservice und Rechnungsstellung<\/li>\n\n\n\n<li><strong>Kontakt:<\/strong> <a>dolors@elpalauetdelpriorat.com<\/a><\/li>\n\n\n\n<li>Weitere Informationen finden Sie in unserer Datenschutzerkl\u00e4rung.<\/li>\n<\/ul>\n\n\n\n<hr class=\"wp-block-separator has-alpha-channel-opacity\"\/>\n\n\n\n<h3 class=\"wp-block-heading\">11. Anwendbares Recht<\/h3>\n\n\n\n<p class=\"has-text-align-left has-medium-font-size\">Dieser Vertrag unterliegt spanischem Recht. Im Streitfall unterwerfen sich die Parteien den Gerichten von Tarragona, es sei denn, die Verbraucherschutzbestimmungen bestimmen einen anderen anwendbaren Gerichtsstand. <\/p>\n<\/div><\/div>\n","protected":false},"excerpt":{"rendered":"","protected":false},"author":1,"featured_media":0,"parent":0,"menu_order":0,"comment_status":"closed","ping_status":"closed","template":"","meta":{"_kad_post_transparent":"","_kad_post_title":"","_kad_post_layout":"","_kad_post_sidebar_id":"","_kad_post_content_style":"","_kad_post_vertical_padding":"","_kad_post_feature":"","_kad_post_feature_position":"","_kad_post_header":false,"_kad_post_footer":false,"_kad_post_classname":"","footnotes":""},"class_list":["post-1151","page","type-page","status-publish","hentry"],"_links":{"self":[{"href":"https:\/\/elpalauetdelpriorat.com\/de\/wp-json\/wp\/v2\/pages\/1151","targetHints":{"allow":["GET"]}}],"collection":[{"href":"https:\/\/elpalauetdelpriorat.com\/de\/wp-json\/wp\/v2\/pages"}],"about":[{"href":"https:\/\/elpalauetdelpriorat.com\/de\/wp-json\/wp\/v2\/types\/page"}],"author":[{"embeddable":true,"href":"https:\/\/elpalauetdelpriorat.com\/de\/wp-json\/wp\/v2\/users\/1"}],"replies":[{"embeddable":true,"href":"https:\/\/elpalauetdelpriorat.com\/de\/wp-json\/wp\/v2\/comments?post=1151"}],"version-history":[{"count":2,"href":"https:\/\/elpalauetdelpriorat.com\/de\/wp-json\/wp\/v2\/pages\/1151\/revisions"}],"predecessor-version":[{"id":631913,"href":"https:\/\/elpalauetdelpriorat.com\/de\/wp-json\/wp\/v2\/pages\/1151\/revisions\/631913"}],"wp:attachment":[{"href":"https:\/\/elpalauetdelpriorat.com\/de\/wp-json\/wp\/v2\/media?parent=1151"}],"curies":[{"name":"wp","href":"https:\/\/api.w.org\/{rel}","templated":true}]}}