{"id":1343,"date":"2025-04-10T16:13:52","date_gmt":"2025-04-10T14:13:52","guid":{"rendered":"https:\/\/elpalauetdelpriorat.com\/producto\/pack-romantic\/"},"modified":"2025-12-15T15:00:14","modified_gmt":"2025-12-15T14:00:14","slug":"pack-romantic","status":"publish","type":"product","link":"https:\/\/elpalauetdelpriorat.com\/ca\/producte\/pack-romantic\/","title":{"rendered":"PACK ROM\u00c0NTIC"},"content":{"rendered":"<p><strong>El preu inclou:<\/strong><\/p>\n<ul style=\"font-size: 10px;\">\n<li>Taxa tur\u00edstica i IVA 10%.<\/li>\n<li>Els destinataris del xec regal s\u00f3n els que trucaran per fer reserva pr\u00e8via.<\/li>\n<li>Inclou atenci\u00f3 tur\u00edstica personalitzada dels convidats per a l&#8217;aprofitament de l&#8217;estada.<\/li>\n<li>S&#8217;envia per correu electr\u00f2nic el xec regal al comprador amb un dossier i mapes tur\u00edstics de la zona amb tots els punts d&#8217;inter\u00e8s.<\/li>\n<li>La reserva \u00e9s per a 2 persones.<\/li>\n<\/ul>\n<p>&nbsp;<\/p>\n","protected":false},"excerpt":{"rendered":"<p>Allotjament en habitaci\u00f3 Suite del Cel + ambientaci\u00f3 de l&#8217;habitaci\u00f3 + esmorzar KM0<\/p>\n<ul>\n<li>Ambientaci\u00f3 de la suite superior amb m\u00fasica, espelmes, cava, bombons i fruita.<\/li>\n<li>Nit en habitaci\u00f3 Suite del Cel.<\/li>\n<li>Esmorzars amb embotits ecol\u00f2gics, melmelades i coques casolanes, formatges artesans, sucs de taronja natural, ous de gallines criades en llibertat&#8230;<\/li>\n<\/ul>\n<p><em>Cup\u00f3 v\u00e0lid 1 any.<\/em><\/p>\n","protected":false},"featured_media":971,"template":"","meta":{"_kad_post_transparent":"","_kad_post_title":"","_kad_post_layout":"","_kad_post_sidebar_id":"","_kad_post_content_style":"","_kad_post_vertical_padding":"","_kad_post_feature":"","_kad_post_feature_position":"","_kad_post_header":false,"_kad_post_footer":false,"_kad_post_classname":""},"product_brand":[],"product_cat":[46],"product_tag":[],"class_list":{"0":"post-1343","1":"product","2":"type-product","3":"status-publish","4":"has-post-thumbnail","6":"product_cat-packs-ca-2","8":"first","9":"instock","10":"virtual","11":"taxable","12":"purchasable","13":"product-type-simple","14":"entry","15":"content-bg","16":"loop-entry"},"_links":{"self":[{"href":"https:\/\/elpalauetdelpriorat.com\/ca\/wp-json\/wp\/v2\/product\/1343","targetHints":{"allow":["GET"]}}],"collection":[{"href":"https:\/\/elpalauetdelpriorat.com\/ca\/wp-json\/wp\/v2\/product"}],"about":[{"href":"https:\/\/elpalauetdelpriorat.com\/ca\/wp-json\/wp\/v2\/types\/product"}],"wp:featuredmedia":[{"embeddable":true,"href":"https:\/\/elpalauetdelpriorat.com\/ca\/wp-json\/wp\/v2\/media\/971"}],"wp:attachment":[{"href":"https:\/\/elpalauetdelpriorat.com\/ca\/wp-json\/wp\/v2\/media?parent=1343"}],"wp:term":[{"taxonomy":"product_brand","embeddable":true,"href":"https:\/\/elpalauetdelpriorat.com\/ca\/wp-json\/wp\/v2\/product_brand?post=1343"},{"taxonomy":"product_cat","embeddable":true,"href":"https:\/\/elpalauetdelpriorat.com\/ca\/wp-json\/wp\/v2\/product_cat?post=1343"},{"taxonomy":"product_tag","embeddable":true,"href":"https:\/\/elpalauetdelpriorat.com\/ca\/wp-json\/wp\/v2\/product_tag?post=1343"}],"curies":[{"name":"wp","href":"https:\/\/api.w.org\/{rel}","templated":true}]}}