{"id":1338,"date":"2025-04-10T16:14:38","date_gmt":"2025-04-10T14:14:38","guid":{"rendered":"https:\/\/elpalauetdelpriorat.com\/producto\/pack-enoturisme\/"},"modified":"2025-12-15T15:00:20","modified_gmt":"2025-12-15T14:00:20","slug":"pack-enoturisme","status":"publish","type":"product","link":"https:\/\/elpalauetdelpriorat.com\/ca\/producte\/pack-enoturisme\/","title":{"rendered":"PACK ENOTURISME"},"content":{"rendered":"<p><strong>El preu inclou:<\/strong><\/p>\n<ul style=\"font-size: 10px;\">\n<li>Taxa tur\u00edstica i IVA 10%.<\/li>\n<li>Els destinataris del xec regal s\u00f3n els que trucaran per fer reserva pr\u00e8via.<\/li>\n<li>Inclou atenci\u00f3 tur\u00edstica personalitzada dels convidats per a l&#8217;aprofitament de l&#8217;estada.<\/li>\n<li>S&#8217;envia per correu electr\u00f2nic el xec regal al comprador amb un dossier i mapes tur\u00edstics de la zona amb tots els punts d&#8217;inter\u00e8s.<\/li>\n<li>La reserva \u00e9s per a 2 persones.<\/li>\n<\/ul>\n","protected":false},"excerpt":{"rendered":"<p>Allotjament + Esmorzar + Tast de vins amb un petit pica-pica a la sala de tasts.<\/p>\n<ul>\n<li>Tast de 4 vins DOQ Priorat.<\/li>\n<li>Nit en habitaci\u00f3 deluxe.<\/li>\n<li>Esmorzars amb embotits ecol\u00f2gics, melmelades i coques casolanes, formatges artesans, sucs de taronja natural, ous de gallines criades en llibertat&#8230;<\/li>\n<\/ul>\n<p><em>Cup\u00f3 v\u00e0lid 1 any.<\/em><\/p>\n","protected":false},"featured_media":976,"template":"","meta":{"_kad_post_transparent":"","_kad_post_title":"","_kad_post_layout":"","_kad_post_sidebar_id":"","_kad_post_content_style":"","_kad_post_vertical_padding":"","_kad_post_feature":"","_kad_post_feature_position":"","_kad_post_header":false,"_kad_post_footer":false,"_kad_post_classname":""},"product_brand":[],"product_cat":[46],"product_tag":[],"class_list":{"0":"post-1338","1":"product","2":"type-product","3":"status-publish","4":"has-post-thumbnail","6":"product_cat-packs-ca-2","8":"first","9":"instock","10":"virtual","11":"taxable","12":"purchasable","13":"product-type-simple","14":"entry","15":"content-bg","16":"loop-entry"},"_links":{"self":[{"href":"https:\/\/elpalauetdelpriorat.com\/ca\/wp-json\/wp\/v2\/product\/1338","targetHints":{"allow":["GET"]}}],"collection":[{"href":"https:\/\/elpalauetdelpriorat.com\/ca\/wp-json\/wp\/v2\/product"}],"about":[{"href":"https:\/\/elpalauetdelpriorat.com\/ca\/wp-json\/wp\/v2\/types\/product"}],"wp:featuredmedia":[{"embeddable":true,"href":"https:\/\/elpalauetdelpriorat.com\/ca\/wp-json\/wp\/v2\/media\/976"}],"wp:attachment":[{"href":"https:\/\/elpalauetdelpriorat.com\/ca\/wp-json\/wp\/v2\/media?parent=1338"}],"wp:term":[{"taxonomy":"product_brand","embeddable":true,"href":"https:\/\/elpalauetdelpriorat.com\/ca\/wp-json\/wp\/v2\/product_brand?post=1338"},{"taxonomy":"product_cat","embeddable":true,"href":"https:\/\/elpalauetdelpriorat.com\/ca\/wp-json\/wp\/v2\/product_cat?post=1338"},{"taxonomy":"product_tag","embeddable":true,"href":"https:\/\/elpalauetdelpriorat.com\/ca\/wp-json\/wp\/v2\/product_tag?post=1338"}],"curies":[{"name":"wp","href":"https:\/\/api.w.org\/{rel}","templated":true}]}}