{"id":1324,"date":"2025-04-10T13:44:02","date_gmt":"2025-04-10T11:44:02","guid":{"rendered":"https:\/\/elpalauetdelpriorat.com\/el-palauet-del-priorat\/"},"modified":"2025-08-13T13:31:10","modified_gmt":"2025-08-13T11:31:10","slug":"el-palauet-del-priorat","status":"publish","type":"page","link":"https:\/\/elpalauetdelpriorat.com\/ca\/","title":{"rendered":"El Palauet del Priorat"},"content":{"rendered":"\n\n<div class=\"wp-block-buttons botones is-content-justification-center is-layout-flex wp-container-core-buttons-is-layout-16018d1d wp-block-buttons-is-layout-flex\">\n<div class=\"wp-block-button\"><a class=\"wp-block-button__link has-theme-palette-3-color has-theme-palette-9-background-color has-text-color has-background has-link-color has-small-font-size has-custom-font-size wp-element-button\" href=\"https:\/\/elpalauetdelpriorat.com\/ca\/reserves\/\">FES ARA LA TEVA RESERVA<\/a><\/div>\n\n\n\n<div class=\"wp-block-button\"><a class=\"wp-block-button__link has-small-font-size has-custom-font-size wp-element-button\" href=\"https:\/\/elpalauetdelpriorat.com\/ca\/reserves\/\">COMPROVA DISPONIBILITAT<\/a><\/div>\n<\/div>\n\n<div class=\"wp-block-cover alignfull\"><span aria-hidden=\"true\" class=\"wp-block-cover__background has-theme-palette-9-background-color has-background-dim-100 has-background-dim\"><\/span><div class=\"wp-block-cover__inner-container is-layout-constrained wp-block-cover-is-layout-constrained\">\n<p class=\"has-text-align-center has-large-font-size\"><\/p>\n\n\n\n<div class=\"wp-block-media-text has-media-on-the-right is-stacked-on-mobile movido\" style=\"grid-template-columns:auto 60%\"><div class=\"wp-block-media-text__content\">\n<p><\/p>\n\n\n\n<h2 class=\"wp-block-heading has-theme-palette-3-color has-text-color has-link-color has-larger-font-size wp-elements-1c518829afc19481f939dc38b0349bc9\">Tot pot passar, nom\u00e9s cal que ho desitgis<\/h2>\n\n\n\n<p class=\"has-theme-palette-5-color has-text-color has-link-color wp-elements-4be06fc25ac34fca3367cf343e284bcf\">Dormir a Cornudella de Montsant en un allotjament amb 7 Habitacions, cadascuna amb el seu encant, bany incl\u00f2s i dissenyades per oferir un ambient \u00fanic. El Palauet del Priorat t&#8217;espera al cor del Montsant. Un allotjament amb encant i familiar que far\u00e0 que la teva visita i estada sigui inoblidable.  <\/p>\n\n\n\n<div class=\"wp-block-buttons is-layout-flex wp-block-buttons-is-layout-flex\">\n<div class=\"wp-block-button is-style-outline is-style-outline--1\"><a class=\"wp-block-button__link has-theme-palette-3-color has-text-color has-link-color has-small-font-size has-custom-font-size wp-element-button\" href=\"https:\/\/elpalauetdelpriorat.com\/ca\/nosaltres\/\">DESCOBREIX-NOS<\/a><\/div>\n<\/div>\n\n\n\n<p><\/p>\n<\/div><figure class=\"wp-block-media-text__media\"><img loading=\"lazy\" decoding=\"async\" width=\"1024\" height=\"769\" src=\"https:\/\/elpalauetdelpriorat.com\/wp-content\/uploads\/2025\/04\/epdp-1024x769.jpg\" alt=\"\" class=\"wp-image-44 size-full\" srcset=\"https:\/\/elpalauetdelpriorat.com\/wp-content\/uploads\/2025\/04\/epdp-1024x769.jpg 1024w, https:\/\/elpalauetdelpriorat.com\/wp-content\/uploads\/2025\/04\/epdp-600x451.jpg 600w, https:\/\/elpalauetdelpriorat.com\/wp-content\/uploads\/2025\/04\/epdp-300x225.jpg 300w, https:\/\/elpalauetdelpriorat.com\/wp-content\/uploads\/2025\/04\/epdp-768x577.jpg 768w, https:\/\/elpalauetdelpriorat.com\/wp-content\/uploads\/2025\/04\/epdp.jpg 1440w\" sizes=\"auto, (max-width: 1024px) 100vw, 1024px\" \/><\/figure><\/div>\n<\/div><\/div>\n\n<div class=\"wp-block-cover alignfull\"><img loading=\"lazy\" decoding=\"async\" width=\"1500\" height=\"844\" class=\"wp-block-cover__image-background wp-image-527\" alt=\"\" src=\"https:\/\/elpalauetdelpriorat.com\/wp-content\/uploads\/2025\/06\/474007331_648573137499999_8425448507616124703_n.jpg\" data-object-fit=\"cover\" srcset=\"https:\/\/elpalauetdelpriorat.com\/wp-content\/uploads\/2025\/06\/474007331_648573137499999_8425448507616124703_n.jpg 1500w, https:\/\/elpalauetdelpriorat.com\/wp-content\/uploads\/2025\/06\/474007331_648573137499999_8425448507616124703_n-300x169.jpg 300w, https:\/\/elpalauetdelpriorat.com\/wp-content\/uploads\/2025\/06\/474007331_648573137499999_8425448507616124703_n-1024x576.jpg 1024w, https:\/\/elpalauetdelpriorat.com\/wp-content\/uploads\/2025\/06\/474007331_648573137499999_8425448507616124703_n-768x432.jpg 768w, https:\/\/elpalauetdelpriorat.com\/wp-content\/uploads\/2025\/06\/474007331_648573137499999_8425448507616124703_n-600x338.jpg 600w\" sizes=\"auto, (max-width: 1500px) 100vw, 1500px\" \/><span aria-hidden=\"true\" class=\"wp-block-cover__background has-background-dim-0 has-background-dim\" style=\"background-color:#657880\"><\/span><div class=\"wp-block-cover__inner-container is-layout-constrained wp-block-cover-is-layout-constrained\">\n<p class=\"has-text-align-center has-large-font-size\"><\/p>\n<\/div><\/div>\n\n<div class=\"wp-block-cover alignfull is-light\"><span aria-hidden=\"true\" class=\"wp-block-cover__background has-theme-palette-9-background-color has-background-dim\"><\/span><div class=\"wp-block-cover__inner-container is-layout-constrained wp-block-cover-is-layout-constrained\">\n<h2 class=\"wp-block-heading has-text-align-center has-theme-palette-4-color has-text-color has-link-color has-large-font-size wp-elements-cee27b9ba5ba2e58ade3eca39122f64f\">SERVEIS<\/h2>\n\n\n\n<p class=\"has-text-align-center has-theme-palette-6-color has-text-color has-link-color has-small-font-size wp-elements-63b64bf5a414a5cab6eaf2d3059d166c\">Descobreix el Montsant pas a pas<\/p>\n\n\n<div class=\"wp-block-image\">\n<figure class=\"aligncenter size-full is-resized\"><img loading=\"lazy\" decoding=\"async\" width=\"526\" height=\"42\" src=\"https:\/\/elpalauetdelpriorat.com\/wp-content\/uploads\/2025\/04\/Captura-de-pantalla-2025-04-10-a-las-15.04.58.png\" alt=\"\" class=\"wp-image-68\" style=\"width:258px;height:auto\" srcset=\"https:\/\/elpalauetdelpriorat.com\/wp-content\/uploads\/2025\/04\/Captura-de-pantalla-2025-04-10-a-las-15.04.58.png 526w, https:\/\/elpalauetdelpriorat.com\/wp-content\/uploads\/2025\/04\/Captura-de-pantalla-2025-04-10-a-las-15.04.58-300x24.png 300w\" sizes=\"auto, (max-width: 526px) 100vw, 526px\" \/><\/figure>\n<\/div>\n\n\n<div class=\"wp-block-columns columnas is-layout-flex wp-container-core-columns-is-layout-9d6595d7 wp-block-columns-is-layout-flex\">\n<div class=\"wp-block-column is-layout-flow wp-block-column-is-layout-flow\">\n<figure class=\"wp-block-image size-large\"><img loading=\"lazy\" decoding=\"async\" width=\"1024\" height=\"682\" src=\"https:\/\/elpalauetdelpriorat.com\/wp-content\/uploads\/2025\/04\/habs-1024x682.jpg\" alt=\"\" class=\"wp-image-72\" style=\"aspect-ratio:4\/3;object-fit:cover\" srcset=\"https:\/\/elpalauetdelpriorat.com\/wp-content\/uploads\/2025\/04\/habs-1024x682.jpg 1024w, https:\/\/elpalauetdelpriorat.com\/wp-content\/uploads\/2025\/04\/habs-600x400.jpg 600w, https:\/\/elpalauetdelpriorat.com\/wp-content\/uploads\/2025\/04\/habs-300x200.jpg 300w, https:\/\/elpalauetdelpriorat.com\/wp-content\/uploads\/2025\/04\/habs-768x512.jpg 768w, https:\/\/elpalauetdelpriorat.com\/wp-content\/uploads\/2025\/04\/habs-1536x1024.jpg 1536w, https:\/\/elpalauetdelpriorat.com\/wp-content\/uploads\/2025\/04\/habs.jpg 2000w\" sizes=\"auto, (max-width: 1024px) 100vw, 1024px\" \/><\/figure>\n\n\n\n<h3 class=\"wp-block-heading has-text-align-center\">Habitacions<\/h3>\n\n\n\n<p class=\"has-text-align-center\">5 suites i 2 habitacions dobles amb encant i personalitat convidant a qui s&#8217;allotja a viure una experi\u00e8ncia plena en ambients, serens i harmoniosos.<\/p>\n\n\n\n<p class=\"has-text-align-center estilo\"><a href=\"https:\/\/elpalauetdelpriorat.com\/ca\/les-habitacions\/\" data-type=\"page\" data-id=\"89\">LES 7 MERAVELLES<\/a><\/p>\n<\/div>\n\n\n\n<div class=\"wp-block-column is-layout-flow wp-block-column-is-layout-flow\">\n<figure class=\"wp-block-image size-large\"><img loading=\"lazy\" decoding=\"async\" width=\"1024\" height=\"767\" src=\"https:\/\/elpalauetdelpriorat.com\/wp-content\/uploads\/2025\/04\/pack-desconnexio-foto-1024x767.jpg\" alt=\"\" class=\"wp-image-264\" style=\"aspect-ratio:4\/3;object-fit:cover\" srcset=\"https:\/\/elpalauetdelpriorat.com\/wp-content\/uploads\/2025\/04\/pack-desconnexio-foto-1024x767.jpg 1024w, https:\/\/elpalauetdelpriorat.com\/wp-content\/uploads\/2025\/04\/pack-desconnexio-foto-600x450.jpg 600w, https:\/\/elpalauetdelpriorat.com\/wp-content\/uploads\/2025\/04\/pack-desconnexio-foto-300x225.jpg 300w, https:\/\/elpalauetdelpriorat.com\/wp-content\/uploads\/2025\/04\/pack-desconnexio-foto-768x576.jpg 768w, https:\/\/elpalauetdelpriorat.com\/wp-content\/uploads\/2025\/04\/pack-desconnexio-foto.jpg 1441w\" sizes=\"auto, (max-width: 1024px) 100vw, 1024px\" \/><\/figure>\n\n\n\n<h3 class=\"wp-block-heading has-text-align-center\">Experi\u00e8ncies<\/h3>\n\n\n\n<p class=\"has-text-align-center\">Tot pot passar, nom\u00e9s cal que ho desitgis. Anticipa&#8217;t i contacta amb nosaltres en el moment de realitzar la reserva. Organitzem la teva estada en una experi\u00e8ncia per despertar els SENTITS.  <\/p>\n\n\n\n<p class=\"has-text-align-center estilo\"><a href=\"https:\/\/elpalauetdelpriorat.com\/ca\/experiencies\/\" data-type=\"page\" data-id=\"147\">Programa la teva experi\u00e8ncia<\/a><\/p>\n<\/div>\n\n\n\n<div class=\"wp-block-column is-layout-flow wp-block-column-is-layout-flow\">\n<figure class=\"wp-block-image size-large\"><img loading=\"lazy\" decoding=\"async\" width=\"1024\" height=\"683\" src=\"https:\/\/elpalauetdelpriorat.com\/wp-content\/uploads\/2025\/04\/servicios2-1024x683.jpg\" alt=\"\" class=\"wp-image-70\" style=\"aspect-ratio:4\/3;object-fit:cover\" srcset=\"https:\/\/elpalauetdelpriorat.com\/wp-content\/uploads\/2025\/04\/servicios2-1024x683.jpg 1024w, https:\/\/elpalauetdelpriorat.com\/wp-content\/uploads\/2025\/04\/servicios2-600x400.jpg 600w, https:\/\/elpalauetdelpriorat.com\/wp-content\/uploads\/2025\/04\/servicios2-300x200.jpg 300w, https:\/\/elpalauetdelpriorat.com\/wp-content\/uploads\/2025\/04\/servicios2-768x512.jpg 768w, https:\/\/elpalauetdelpriorat.com\/wp-content\/uploads\/2025\/04\/servicios2.jpg 1107w\" sizes=\"auto, (max-width: 1024px) 100vw, 1024px\" \/><\/figure>\n\n\n\n<h3 class=\"wp-block-heading has-text-align-center\">Serveis<\/h3>\n\n\n\n<p class=\"has-text-align-center\">Vine a descobrir tots els serveis que pots gaudir al Palauet del Priorat.<\/p>\n\n\n\n<p class=\"has-text-align-center estilo\"><a href=\"https:\/\/elpalauetdelpriorat.com\/ca\/serveis\/\" data-type=\"page\" data-id=\"130\">Veure m\u00e9s<\/a><\/p>\n<\/div>\n<\/div>\n\n\n\n<div class=\"wp-block-columns are-vertically-aligned-center is-layout-flex wp-container-core-columns-is-layout-2d85a6ef wp-block-columns-is-layout-flex\" style=\"margin-top:var(--wp--preset--spacing--80);margin-bottom:var(--wp--preset--spacing--80)\">\n<div class=\"wp-block-column is-vertically-aligned-center is-layout-flow wp-block-column-is-layout-flow\" style=\"padding-right:var(--wp--preset--spacing--80);padding-left:var(--wp--preset--spacing--80)\">\n<h2 class=\"wp-block-heading has-xxlarge-font-size\">Un espai exclusiu per a tu t&#8217;espera per seduir-te<\/h2>\n<\/div>\n\n\n\n<div class=\"wp-block-column is-vertically-aligned-center is-layout-flow wp-block-column-is-layout-flow\">\n<p>Pau, confort i harmonia perfecta, el Palauet del Priorat, \u00e9s un allotjament rural amb encant situat a Cornudella de Montsant, envoltat d&#8217;entorns i paratges id\u00edl\u00b7lics a la comarca del Priorat a tan sols 40 km de Tarragona i 1h30 de Barcelona.<\/p>\n<\/div>\n<\/div>\n<\/div><\/div>\n\n<div class=\"wp-block-cover alignfull\" style=\"min-height:634px;aspect-ratio:unset;\"><img loading=\"lazy\" decoding=\"async\" width=\"2000\" height=\"1333\" class=\"wp-block-cover__image-background wp-image-86\" alt=\"\" src=\"https:\/\/elpalauetdelpriorat.com\/wp-content\/uploads\/2025\/04\/gastro.jpg\" data-object-fit=\"cover\" srcset=\"https:\/\/elpalauetdelpriorat.com\/wp-content\/uploads\/2025\/04\/gastro.jpg 2000w, https:\/\/elpalauetdelpriorat.com\/wp-content\/uploads\/2025\/04\/gastro-600x400.jpg 600w, https:\/\/elpalauetdelpriorat.com\/wp-content\/uploads\/2025\/04\/gastro-300x200.jpg 300w, https:\/\/elpalauetdelpriorat.com\/wp-content\/uploads\/2025\/04\/gastro-1024x682.jpg 1024w, https:\/\/elpalauetdelpriorat.com\/wp-content\/uploads\/2025\/04\/gastro-768x512.jpg 768w, https:\/\/elpalauetdelpriorat.com\/wp-content\/uploads\/2025\/04\/gastro-1536x1024.jpg 1536w\" sizes=\"auto, (max-width: 2000px) 100vw, 2000px\" \/><span aria-hidden=\"true\" class=\"wp-block-cover__background has-theme-palette-3-background-color has-background-dim-20 has-background-dim\"><\/span><div class=\"wp-block-cover__inner-container is-layout-constrained wp-block-cover-is-layout-constrained\">\n<h2 class=\"wp-block-heading has-text-align-center has-theme-palette-9-color has-text-color has-link-color has-large-font-size wp-elements-72ecbf84a4046e3593d3b26dc738b02d\">Experi\u00e8ncies gastron\u00f2miques<\/h2>\n\n\n\n<p class=\"has-text-align-center has-theme-palette-9-color has-text-color has-link-color wp-elements-79c1ebe74760414a6184e0538f45ffe2\">VINE A EXPERIMENTAR ELS NOSTRES SECRETS<\/p>\n<\/div><\/div>\n","protected":false},"excerpt":{"rendered":"","protected":false},"author":1,"featured_media":0,"parent":0,"menu_order":0,"comment_status":"closed","ping_status":"open","template":"","meta":{"_kad_post_transparent":"","_kad_post_title":"","_kad_post_layout":"","_kad_post_sidebar_id":"","_kad_post_content_style":"","_kad_post_vertical_padding":"","_kad_post_feature":"","_kad_post_feature_position":"","_kad_post_header":false,"_kad_post_footer":false,"_kad_post_classname":"","footnotes":""},"class_list":["post-1324","page","type-page","status-publish","hentry"],"_links":{"self":[{"href":"https:\/\/elpalauetdelpriorat.com\/ca\/wp-json\/wp\/v2\/pages\/1324","targetHints":{"allow":["GET"]}}],"collection":[{"href":"https:\/\/elpalauetdelpriorat.com\/ca\/wp-json\/wp\/v2\/pages"}],"about":[{"href":"https:\/\/elpalauetdelpriorat.com\/ca\/wp-json\/wp\/v2\/types\/page"}],"author":[{"embeddable":true,"href":"https:\/\/elpalauetdelpriorat.com\/ca\/wp-json\/wp\/v2\/users\/1"}],"replies":[{"embeddable":true,"href":"https:\/\/elpalauetdelpriorat.com\/ca\/wp-json\/wp\/v2\/comments?post=1324"}],"version-history":[{"count":2,"href":"https:\/\/elpalauetdelpriorat.com\/ca\/wp-json\/wp\/v2\/pages\/1324\/revisions"}],"predecessor-version":[{"id":2519,"href":"https:\/\/elpalauetdelpriorat.com\/ca\/wp-json\/wp\/v2\/pages\/1324\/revisions\/2519"}],"wp:attachment":[{"href":"https:\/\/elpalauetdelpriorat.com\/ca\/wp-json\/wp\/v2\/media?parent=1324"}],"curies":[{"name":"wp","href":"https:\/\/api.w.org\/{rel}","templated":true}]}}