{"id":1254,"date":"2025-04-10T15:39:54","date_gmt":"2025-04-10T13:39:54","guid":{"rendered":"https:\/\/elpalauetdelpriorat.com\/experiencies\/"},"modified":"2025-08-25T10:26:38","modified_gmt":"2025-08-25T08:26:38","slug":"experiencies","status":"publish","type":"page","link":"https:\/\/elpalauetdelpriorat.com\/ca\/experiencies\/","title":{"rendered":"Experi\u00e8ncies"},"content":{"rendered":"\n<div class=\"wp-block-cover alignfull arriba\" style=\"min-height:736px;aspect-ratio:unset;\"><img loading=\"lazy\" decoding=\"async\" width=\"1000\" height=\"1000\" class=\"wp-block-cover__image-background wp-image-142\" alt=\"\" src=\"https:\/\/elpalauetdelpriorat.com\/wp-content\/uploads\/2025\/04\/experiencias-1.jpg\" data-object-fit=\"cover\" srcset=\"https:\/\/elpalauetdelpriorat.com\/wp-content\/uploads\/2025\/04\/experiencias-1.jpg 1000w, https:\/\/elpalauetdelpriorat.com\/wp-content\/uploads\/2025\/04\/experiencias-1-300x300.jpg 300w, https:\/\/elpalauetdelpriorat.com\/wp-content\/uploads\/2025\/04\/experiencias-1-100x100.jpg 100w, https:\/\/elpalauetdelpriorat.com\/wp-content\/uploads\/2025\/04\/experiencias-1-600x600.jpg 600w, https:\/\/elpalauetdelpriorat.com\/wp-content\/uploads\/2025\/04\/experiencias-1-150x150.jpg 150w, https:\/\/elpalauetdelpriorat.com\/wp-content\/uploads\/2025\/04\/experiencias-1-768x768.jpg 768w\" sizes=\"auto, (max-width: 1000px) 100vw, 1000px\" \/><span aria-hidden=\"true\" class=\"wp-block-cover__background has-theme-palette-3-background-color has-background-dim-30 has-background-dim\"><\/span><div class=\"wp-block-cover__inner-container is-layout-constrained wp-block-cover-is-layout-constrained\">\n<p class=\"has-text-align-center has-theme-palette-9-color has-text-color has-link-color has-large-font-size wp-elements-57006fa267a7dfcc54981da5b2bd1a14\">EXPERI\u00c8NCIES<\/p>\n<\/div><\/div>\n\n<div class=\"wp-block-buttons botones is-content-justification-center is-layout-flex wp-container-core-buttons-is-layout-16018d1d wp-block-buttons-is-layout-flex\">\n<div class=\"wp-block-button\"><a class=\"wp-block-button__link has-theme-palette-3-color has-theme-palette-9-background-color has-text-color has-background has-link-color has-small-font-size has-custom-font-size wp-element-button\" href=\"https:\/\/elpalauetdelpriorat.com\/ca\/reserves\/\">FES ARA LA TEVA RESERVA<\/a><\/div>\n\n\n\n<div class=\"wp-block-button\"><a class=\"wp-block-button__link has-small-font-size has-custom-font-size wp-element-button\" href=\"https:\/\/elpalauetdelpriorat.com\/ca\/reserves\/\">COMPROVA DISPONIBILITAT<\/a><\/div>\n<\/div>\n\n<div class=\"wp-block-columns are-vertically-aligned-center is-layout-flex wp-container-core-columns-is-layout-2d85a6ef wp-block-columns-is-layout-flex\" style=\"margin-top:var(--wp--preset--spacing--80);margin-bottom:var(--wp--preset--spacing--80)\">\n<div class=\"wp-block-column is-vertically-aligned-center is-layout-flow wp-block-column-is-layout-flow\" style=\"padding-right:var(--wp--preset--spacing--80);padding-left:var(--wp--preset--spacing--80)\">\n<h2 class=\"wp-block-heading has-xxlarge-font-size\">Pau, confort i harmonia perfecta<\/h2>\n<\/div>\n\n\n\n<div class=\"wp-block-column is-vertically-aligned-center is-layout-flow wp-block-column-is-layout-flow\">\n<p>Tot pot succeir, nom\u00e9s cal que ho desitgis. Anticipa&#8217;t i contacta amb nosaltres en el moment de realitzar la reserva. Organitzem la teva estada en una experi\u00e8ncia per al despertar dels SENTITS.  <\/p>\n<\/div>\n<\/div>\n\n<div class=\"wp-block-cover aligncenter has-theme-palette-3-color has-text-color has-link-color wp-elements-a40523949166aa7211b82edd328f35a1\" style=\"padding-top:var(--wp--preset--spacing--80);padding-bottom:var(--wp--preset--spacing--80)\"><span aria-hidden=\"true\" class=\"wp-block-cover__background has-theme-palette-9-background-color has-background-dim-100 has-background-dim\"><\/span><div class=\"wp-block-cover__inner-container is-layout-constrained wp-block-cover-is-layout-constrained\">\n<div class=\"wp-block-columns columnas is-layout-flex wp-container-core-columns-is-layout-9d6595d7 wp-block-columns-is-layout-flex\">\n<div class=\"wp-block-column is-layout-flow wp-block-column-is-layout-flow\">\n<figure class=\"wp-block-image size-large\"><img loading=\"lazy\" decoding=\"async\" width=\"1024\" height=\"768\" src=\"https:\/\/elpalauetdelpriorat.com\/wp-content\/uploads\/2025\/04\/wine-1024x768.jpg\" alt=\"\" class=\"wp-image-155\" style=\"aspect-ratio:4\/3;object-fit:cover\" srcset=\"https:\/\/elpalauetdelpriorat.com\/wp-content\/uploads\/2025\/04\/wine-1024x768.jpg 1024w, https:\/\/elpalauetdelpriorat.com\/wp-content\/uploads\/2025\/04\/wine-600x450.jpg 600w, https:\/\/elpalauetdelpriorat.com\/wp-content\/uploads\/2025\/04\/wine-300x225.jpg 300w, https:\/\/elpalauetdelpriorat.com\/wp-content\/uploads\/2025\/04\/wine-768x576.jpg 768w, https:\/\/elpalauetdelpriorat.com\/wp-content\/uploads\/2025\/04\/wine.jpg 1440w\" sizes=\"auto, (max-width: 1024px) 100vw, 1024px\" \/><\/figure>\n\n\n\n<h3 class=\"wp-block-heading has-text-align-center\">ENOTURISME<\/h3>\n\n\n\n<p class=\"has-text-align-center estilo\">Informa&#8217;t de les visites guiades a Cellers d&#8217;aquest entorn privilegiat com D.O. Montsant-D.O.Q. Priorat i beneficia&#8217;t dels nostres acords especials per a clients. Una experi\u00e8ncia per deixar volar els teus sentits i entendre les arrels dels nostres or\u00edgens vitivin\u00edcoles.  <\/p>\n<\/div>\n\n\n\n<div class=\"wp-block-column is-layout-flow wp-block-column-is-layout-flow\">\n<figure class=\"wp-block-image size-full\"><img loading=\"lazy\" decoding=\"async\" width=\"1600\" height=\"1200\" src=\"https:\/\/elpalauetdelpriorat.com\/wp-content\/uploads\/2025\/08\/WhatsApp-Image-2025-08-25-at-08.16.37.jpeg\" alt=\"\" class=\"wp-image-21709\" style=\"aspect-ratio:4\/3;object-fit:cover\" srcset=\"https:\/\/elpalauetdelpriorat.com\/wp-content\/uploads\/2025\/08\/WhatsApp-Image-2025-08-25-at-08.16.37.jpeg 1600w, https:\/\/elpalauetdelpriorat.com\/wp-content\/uploads\/2025\/08\/WhatsApp-Image-2025-08-25-at-08.16.37-300x225.jpeg 300w, https:\/\/elpalauetdelpriorat.com\/wp-content\/uploads\/2025\/08\/WhatsApp-Image-2025-08-25-at-08.16.37-1024x768.jpeg 1024w, https:\/\/elpalauetdelpriorat.com\/wp-content\/uploads\/2025\/08\/WhatsApp-Image-2025-08-25-at-08.16.37-768x576.jpeg 768w, https:\/\/elpalauetdelpriorat.com\/wp-content\/uploads\/2025\/08\/WhatsApp-Image-2025-08-25-at-08.16.37-1536x1152.jpeg 1536w, https:\/\/elpalauetdelpriorat.com\/wp-content\/uploads\/2025\/08\/WhatsApp-Image-2025-08-25-at-08.16.37-600x450.jpeg 600w\" sizes=\"auto, (max-width: 1600px) 100vw, 1600px\" \/><\/figure>\n\n\n\n<h3 class=\"wp-block-heading has-text-align-center\">RUTES 4X4<\/h3>\n\n\n\n<p>Arribem molt lluny, les millors rutes tot terreny 4\u00d74 per les muntanyes de Siurana, Prades, Montsant i Priorat.<\/p>\n\n\n\n<p class=\"has-text-align-center estilo\">Natura entre vinyes, paisatges de somni, combina-ho amb la nostra cistella p\u00edcnic i deixa&#8217;t portar per les emocions.<\/p>\n<\/div>\n\n\n\n<div class=\"wp-block-column is-layout-flow wp-block-column-is-layout-flow\">\n<figure class=\"wp-block-image size-full\"><img loading=\"lazy\" decoding=\"async\" width=\"960\" height=\"720\" src=\"https:\/\/elpalauetdelpriorat.com\/wp-content\/uploads\/2025\/04\/bici.jpg\" alt=\"\" class=\"wp-image-153\" style=\"aspect-ratio:4\/3;object-fit:cover\" srcset=\"https:\/\/elpalauetdelpriorat.com\/wp-content\/uploads\/2025\/04\/bici.jpg 960w, https:\/\/elpalauetdelpriorat.com\/wp-content\/uploads\/2025\/04\/bici-600x450.jpg 600w, https:\/\/elpalauetdelpriorat.com\/wp-content\/uploads\/2025\/04\/bici-300x225.jpg 300w, https:\/\/elpalauetdelpriorat.com\/wp-content\/uploads\/2025\/04\/bici-768x576.jpg 768w\" sizes=\"auto, (max-width: 960px) 100vw, 960px\" \/><\/figure>\n\n\n\n<h3 class=\"wp-block-heading has-text-align-center\">SOBRE RODES<\/h3>\n\n\n\n<p>Descobreix la riquesa de l&#8217;entorn pedalant per paratges de somni, nosaltres t&#8217;oferim rutes. Necessites equipament? Et lloguem tot l&#8217;equip i fins i tot el guia.  <\/p>\n\n\n\n<p class=\"has-text-align-center estilo\">Combina-ho amb la nostra cistella p\u00edcnic dels sabors de la Terra.<\/p>\n<\/div>\n<\/div>\n\n\n\n<div class=\"wp-block-columns columnas is-layout-flex wp-container-core-columns-is-layout-9d6595d7 wp-block-columns-is-layout-flex\">\n<div class=\"wp-block-column is-layout-flow wp-block-column-is-layout-flow\">\n<figure class=\"wp-block-image size-full\"><img loading=\"lazy\" decoding=\"async\" width=\"1024\" height=\"768\" src=\"https:\/\/elpalauetdelpriorat.com\/wp-content\/uploads\/2025\/04\/descubreix.jpg\" alt=\"\" class=\"wp-image-152\" srcset=\"https:\/\/elpalauetdelpriorat.com\/wp-content\/uploads\/2025\/04\/descubreix.jpg 1024w, https:\/\/elpalauetdelpriorat.com\/wp-content\/uploads\/2025\/04\/descubreix-600x450.jpg 600w, https:\/\/elpalauetdelpriorat.com\/wp-content\/uploads\/2025\/04\/descubreix-300x225.jpg 300w, https:\/\/elpalauetdelpriorat.com\/wp-content\/uploads\/2025\/04\/descubreix-768x576.jpg 768w\" sizes=\"auto, (max-width: 1024px) 100vw, 1024px\" \/><\/figure>\n\n\n\n<h3 class=\"wp-block-heading has-text-align-center\">EL PRIORAT A PEU<\/h3>\n\n\n\n<p>Per als amants de la natura, quina millor manera que descobrir a peu, llocs m\u00e0gics, espectaculars senders, rutes i coves del Montsant, Serres de Prades i del Priorat.<\/p>\n\n\n\n<p class=\"has-text-align-center estilo\">Creem per a tu la ruta ideal. No t&#8217;oblidis d&#8217;emportar-te la nostra cistella p\u00edcnic per gaudir dels sabors de la terra sense limitacions. <\/p>\n<\/div>\n\n\n\n<div class=\"wp-block-column is-layout-flow wp-block-column-is-layout-flow\">\n<figure class=\"wp-block-image size-large\"><img loading=\"lazy\" decoding=\"async\" width=\"1024\" height=\"768\" src=\"https:\/\/elpalauetdelpriorat.com\/wp-content\/uploads\/2025\/04\/anfiteatro-tarragona-1024x768.jpg\" alt=\"\" class=\"wp-image-151\" srcset=\"https:\/\/elpalauetdelpriorat.com\/wp-content\/uploads\/2025\/04\/anfiteatro-tarragona-1024x768.jpg 1024w, https:\/\/elpalauetdelpriorat.com\/wp-content\/uploads\/2025\/04\/anfiteatro-tarragona-600x450.jpg 600w, https:\/\/elpalauetdelpriorat.com\/wp-content\/uploads\/2025\/04\/anfiteatro-tarragona-300x225.jpg 300w, https:\/\/elpalauetdelpriorat.com\/wp-content\/uploads\/2025\/04\/anfiteatro-tarragona-768x576.jpg 768w, https:\/\/elpalauetdelpriorat.com\/wp-content\/uploads\/2025\/04\/anfiteatro-tarragona.jpg 1440w\" sizes=\"auto, (max-width: 1024px) 100vw, 1024px\" \/><\/figure>\n\n\n\n<h3 class=\"wp-block-heading has-text-align-center\">ENRIQUIMENT CULTURAL<\/h3>\n\n\n\n<p class=\"has-text-align-center estilo has-theme-palette-3-color has-text-color has-link-color wp-elements-8318098876367c871a846aeb56d942cf\">\u2013 Visites teatralitzades a l&#8217;\u00faltima fortalesa Sarra\u00efna.<br\/>\u2013 Gaudir de galeries subterr\u00e0nies.<br\/>\u2013 Visites a la Cartoixa d&#8217;Escaladei, descobreix la primera Cartoixa de la pen\u00ednsula.<br\/>\u2013 Ermites, llocs m\u00edstics, espais de silenci i contemplaci\u00f3.<br\/>\u2013 Pobles amb encant: Siurana, Albarca, Prades&#8230;<br\/>\u2013 Pintures rupestres.<\/p>\n<\/div>\n\n\n\n<div class=\"wp-block-column is-layout-flow wp-block-column-is-layout-flow\">\n<figure class=\"wp-block-image size-full\"><img loading=\"lazy\" decoding=\"async\" width=\"640\" height=\"480\" src=\"https:\/\/elpalauetdelpriorat.com\/wp-content\/uploads\/2025\/04\/kayac.jpg\" alt=\"\" class=\"wp-image-150\" srcset=\"https:\/\/elpalauetdelpriorat.com\/wp-content\/uploads\/2025\/04\/kayac.jpg 640w, https:\/\/elpalauetdelpriorat.com\/wp-content\/uploads\/2025\/04\/kayac-600x450.jpg 600w, https:\/\/elpalauetdelpriorat.com\/wp-content\/uploads\/2025\/04\/kayac-300x225.jpg 300w\" sizes=\"auto, (max-width: 640px) 100vw, 640px\" \/><\/figure>\n\n\n\n<h3 class=\"wp-block-heading has-text-align-center\">CAIAC A SIURANA<\/h3>\n\n\n\n<p class=\"has-text-align-center estilo\">En parella o fam\u00edlia descobreix els racons on et porta l&#8217;aigua del Pant\u00e0 de Siurana, diversi\u00f3, endinsada en l&#8217;harmonia de la natura. Posa&#8217;t en contacte amb nosaltres. <\/p>\n<\/div>\n<\/div>\n<\/div><\/div>\n","protected":false},"excerpt":{"rendered":"<p>Pau, confort i harmonia perfecta Tot pot succeir, nom\u00e9s cal que ho desitgis. Anticipa&#8217;t i contacta amb nosaltres en el moment de realitzar la reserva. Organitzem la teva estada en una experi\u00e8ncia per al despertar dels SENTITS.<\/p>\n","protected":false},"author":1,"featured_media":0,"parent":0,"menu_order":0,"comment_status":"closed","ping_status":"closed","template":"","meta":{"_kad_post_transparent":"","_kad_post_title":"","_kad_post_layout":"","_kad_post_sidebar_id":"","_kad_post_content_style":"","_kad_post_vertical_padding":"","_kad_post_feature":"","_kad_post_feature_position":"","_kad_post_header":false,"_kad_post_footer":false,"_kad_post_classname":"","footnotes":""},"class_list":["post-1254","page","type-page","status-publish","hentry"],"_links":{"self":[{"href":"https:\/\/elpalauetdelpriorat.com\/ca\/wp-json\/wp\/v2\/pages\/1254","targetHints":{"allow":["GET"]}}],"collection":[{"href":"https:\/\/elpalauetdelpriorat.com\/ca\/wp-json\/wp\/v2\/pages"}],"about":[{"href":"https:\/\/elpalauetdelpriorat.com\/ca\/wp-json\/wp\/v2\/types\/page"}],"author":[{"embeddable":true,"href":"https:\/\/elpalauetdelpriorat.com\/ca\/wp-json\/wp\/v2\/users\/1"}],"replies":[{"embeddable":true,"href":"https:\/\/elpalauetdelpriorat.com\/ca\/wp-json\/wp\/v2\/comments?post=1254"}],"version-history":[{"count":3,"href":"https:\/\/elpalauetdelpriorat.com\/ca\/wp-json\/wp\/v2\/pages\/1254\/revisions"}],"predecessor-version":[{"id":21716,"href":"https:\/\/elpalauetdelpriorat.com\/ca\/wp-json\/wp\/v2\/pages\/1254\/revisions\/21716"}],"wp:attachment":[{"href":"https:\/\/elpalauetdelpriorat.com\/ca\/wp-json\/wp\/v2\/media?parent=1254"}],"curies":[{"name":"wp","href":"https:\/\/api.w.org\/{rel}","templated":true}]}}