{"id":1252,"date":"2025-04-10T15:34:49","date_gmt":"2025-04-10T13:34:49","guid":{"rendered":"https:\/\/elpalauetdelpriorat.com\/serveis\/"},"modified":"2025-08-03T11:09:41","modified_gmt":"2025-08-03T09:09:41","slug":"serveis","status":"publish","type":"page","link":"https:\/\/elpalauetdelpriorat.com\/ca\/serveis\/","title":{"rendered":"Serveis"},"content":{"rendered":"\n<div class=\"wp-block-cover alignfull arriba\" style=\"min-height:736px;aspect-ratio:unset;\"><span aria-hidden=\"true\" class=\"wp-block-cover__background has-theme-palette-3-background-color has-background-dim-30 has-background-dim\"><\/span><img loading=\"lazy\" decoding=\"async\" width=\"2000\" height=\"1333\" class=\"wp-block-cover__image-background wp-image-131\" alt=\"\" src=\"https:\/\/elpalauetdelpriorat.com\/wp-content\/uploads\/2025\/04\/sillas.jpg\" data-object-fit=\"cover\" srcset=\"https:\/\/elpalauetdelpriorat.com\/wp-content\/uploads\/2025\/04\/sillas.jpg 2000w, https:\/\/elpalauetdelpriorat.com\/wp-content\/uploads\/2025\/04\/sillas-600x400.jpg 600w, https:\/\/elpalauetdelpriorat.com\/wp-content\/uploads\/2025\/04\/sillas-300x200.jpg 300w, https:\/\/elpalauetdelpriorat.com\/wp-content\/uploads\/2025\/04\/sillas-1024x682.jpg 1024w, https:\/\/elpalauetdelpriorat.com\/wp-content\/uploads\/2025\/04\/sillas-768x512.jpg 768w, https:\/\/elpalauetdelpriorat.com\/wp-content\/uploads\/2025\/04\/sillas-1536x1024.jpg 1536w\" sizes=\"auto, (max-width: 2000px) 100vw, 2000px\" \/><div class=\"wp-block-cover__inner-container is-layout-constrained wp-block-cover-is-layout-constrained\">\n<p class=\"has-text-align-center has-theme-palette-9-color has-text-color has-link-color has-large-font-size wp-elements-09dcf306ce0542b8767fa2e45da29544\">SERVEIS<\/p>\n<\/div><\/div>\n\n<div class=\"wp-block-buttons botones is-content-justification-center is-layout-flex wp-container-core-buttons-is-layout-16018d1d wp-block-buttons-is-layout-flex\">\n<div class=\"wp-block-button has-custom-font-size has-small-font-size\"><a class=\"wp-block-button__link has-theme-palette-3-color has-theme-palette-9-background-color has-text-color has-background has-link-color wp-element-button\" href=\"https:\/\/elpalauetdelpriorat.com\/ca\/reserves\/\">FES ARA LA TEVA RESERVA<\/a><\/div>\n\n\n\n<div class=\"wp-block-button has-custom-font-size has-small-font-size\"><a class=\"wp-block-button__link wp-element-button\" href=\"https:\/\/elpalauetdelpriorat.com\/ca\/reserves\/\">COMPROVA DISPONIBILITAT<\/a><\/div>\n<\/div>\n\n<div class=\"wp-block-cover aligncenter has-theme-palette-3-color has-text-color has-link-color wp-elements-5b756db4004afefb913b967f0eda5473\" style=\"padding-top:var(--wp--preset--spacing--80);padding-bottom:var(--wp--preset--spacing--80)\"><span aria-hidden=\"true\" class=\"wp-block-cover__background has-theme-palette-9-background-color has-background-dim-100 has-background-dim\"><\/span><div class=\"wp-block-cover__inner-container is-layout-constrained wp-block-cover-is-layout-constrained\">\n<div class=\"wp-block-columns columnas is-layout-flex wp-container-core-columns-is-layout-9d6595d7 wp-block-columns-is-layout-flex\">\n<div class=\"wp-block-column is-layout-flow wp-block-column-is-layout-flow\">\n<figure class=\"wp-block-image size-large\"><img loading=\"lazy\" decoding=\"async\" width=\"1024\" height=\"682\" src=\"https:\/\/elpalauetdelpriorat.com\/wp-content\/uploads\/2025\/04\/esmorzars2-1024x682.jpg\" alt=\"\" class=\"wp-image-140\" srcset=\"https:\/\/elpalauetdelpriorat.com\/wp-content\/uploads\/2025\/04\/esmorzars2-1024x682.jpg 1024w, https:\/\/elpalauetdelpriorat.com\/wp-content\/uploads\/2025\/04\/esmorzars2-600x400.jpg 600w, https:\/\/elpalauetdelpriorat.com\/wp-content\/uploads\/2025\/04\/esmorzars2-300x200.jpg 300w, https:\/\/elpalauetdelpriorat.com\/wp-content\/uploads\/2025\/04\/esmorzars2-768x512.jpg 768w, https:\/\/elpalauetdelpriorat.com\/wp-content\/uploads\/2025\/04\/esmorzars2-1536x1024.jpg 1536w, https:\/\/elpalauetdelpriorat.com\/wp-content\/uploads\/2025\/04\/esmorzars2.jpg 2000w\" sizes=\"auto, (max-width: 1024px) 100vw, 1024px\" \/><\/figure>\n\n\n\n<h3 class=\"wp-block-heading has-text-align-center\">CARTA DE DINARS<\/h3>\n\n\n\n<p class=\"has-text-align-center estilo\">Elecci\u00f3 de dinars per innovar i sorprendre: casolans, vegetarians, saludables, amb productes locals i artesanals per gaudir dels sabors del Priorat.<\/p>\n<\/div>\n\n\n\n<div class=\"wp-block-column is-layout-flow wp-block-column-is-layout-flow\">\n<figure class=\"wp-block-image size-large\"><img loading=\"lazy\" decoding=\"async\" width=\"1024\" height=\"683\" src=\"https:\/\/elpalauetdelpriorat.com\/wp-content\/uploads\/2025\/04\/IMG_8292-1024x683.jpg\" alt=\"\" class=\"wp-image-139\" srcset=\"https:\/\/elpalauetdelpriorat.com\/wp-content\/uploads\/2025\/04\/IMG_8292-1024x683.jpg 1024w, https:\/\/elpalauetdelpriorat.com\/wp-content\/uploads\/2025\/04\/IMG_8292-600x400.jpg 600w, https:\/\/elpalauetdelpriorat.com\/wp-content\/uploads\/2025\/04\/IMG_8292-300x200.jpg 300w, https:\/\/elpalauetdelpriorat.com\/wp-content\/uploads\/2025\/04\/IMG_8292-768x512.jpg 768w, https:\/\/elpalauetdelpriorat.com\/wp-content\/uploads\/2025\/04\/IMG_8292.jpg 1500w\" sizes=\"auto, (max-width: 1024px) 100vw, 1024px\" \/><\/figure>\n\n\n\n<h3 class=\"wp-block-heading has-text-align-center\">MULTIDISCIPLINAR<\/h3>\n\n\n\n<p class=\"has-text-align-center estilo\">Disposem de diferents espais per a l&#8217;organitzaci\u00f3 d&#8217;esdeveniments d&#8217;empresa, celebracions familiars i presentacions de producte. Descobreix la versatilitat d&#8217;una casa hist\u00f2rica al Priorat. <\/p>\n<\/div>\n\n\n\n<div class=\"wp-block-column is-layout-flow wp-block-column-is-layout-flow\">\n<figure class=\"wp-block-image size-large\"><img loading=\"lazy\" decoding=\"async\" width=\"1024\" height=\"683\" src=\"https:\/\/elpalauetdelpriorat.com\/wp-content\/uploads\/2025\/04\/IMG_8366-1024x683.jpg\" alt=\"\" class=\"wp-image-138\" srcset=\"https:\/\/elpalauetdelpriorat.com\/wp-content\/uploads\/2025\/04\/IMG_8366-1024x683.jpg 1024w, https:\/\/elpalauetdelpriorat.com\/wp-content\/uploads\/2025\/04\/IMG_8366-600x400.jpg 600w, https:\/\/elpalauetdelpriorat.com\/wp-content\/uploads\/2025\/04\/IMG_8366-300x200.jpg 300w, https:\/\/elpalauetdelpriorat.com\/wp-content\/uploads\/2025\/04\/IMG_8366-768x512.jpg 768w, https:\/\/elpalauetdelpriorat.com\/wp-content\/uploads\/2025\/04\/IMG_8366.jpg 1500w\" sizes=\"auto, (max-width: 1024px) 100vw, 1024px\" \/><\/figure>\n\n\n\n<h3 class=\"wp-block-heading has-text-align-center\">PUNT D&#8217;INFORMACI\u00d3 TUR\u00cdSTICA<\/h3>\n\n\n\n<p class=\"has-text-align-center estilo\">Descobreix el Montsant de la nostra m\u00e0. Deixa&#8217;t seduir per la terra, entorn i aire del Montsant. <\/p>\n<\/div>\n<\/div>\n\n\n\n<div class=\"wp-block-columns columnas is-layout-flex wp-container-core-columns-is-layout-9d6595d7 wp-block-columns-is-layout-flex\">\n<div class=\"wp-block-column is-layout-flow wp-block-column-is-layout-flow\">\n<figure class=\"wp-block-image size-large\"><img loading=\"lazy\" decoding=\"async\" width=\"1024\" height=\"682\" src=\"https:\/\/elpalauetdelpriorat.com\/wp-content\/uploads\/2025\/04\/SERVICIO-1024x682.jpg\" alt=\"\" class=\"wp-image-137\" srcset=\"https:\/\/elpalauetdelpriorat.com\/wp-content\/uploads\/2025\/04\/SERVICIO-1024x682.jpg 1024w, https:\/\/elpalauetdelpriorat.com\/wp-content\/uploads\/2025\/04\/SERVICIO-600x400.jpg 600w, https:\/\/elpalauetdelpriorat.com\/wp-content\/uploads\/2025\/04\/SERVICIO-300x200.jpg 300w, https:\/\/elpalauetdelpriorat.com\/wp-content\/uploads\/2025\/04\/SERVICIO-768x512.jpg 768w, https:\/\/elpalauetdelpriorat.com\/wp-content\/uploads\/2025\/04\/SERVICIO-1536x1024.jpg 1536w, https:\/\/elpalauetdelpriorat.com\/wp-content\/uploads\/2025\/04\/SERVICIO.jpg 2000w\" sizes=\"auto, (max-width: 1024px) 100vw, 1024px\" \/><\/figure>\n\n\n\n<h3 class=\"wp-block-heading has-text-align-center\">SERVEI D&#8217;HABITACIONS<\/h3>\n\n\n\n<p class=\"has-text-align-center estilo\">Des del Palauet del Priorat volem mimar cada detall, per aix\u00f2 ens preocupem pel teu benestar respectant la teva intimitat i oferint-te el nostre servei d&#8217;habitacions amb peticions especials. Gaudeix de l&#8217;esmorzar, un bon vi o cava al teu espai m\u00e9s \u00edntim, nom\u00e9s has de desitjar-ho. <\/p>\n<\/div>\n\n\n\n<div class=\"wp-block-column is-layout-flow wp-block-column-is-layout-flow\">\n<figure class=\"wp-block-image size-large\"><img loading=\"lazy\" decoding=\"async\" width=\"1024\" height=\"682\" src=\"https:\/\/elpalauetdelpriorat.com\/wp-content\/uploads\/2025\/04\/pet-frendly-1024x682.jpg\" alt=\"\" class=\"wp-image-136\" srcset=\"https:\/\/elpalauetdelpriorat.com\/wp-content\/uploads\/2025\/04\/pet-frendly-1024x682.jpg 1024w, https:\/\/elpalauetdelpriorat.com\/wp-content\/uploads\/2025\/04\/pet-frendly-600x400.jpg 600w, https:\/\/elpalauetdelpriorat.com\/wp-content\/uploads\/2025\/04\/pet-frendly-300x200.jpg 300w, https:\/\/elpalauetdelpriorat.com\/wp-content\/uploads\/2025\/04\/pet-frendly-768x512.jpg 768w, https:\/\/elpalauetdelpriorat.com\/wp-content\/uploads\/2025\/04\/pet-frendly-1536x1024.jpg 1536w, https:\/\/elpalauetdelpriorat.com\/wp-content\/uploads\/2025\/04\/pet-frendly.jpg 2000w\" sizes=\"auto, (max-width: 1024px) 100vw, 1024px\" \/><\/figure>\n\n\n\n<h3 class=\"wp-block-heading has-text-align-center\">PET FRIENDLY<\/h3>\n\n\n\n<p class=\"has-text-align-center estilo has-theme-palette-3-color has-text-color has-link-color wp-elements-bae8375276811ec1be0fefca18ba64da\">Perqu\u00e8 sabem que la teva mascota \u00e9s el m\u00e9s important, t&#8217;oferim la possibilitat que el teu animal gaudeixi de les vacances amb tu en un parad\u00eds natural com \u00e9s el Montsant. * Consultar servei. <\/p>\n<\/div>\n\n\n\n<div class=\"wp-block-column is-layout-flow wp-block-column-is-layout-flow\">\n<figure class=\"wp-block-image size-large\"><img loading=\"lazy\" decoding=\"async\" width=\"1024\" height=\"683\" src=\"https:\/\/elpalauetdelpriorat.com\/wp-content\/uploads\/2025\/04\/km0-1024x683.jpg\" alt=\"\" class=\"wp-image-135\" srcset=\"https:\/\/elpalauetdelpriorat.com\/wp-content\/uploads\/2025\/04\/km0-1024x683.jpg 1024w, https:\/\/elpalauetdelpriorat.com\/wp-content\/uploads\/2025\/04\/km0-scaled-600x400.jpg 600w, https:\/\/elpalauetdelpriorat.com\/wp-content\/uploads\/2025\/04\/km0-300x200.jpg 300w, https:\/\/elpalauetdelpriorat.com\/wp-content\/uploads\/2025\/04\/km0-768x512.jpg 768w, https:\/\/elpalauetdelpriorat.com\/wp-content\/uploads\/2025\/04\/km0-1536x1024.jpg 1536w, https:\/\/elpalauetdelpriorat.com\/wp-content\/uploads\/2025\/04\/km0-2048x1365.jpg 2048w\" sizes=\"auto, (max-width: 1024px) 100vw, 1024px\" \/><\/figure>\n\n\n\n<h3 class=\"wp-block-heading has-text-align-center\">GOURMET I KM0<\/h3>\n\n\n\n<p class=\"has-text-align-center estilo\">El Palauet del Priorat posa a disposici\u00f3 dels seus clients productes de km 0, vins i altres productes artesanals perqu\u00e8 t&#8217;emportis els sabors de la terra a casa teva.<\/p>\n<\/div>\n<\/div>\n\n\n\n<p class=\"has-text-align-center has-large-font-size\"><\/p>\n<\/div><\/div>\n","protected":false},"excerpt":{"rendered":"","protected":false},"author":1,"featured_media":0,"parent":0,"menu_order":0,"comment_status":"closed","ping_status":"closed","template":"","meta":{"_kad_post_transparent":"","_kad_post_title":"","_kad_post_layout":"","_kad_post_sidebar_id":"","_kad_post_content_style":"","_kad_post_vertical_padding":"","_kad_post_feature":"","_kad_post_feature_position":"","_kad_post_header":false,"_kad_post_footer":false,"_kad_post_classname":"","footnotes":""},"class_list":["post-1252","page","type-page","status-publish","hentry"],"_links":{"self":[{"href":"https:\/\/elpalauetdelpriorat.com\/ca\/wp-json\/wp\/v2\/pages\/1252","targetHints":{"allow":["GET"]}}],"collection":[{"href":"https:\/\/elpalauetdelpriorat.com\/ca\/wp-json\/wp\/v2\/pages"}],"about":[{"href":"https:\/\/elpalauetdelpriorat.com\/ca\/wp-json\/wp\/v2\/types\/page"}],"author":[{"embeddable":true,"href":"https:\/\/elpalauetdelpriorat.com\/ca\/wp-json\/wp\/v2\/users\/1"}],"replies":[{"embeddable":true,"href":"https:\/\/elpalauetdelpriorat.com\/ca\/wp-json\/wp\/v2\/comments?post=1252"}],"version-history":[{"count":1,"href":"https:\/\/elpalauetdelpriorat.com\/ca\/wp-json\/wp\/v2\/pages\/1252\/revisions"}],"predecessor-version":[{"id":1253,"href":"https:\/\/elpalauetdelpriorat.com\/ca\/wp-json\/wp\/v2\/pages\/1252\/revisions\/1253"}],"wp:attachment":[{"href":"https:\/\/elpalauetdelpriorat.com\/ca\/wp-json\/wp\/v2\/media?parent=1252"}],"curies":[{"name":"wp","href":"https:\/\/api.w.org\/{rel}","templated":true}]}}