{"id":1202,"date":"2025-04-10T15:49:41","date_gmt":"2025-04-10T13:49:41","guid":{"rendered":"https:\/\/elpalauetdelpriorat.com\/nosaltres\/"},"modified":"2025-08-03T11:08:24","modified_gmt":"2025-08-03T09:08:24","slug":"nosaltres","status":"publish","type":"page","link":"https:\/\/elpalauetdelpriorat.com\/ca\/nosaltres\/","title":{"rendered":"Nosaltres"},"content":{"rendered":"\n<div class=\"wp-block-cover alignfull arriba\" style=\"min-height:736px;aspect-ratio:unset;\"><span aria-hidden=\"true\" class=\"wp-block-cover__background has-theme-palette-3-background-color has-background-dim-30 has-background-dim\"><\/span><img loading=\"lazy\" decoding=\"async\" width=\"2500\" height=\"1667\" class=\"wp-block-cover__image-background wp-image-126\" alt=\"\" src=\"https:\/\/elpalauetdelpriorat.com\/wp-content\/uploads\/2025\/04\/3-.jpg\" data-object-fit=\"cover\" srcset=\"https:\/\/elpalauetdelpriorat.com\/wp-content\/uploads\/2025\/04\/3-.jpg 2500w, https:\/\/elpalauetdelpriorat.com\/wp-content\/uploads\/2025\/04\/3--600x400.jpg 600w, https:\/\/elpalauetdelpriorat.com\/wp-content\/uploads\/2025\/04\/3--300x200.jpg 300w, https:\/\/elpalauetdelpriorat.com\/wp-content\/uploads\/2025\/04\/3--1024x683.jpg 1024w, https:\/\/elpalauetdelpriorat.com\/wp-content\/uploads\/2025\/04\/3--768x512.jpg 768w, https:\/\/elpalauetdelpriorat.com\/wp-content\/uploads\/2025\/04\/3--1536x1024.jpg 1536w, https:\/\/elpalauetdelpriorat.com\/wp-content\/uploads\/2025\/04\/3--2048x1366.jpg 2048w\" sizes=\"auto, (max-width: 2500px) 100vw, 2500px\" \/><div class=\"wp-block-cover__inner-container is-layout-constrained wp-block-cover-is-layout-constrained\">\n<p class=\"has-text-align-center has-theme-palette-9-color has-text-color has-link-color has-large-font-size wp-elements-7be3d428f44b3e172f9cf28def1d2606\">NOSALTRES<\/p>\n<\/div><\/div>\n\n<div class=\"wp-block-buttons botones is-content-justification-center is-layout-flex wp-container-core-buttons-is-layout-16018d1d wp-block-buttons-is-layout-flex\">\n<div class=\"wp-block-button has-custom-font-size has-small-font-size\"><a class=\"wp-block-button__link has-theme-palette-3-color has-theme-palette-9-background-color has-text-color has-background has-link-color wp-element-button\" href=\"https:\/\/elpalauetdelpriorat.com\/reservas\/\">FES ARA LA TEVA RESERVA<\/a><\/div>\n\n\n\n<div class=\"wp-block-button has-custom-font-size has-small-font-size\"><a class=\"wp-block-button__link wp-element-button\" href=\"https:\/\/elpalauetdelpriorat.com\/reservas\/\">COMPROVA DISPONIBILITAT<\/a><\/div>\n<\/div>\n\n<div class=\"wp-block-cover alignfull\"><span aria-hidden=\"true\" class=\"wp-block-cover__background has-theme-palette-9-background-color has-background-dim-100 has-background-dim\"><\/span><div class=\"wp-block-cover__inner-container is-layout-constrained wp-block-cover-is-layout-constrained\">\n<p><\/p>\n\n\n\n<h2 class=\"wp-block-heading has-text-align-center has-theme-palette-2-color has-text-color has-link-color has-large-font-size wp-elements-632db78abc0a73a23b8b196852929789\">La nostra hist\u00f2ria<\/h2>\n\n\n\n<p class=\"has-text-align-center has-theme-palette-2-color has-text-color has-link-color has-medium-font-size wp-elements-383bc7664d2b0ba67a81957165f180e4\">\u201cEl Palauet del Priorat \u00e9s un oasi per a tu, una casa amb m\u00e9s de 130 anys d&#8217;esplendor, exclusius dissenys d&#8217;acabats nobles, fustes amb exquisides vetes i extraordinaris tocs contemporanis s\u00f3n una experi\u00e8ncia totalment estimulant en una casa assentada sobre un mantell de roques calc\u00e0ries.\u201d<\/p>\n\n\n<div class=\"wp-block-image\">\n<figure class=\"aligncenter size-full is-resized\"><img loading=\"lazy\" decoding=\"async\" width=\"526\" height=\"42\" src=\"https:\/\/elpalauetdelpriorat.com\/wp-content\/uploads\/2025\/04\/Captura-de-pantalla-2025-04-10-a-las-15.04.58.png\" alt=\"\" class=\"wp-image-68\" style=\"width:258px;height:auto\" srcset=\"https:\/\/elpalauetdelpriorat.com\/wp-content\/uploads\/2025\/04\/Captura-de-pantalla-2025-04-10-a-las-15.04.58.png 526w, https:\/\/elpalauetdelpriorat.com\/wp-content\/uploads\/2025\/04\/Captura-de-pantalla-2025-04-10-a-las-15.04.58-300x24.png 300w\" sizes=\"auto, (max-width: 526px) 100vw, 526px\" \/><\/figure>\n<\/div>\n\n\n<p><\/p>\n\n\n\n<div class=\"wp-block-columns is-layout-flex wp-container-core-columns-is-layout-9d6595d7 wp-block-columns-is-layout-flex\">\n<div class=\"wp-block-column is-layout-flow wp-block-column-is-layout-flow\" style=\"padding-right:var(--wp--preset--spacing--40);padding-left:var(--wp--preset--spacing--40)\">\n<h2 class=\"wp-block-heading has-theme-palette-3-color has-text-color has-link-color wp-elements-635c8d3c609aed544b6c0f375586c46c\">La millor qualitat<\/h2>\n\n\n\n<p class=\"has-theme-palette-3-color has-text-color has-link-color wp-elements-4c7ce5bf1f4e19797a46f6675aa27e6c\">El Palauet del Priorat \u00e9s una barreja d&#8217;oasi, rac\u00f3 de tranquil\u00b7litat, oci i turisme rural per a tu, en una casa amb m\u00e9s de tres segles d&#8217;esplendor. On exclusius dissenys d&#8217;acabats nobles, fustes amb exquisides vetes i extraordinaris tocs contemporanis s\u00f3n una experi\u00e8ncia totalment estimulant. Pau, confort, comoditats i serveis en harmonia perfecta, en definitiva un equilibri entre el modern i el cl\u00e0ssic.  <\/p>\n<\/div>\n\n\n\n<div class=\"wp-block-column is-layout-flow wp-block-column-is-layout-flow\" style=\"padding-right:var(--wp--preset--spacing--40);padding-left:var(--wp--preset--spacing--40)\">\n<h2 class=\"wp-block-heading has-theme-palette-3-color has-text-color has-link-color wp-elements-b8ea92b5d138c5ed9787b5c21837e4de\">La millor elecci\u00f3<\/h2>\n\n\n\n<p class=\"has-theme-palette-3-color has-text-color has-link-color wp-elements-e21546313a96d611663d86c3912a657e\">7 habitacions, dues d&#8217;elles dobles, cinc suites amb bany i 3 zones s&#8217;integren per a la perfecci\u00f3 del teu plaer: hall, sala menjador i club social a les golfes. Al Palauet del Priorat s&#8217;han preservat les zones nobles, s&#8217;han restaurat les parets de pedra i terres de marbre amb total confort i qualitat, sof\u00e0s Chester, butaques chals eims i el benestar de xemeneies de marbre donen vida a la teva estada. <\/p>\n\n\n\n<p class=\"has-theme-palette-3-color has-text-color has-link-color wp-elements-dff2c8678374d338bf3cff061bde197d\">El Palauet del Priorat actualment est\u00e0 \u00edntegrament restaurat per crear un somni de plaer i descans, respectant l&#8217;arquitectura cl\u00e0ssica i bioconstrucci\u00f3 avalada per la Unesco utilitzant els materials i mat\u00e8ries primeres ecol\u00f2giques com s&#8217;usaven antigament.<\/p>\n<\/div>\n\n\n\n<div class=\"wp-block-column is-layout-flow wp-block-column-is-layout-flow\" style=\"padding-right:var(--wp--preset--spacing--40);padding-left:var(--wp--preset--spacing--40)\">\n<h2 class=\"wp-block-heading has-theme-palette-3-color has-text-color has-link-color wp-elements-64ad6cf216f6538739914b455d62bc70\">El secret de l&#8217;exclusivitat<\/h2>\n\n\n\n<p class=\"has-theme-palette-3-color has-text-color has-link-color wp-elements-e386f1976f09e1b69558ddec85fed1e1\">Pau, confort i harmonia perfecta, el Palauet del Priorat, est\u00e0 situat a Cornudella de Montsant, envoltat d&#8217;entorns i paratges id\u00edl\u00b7lics a la comarca del Priorat a tan sols 40 km de Tarragona i 1h30 de Barcelona.<\/p>\n<\/div>\n<\/div>\n\n\n<div class=\"wp-block-image\">\n<figure class=\"aligncenter size-full is-resized\"><img loading=\"lazy\" decoding=\"async\" width=\"526\" height=\"42\" src=\"https:\/\/elpalauetdelpriorat.com\/wp-content\/uploads\/2025\/04\/Captura-de-pantalla-2025-04-10-a-las-15.04.58.png\" alt=\"\" class=\"wp-image-68\" style=\"width:258px;height:auto\" srcset=\"https:\/\/elpalauetdelpriorat.com\/wp-content\/uploads\/2025\/04\/Captura-de-pantalla-2025-04-10-a-las-15.04.58.png 526w, https:\/\/elpalauetdelpriorat.com\/wp-content\/uploads\/2025\/04\/Captura-de-pantalla-2025-04-10-a-las-15.04.58-300x24.png 300w\" sizes=\"auto, (max-width: 526px) 100vw, 526px\" \/><\/figure>\n<\/div>\n\n\n<div class=\"wp-block-columns is-layout-flex wp-container-core-columns-is-layout-9d6595d7 wp-block-columns-is-layout-flex\">\n<div class=\"wp-block-column is-layout-flow wp-block-column-is-layout-flow\" style=\"padding-right:var(--wp--preset--spacing--40);padding-left:var(--wp--preset--spacing--40)\">\n<h3 class=\"wp-block-heading has-theme-palette-3-color has-text-color has-link-color wp-elements-fe307d375d814593a8162db16674084a\">SALES NOBLES I POLIVAL\u00c8NCIA<\/h3>\n\n\n\n<figure class=\"wp-block-image size-large\"><img loading=\"lazy\" decoding=\"async\" width=\"1024\" height=\"683\" src=\"https:\/\/elpalauetdelpriorat.com\/wp-content\/uploads\/2025\/04\/IMG_8292-1024x683.jpg\" alt=\"\" class=\"wp-image-139\" srcset=\"https:\/\/elpalauetdelpriorat.com\/wp-content\/uploads\/2025\/04\/IMG_8292-1024x683.jpg 1024w, https:\/\/elpalauetdelpriorat.com\/wp-content\/uploads\/2025\/04\/IMG_8292-600x400.jpg 600w, https:\/\/elpalauetdelpriorat.com\/wp-content\/uploads\/2025\/04\/IMG_8292-300x200.jpg 300w, https:\/\/elpalauetdelpriorat.com\/wp-content\/uploads\/2025\/04\/IMG_8292-768x512.jpg 768w, https:\/\/elpalauetdelpriorat.com\/wp-content\/uploads\/2025\/04\/IMG_8292.jpg 1500w\" sizes=\"auto, (max-width: 1024px) 100vw, 1024px\" \/><\/figure>\n\n\n\n<p class=\"has-theme-palette-3-color has-text-color has-link-color wp-elements-2dfcf29e99e6342b817af917d4dbd5dc\">Al Palauet del Priorat disposem d&#8217;espais dissenyats per acollir qualsevol tipus d&#8217;esdeveniment o celebraci\u00f3 particular o professional garantint l&#8217;\u00e8xit dels mateixos.<\/p>\n\n\n\n<p class=\"has-theme-palette-3-color has-text-color has-link-color wp-elements-de9993f2cbf21df13b2fe9ee06ac8148\"><a href=\"mailto:pepe@elpalauetdelpriorat.com\">M\u00e9s informaci\u00f3 i reserves.<\/a><\/p>\n<\/div>\n\n\n\n<div class=\"wp-block-column is-layout-flow wp-block-column-is-layout-flow\" style=\"padding-right:var(--wp--preset--spacing--40);padding-left:var(--wp--preset--spacing--40)\">\n<h3 class=\"wp-block-heading has-theme-palette-3-color has-text-color has-link-color wp-elements-291d82beeafdb16a97778d7aecf66522\">LES 7 HABITACIONS<\/h3>\n\n\n\n<figure class=\"wp-block-image size-large\"><img loading=\"lazy\" decoding=\"async\" width=\"1024\" height=\"682\" src=\"https:\/\/elpalauetdelpriorat.com\/wp-content\/uploads\/2025\/04\/SERVICIO-1024x682.jpg\" alt=\"\" class=\"wp-image-137\" srcset=\"https:\/\/elpalauetdelpriorat.com\/wp-content\/uploads\/2025\/04\/SERVICIO-1024x682.jpg 1024w, https:\/\/elpalauetdelpriorat.com\/wp-content\/uploads\/2025\/04\/SERVICIO-600x400.jpg 600w, https:\/\/elpalauetdelpriorat.com\/wp-content\/uploads\/2025\/04\/SERVICIO-300x200.jpg 300w, https:\/\/elpalauetdelpriorat.com\/wp-content\/uploads\/2025\/04\/SERVICIO-768x512.jpg 768w, https:\/\/elpalauetdelpriorat.com\/wp-content\/uploads\/2025\/04\/SERVICIO-1536x1024.jpg 1536w, https:\/\/elpalauetdelpriorat.com\/wp-content\/uploads\/2025\/04\/SERVICIO.jpg 2000w\" sizes=\"auto, (max-width: 1024px) 100vw, 1024px\" \/><\/figure>\n\n\n\n<p><\/p>\n\n\n\n<p class=\"has-theme-palette-3-color has-text-color has-link-color wp-elements-545e25933342010d3ff213b63969b903\">5 suites i 2 habitacions dobles amb encant i personalitat convidant a qui s&#8217;allotja a viure una experi\u00e8ncia plenament en ambients, serens i harmoniosos.<\/p>\n\n\n\n<p class=\"has-theme-palette-3-color has-text-color has-link-color wp-elements-514b37175d2bf6fa011715c39ed5dac3\"><a href=\"https:\/\/elpalauetdelpriorat.com\/siete-sentidos\">Escull la teva preferida<\/a><\/p>\n<\/div>\n<\/div>\n<\/div><\/div>\n","protected":false},"excerpt":{"rendered":"","protected":false},"author":1,"featured_media":0,"parent":0,"menu_order":0,"comment_status":"closed","ping_status":"closed","template":"","meta":{"_kad_post_transparent":"","_kad_post_title":"","_kad_post_layout":"","_kad_post_sidebar_id":"","_kad_post_content_style":"","_kad_post_vertical_padding":"","_kad_post_feature":"","_kad_post_feature_position":"","_kad_post_header":false,"_kad_post_footer":false,"_kad_post_classname":"","footnotes":""},"class_list":["post-1202","page","type-page","status-publish","hentry"],"_links":{"self":[{"href":"https:\/\/elpalauetdelpriorat.com\/ca\/wp-json\/wp\/v2\/pages\/1202","targetHints":{"allow":["GET"]}}],"collection":[{"href":"https:\/\/elpalauetdelpriorat.com\/ca\/wp-json\/wp\/v2\/pages"}],"about":[{"href":"https:\/\/elpalauetdelpriorat.com\/ca\/wp-json\/wp\/v2\/types\/page"}],"author":[{"embeddable":true,"href":"https:\/\/elpalauetdelpriorat.com\/ca\/wp-json\/wp\/v2\/users\/1"}],"replies":[{"embeddable":true,"href":"https:\/\/elpalauetdelpriorat.com\/ca\/wp-json\/wp\/v2\/comments?post=1202"}],"version-history":[{"count":1,"href":"https:\/\/elpalauetdelpriorat.com\/ca\/wp-json\/wp\/v2\/pages\/1202\/revisions"}],"predecessor-version":[{"id":1204,"href":"https:\/\/elpalauetdelpriorat.com\/ca\/wp-json\/wp\/v2\/pages\/1202\/revisions\/1204"}],"wp:attachment":[{"href":"https:\/\/elpalauetdelpriorat.com\/ca\/wp-json\/wp\/v2\/media?parent=1202"}],"curies":[{"name":"wp","href":"https:\/\/api.w.org\/{rel}","templated":true}]}}