{"id":1143,"date":"2025-06-02T17:31:07","date_gmt":"2025-06-02T15:31:07","guid":{"rendered":"https:\/\/elpalauetdelpriorat.com\/esdeveniments\/"},"modified":"2025-08-03T13:33:13","modified_gmt":"2025-08-03T11:33:13","slug":"esdeveniments","status":"publish","type":"page","link":"https:\/\/elpalauetdelpriorat.com\/ca\/esdeveniments\/","title":{"rendered":"Esdeveniments"},"content":{"rendered":"\n<div class=\"wp-block-cover alignfull arriba\" style=\"min-height:100vh;aspect-ratio:unset;\"><img loading=\"lazy\" decoding=\"async\" width=\"1536\" height=\"2048\" class=\"wp-block-cover__image-background wp-image-1531 size-full\" alt=\"\" src=\"https:\/\/elpalauetdelpriorat.com\/wp-content\/uploads\/2025\/08\/WhatsApp-Image-2025-06-03-at-12.04.33.jpeg\" style=\"object-position:49% 45%\" data-object-fit=\"cover\" data-object-position=\"49% 45%\" srcset=\"https:\/\/elpalauetdelpriorat.com\/wp-content\/uploads\/2025\/08\/WhatsApp-Image-2025-06-03-at-12.04.33.jpeg 1536w, https:\/\/elpalauetdelpriorat.com\/wp-content\/uploads\/2025\/08\/WhatsApp-Image-2025-06-03-at-12.04.33-225x300.jpeg 225w, https:\/\/elpalauetdelpriorat.com\/wp-content\/uploads\/2025\/08\/WhatsApp-Image-2025-06-03-at-12.04.33-768x1024.jpeg 768w, https:\/\/elpalauetdelpriorat.com\/wp-content\/uploads\/2025\/08\/WhatsApp-Image-2025-06-03-at-12.04.33-1152x1536.jpeg 1152w, https:\/\/elpalauetdelpriorat.com\/wp-content\/uploads\/2025\/08\/WhatsApp-Image-2025-06-03-at-12.04.33-600x800.jpeg 600w\" sizes=\"auto, (max-width: 1536px) 100vw, 1536px\" \/><span aria-hidden=\"true\" class=\"wp-block-cover__background has-theme-palette-3-background-color has-background-dim-30 has-background-dim\"><\/span><div class=\"wp-block-cover__inner-container is-layout-constrained wp-block-cover-is-layout-constrained\">\n<p class=\"has-text-align-center has-theme-palette-9-color has-text-color has-link-color has-large-font-size wp-elements-f89583e0cdf2bd4ffd9527b77b7785b7\">ESDEVENIMENTS<\/p>\n<\/div><\/div>\n\n<div class=\"wp-block-buttons botones is-content-justification-center is-layout-flex wp-container-core-buttons-is-layout-16018d1d wp-block-buttons-is-layout-flex\">\n<div class=\"wp-block-button\"><a class=\"wp-block-button__link has-theme-palette-3-color has-theme-palette-9-background-color has-text-color has-background has-link-color has-small-font-size has-custom-font-size wp-element-button\" href=\"https:\/\/elpalauetdelpriorat.com\/ca\/reserves\/\">FES ARA LA TEVA RESERVA<\/a><\/div>\n\n\n\n<div class=\"wp-block-button\"><a class=\"wp-block-button__link has-small-font-size has-custom-font-size wp-element-button\" href=\"https:\/\/elpalauetdelpriorat.com\/ca\/reserves\/\">COMPROVA DISPONIBILITAT<\/a><\/div>\n<\/div>\n\n<div class=\"wp-block-columns are-vertically-aligned-center is-layout-flex wp-container-core-columns-is-layout-2d85a6ef wp-block-columns-is-layout-flex\" style=\"margin-top:var(--wp--preset--spacing--80);margin-bottom:var(--wp--preset--spacing--80)\">\n<div class=\"wp-block-column is-vertically-aligned-center is-layout-flow wp-block-column-is-layout-flow\" style=\"padding-right:var(--wp--preset--spacing--80);padding-left:var(--wp--preset--spacing--80)\">\n<h2 class=\"wp-block-heading has-xxlarge-font-size\"><br\/>Reunions d&#8217;empresa, casaments \u00edntims, celebracions familiars&#8230;<\/h2>\n<\/div>\n\n\n\n<div class=\"wp-block-column is-vertically-aligned-center is-layout-flow wp-block-column-is-layout-flow\">\n<p>El Palauet del Priorat es transforma en tot all\u00f2 que imagini. Espais vers\u00e0tils. Aqu\u00ed tot pot succeir nom\u00e9s cal que ho desitgis&#8230;  <\/p>\n<\/div>\n<\/div>\n\n<div class=\"wp-block-cover\" style=\"padding-right:var(--wp--preset--spacing--80);padding-left:var(--wp--preset--spacing--80)\"><span aria-hidden=\"true\" class=\"wp-block-cover__background has-theme-palette-9-background-color has-background-dim-100 has-background-dim\"><\/span><div class=\"wp-block-cover__inner-container is-layout-constrained wp-container-core-cover-is-layout-8de92ddb wp-block-cover-is-layout-constrained\">\n<p class=\"has-text-align-center has-large-font-size\"><\/p>\n\n\n\n<div class=\"wp-block-columns are-vertically-aligned-top has-theme-palette-3-color has-text-color has-link-color wp-elements-f3da5a2fb3f855d1e973e857e90604fb is-layout-flex wp-container-core-columns-is-layout-9d6595d7 wp-block-columns-is-layout-flex\">\n<div class=\"wp-block-column is-vertically-aligned-top is-layout-flow wp-block-column-is-layout-flow\" style=\"flex-basis:66.66%\">\n<p>Amb tota seguretat farem tot el possible i destinarem la nostra atenci\u00f3 perqu\u00e8 la seva estada sigui el m\u00e9s confortable i agradable possible. I per deixar fluir les idees posem a la seva disposici\u00f3 una sala de 60m2 amb llum natural i xemeneia per a reunions i convencions d&#8217;empresa amb tot el necessari per al seu esdeveniment corporatiu. <\/p>\n\n\n\n<p>El seu esdeveniment pot ser combinat amb servei de lunch, coffee break, sopar dinar, rutes enotur\u00edstiques amb visites a vinyes i tast de vins, i ja que som punt d&#8217;informaci\u00f3 del parc natural i podem ajudar-lo a organitzar el seu esdeveniment perqu\u00e8 sigui una experi\u00e8ncia inoblidable.<\/p>\n\n\n\n<p><strong>Especial reuni\u00f3 d&#8217;empresa (una nit)<\/strong><\/p>\n\n\n\n<ul class=\"wp-block-list\">\n<li>1 Nit amb allotjament en habitaci\u00f3 deluxe d&#8217;\u00fas individual<\/li>\n\n\n\n<li>1 Esmorzar<\/li>\n\n\n\n<li>1 Dinar o sopar a escollir (a la carta)<\/li>\n\n\n\n<li>3 Free corner amb caf\u00e8s\/ tes\/ infusions \/ refrescos \/ galetes<\/li>\n<\/ul>\n\n\n\n<p>*A partir de 160 eur per persona\/ dia (+ IVA)<\/p>\n\n\n\n<p>*Lloguer de sala 250 \/ dia (+ IVA)<\/p>\n<\/div>\n\n\n\n<div class=\"wp-block-column is-vertically-aligned-top is-layout-flow wp-block-column-is-layout-flow\" style=\"flex-basis:33.33%\"><p class=\"wpcf7-contact-form-not-found\"><strong>Error:<\/strong> No s&#039;ha trobat el formulari de contacte.<\/p>\n<\/div>\n<\/div>\n\n\n\n<p class=\"has-text-align-center has-large-font-size\"><\/p>\n\n\n\n<h2 class=\"wp-block-heading has-theme-palette-3-color has-text-color has-link-color wp-elements-cfc7d23d74eeed5deab4fadcc751db24\">Reunions d&#8217;empresa<\/h2>\n\n\n\n<figure class=\"wp-block-gallery has-nested-images columns-default is-cropped wp-block-gallery-1 is-layout-flex wp-block-gallery-is-layout-flex\">\n<figure class=\"wp-block-image size-large\"><img loading=\"lazy\" decoding=\"async\" width=\"1024\" height=\"768\" data-id=\"1501\" src=\"https:\/\/elpalauetdelpriorat.com\/wp-content\/uploads\/2025\/08\/WhatsApp-Image-2025-06-03-at-12.11.54-1024x768.jpeg\" alt=\"\" class=\"wp-image-1501\" srcset=\"https:\/\/elpalauetdelpriorat.com\/wp-content\/uploads\/2025\/08\/WhatsApp-Image-2025-06-03-at-12.11.54-1024x768.jpeg 1024w, https:\/\/elpalauetdelpriorat.com\/wp-content\/uploads\/2025\/08\/WhatsApp-Image-2025-06-03-at-12.11.54-300x225.jpeg 300w, https:\/\/elpalauetdelpriorat.com\/wp-content\/uploads\/2025\/08\/WhatsApp-Image-2025-06-03-at-12.11.54-768x576.jpeg 768w, https:\/\/elpalauetdelpriorat.com\/wp-content\/uploads\/2025\/08\/WhatsApp-Image-2025-06-03-at-12.11.54-1536x1152.jpeg 1536w, https:\/\/elpalauetdelpriorat.com\/wp-content\/uploads\/2025\/08\/WhatsApp-Image-2025-06-03-at-12.11.54-600x450.jpeg 600w, https:\/\/elpalauetdelpriorat.com\/wp-content\/uploads\/2025\/08\/WhatsApp-Image-2025-06-03-at-12.11.54.jpeg 1600w\" sizes=\"auto, (max-width: 1024px) 100vw, 1024px\" \/><\/figure>\n\n\n\n<figure class=\"wp-block-image size-large\"><img loading=\"lazy\" decoding=\"async\" width=\"768\" height=\"1024\" data-id=\"1507\" src=\"https:\/\/elpalauetdelpriorat.com\/wp-content\/uploads\/2025\/08\/WhatsApp-Image-2025-06-03-at-12.09.45-768x1024.jpeg\" alt=\"\" class=\"wp-image-1507\" srcset=\"https:\/\/elpalauetdelpriorat.com\/wp-content\/uploads\/2025\/08\/WhatsApp-Image-2025-06-03-at-12.09.45-768x1024.jpeg 768w, https:\/\/elpalauetdelpriorat.com\/wp-content\/uploads\/2025\/08\/WhatsApp-Image-2025-06-03-at-12.09.45-225x300.jpeg 225w, https:\/\/elpalauetdelpriorat.com\/wp-content\/uploads\/2025\/08\/WhatsApp-Image-2025-06-03-at-12.09.45-1152x1536.jpeg 1152w, https:\/\/elpalauetdelpriorat.com\/wp-content\/uploads\/2025\/08\/WhatsApp-Image-2025-06-03-at-12.09.45-600x800.jpeg 600w, https:\/\/elpalauetdelpriorat.com\/wp-content\/uploads\/2025\/08\/WhatsApp-Image-2025-06-03-at-12.09.45.jpeg 1200w\" sizes=\"auto, (max-width: 768px) 100vw, 768px\" \/><\/figure>\n\n\n\n<figure class=\"wp-block-image size-large\"><img loading=\"lazy\" decoding=\"async\" width=\"1024\" height=\"768\" data-id=\"1519\" src=\"https:\/\/elpalauetdelpriorat.com\/wp-content\/uploads\/2025\/08\/WhatsApp-Image-2025-06-03-at-12.09.14-1024x768.jpeg\" alt=\"\" class=\"wp-image-1519\" srcset=\"https:\/\/elpalauetdelpriorat.com\/wp-content\/uploads\/2025\/08\/WhatsApp-Image-2025-06-03-at-12.09.14-1024x768.jpeg 1024w, https:\/\/elpalauetdelpriorat.com\/wp-content\/uploads\/2025\/08\/WhatsApp-Image-2025-06-03-at-12.09.14-300x225.jpeg 300w, https:\/\/elpalauetdelpriorat.com\/wp-content\/uploads\/2025\/08\/WhatsApp-Image-2025-06-03-at-12.09.14-768x576.jpeg 768w, https:\/\/elpalauetdelpriorat.com\/wp-content\/uploads\/2025\/08\/WhatsApp-Image-2025-06-03-at-12.09.14-1536x1152.jpeg 1536w, https:\/\/elpalauetdelpriorat.com\/wp-content\/uploads\/2025\/08\/WhatsApp-Image-2025-06-03-at-12.09.14-600x450.jpeg 600w, https:\/\/elpalauetdelpriorat.com\/wp-content\/uploads\/2025\/08\/WhatsApp-Image-2025-06-03-at-12.09.14.jpeg 1600w\" sizes=\"auto, (max-width: 1024px) 100vw, 1024px\" \/><\/figure>\n\n\n\n<figure class=\"wp-block-image size-large\"><img loading=\"lazy\" decoding=\"async\" width=\"1024\" height=\"768\" data-id=\"1513\" src=\"https:\/\/elpalauetdelpriorat.com\/wp-content\/uploads\/2025\/08\/WhatsApp-Image-2025-06-03-at-12.09.15-1024x768.jpeg\" alt=\"\" class=\"wp-image-1513\" srcset=\"https:\/\/elpalauetdelpriorat.com\/wp-content\/uploads\/2025\/08\/WhatsApp-Image-2025-06-03-at-12.09.15-1024x768.jpeg 1024w, https:\/\/elpalauetdelpriorat.com\/wp-content\/uploads\/2025\/08\/WhatsApp-Image-2025-06-03-at-12.09.15-300x225.jpeg 300w, https:\/\/elpalauetdelpriorat.com\/wp-content\/uploads\/2025\/08\/WhatsApp-Image-2025-06-03-at-12.09.15-768x576.jpeg 768w, https:\/\/elpalauetdelpriorat.com\/wp-content\/uploads\/2025\/08\/WhatsApp-Image-2025-06-03-at-12.09.15-1536x1152.jpeg 1536w, https:\/\/elpalauetdelpriorat.com\/wp-content\/uploads\/2025\/08\/WhatsApp-Image-2025-06-03-at-12.09.15-600x450.jpeg 600w, https:\/\/elpalauetdelpriorat.com\/wp-content\/uploads\/2025\/08\/WhatsApp-Image-2025-06-03-at-12.09.15.jpeg 1600w\" sizes=\"auto, (max-width: 1024px) 100vw, 1024px\" \/><\/figure>\n<\/figure>\n\n\n\n<h2 class=\"wp-block-heading has-theme-palette-3-color has-text-color has-link-color wp-elements-1137444e2eca8ac43d8297cb13761724\">Celebracions<\/h2>\n\n\n\n<figure class=\"wp-block-gallery has-nested-images columns-default is-cropped wp-block-gallery-2 is-layout-flex wp-block-gallery-is-layout-flex\">\n<figure class=\"wp-block-image size-large\"><img loading=\"lazy\" decoding=\"async\" width=\"1024\" height=\"768\" data-id=\"1495\" src=\"https:\/\/elpalauetdelpriorat.com\/wp-content\/uploads\/2025\/08\/WhatsApp-Image-2025-06-03-at-12.11.55-1024x768.jpeg\" alt=\"\" class=\"wp-image-1495\" srcset=\"https:\/\/elpalauetdelpriorat.com\/wp-content\/uploads\/2025\/08\/WhatsApp-Image-2025-06-03-at-12.11.55-1024x768.jpeg 1024w, https:\/\/elpalauetdelpriorat.com\/wp-content\/uploads\/2025\/08\/WhatsApp-Image-2025-06-03-at-12.11.55-300x225.jpeg 300w, https:\/\/elpalauetdelpriorat.com\/wp-content\/uploads\/2025\/08\/WhatsApp-Image-2025-06-03-at-12.11.55-768x576.jpeg 768w, https:\/\/elpalauetdelpriorat.com\/wp-content\/uploads\/2025\/08\/WhatsApp-Image-2025-06-03-at-12.11.55-1536x1152.jpeg 1536w, https:\/\/elpalauetdelpriorat.com\/wp-content\/uploads\/2025\/08\/WhatsApp-Image-2025-06-03-at-12.11.55-600x450.jpeg 600w, https:\/\/elpalauetdelpriorat.com\/wp-content\/uploads\/2025\/08\/WhatsApp-Image-2025-06-03-at-12.11.55.jpeg 2048w\" sizes=\"auto, (max-width: 1024px) 100vw, 1024px\" \/><\/figure>\n\n\n\n<figure class=\"wp-block-image size-large\"><img loading=\"lazy\" decoding=\"async\" width=\"1024\" height=\"768\" data-id=\"1489\" src=\"https:\/\/elpalauetdelpriorat.com\/wp-content\/uploads\/2025\/08\/WhatsApp-Image-2025-06-03-at-12.11.55-1-1024x768.jpeg\" alt=\"\" class=\"wp-image-1489\" srcset=\"https:\/\/elpalauetdelpriorat.com\/wp-content\/uploads\/2025\/08\/WhatsApp-Image-2025-06-03-at-12.11.55-1-1024x768.jpeg 1024w, https:\/\/elpalauetdelpriorat.com\/wp-content\/uploads\/2025\/08\/WhatsApp-Image-2025-06-03-at-12.11.55-1-300x225.jpeg 300w, https:\/\/elpalauetdelpriorat.com\/wp-content\/uploads\/2025\/08\/WhatsApp-Image-2025-06-03-at-12.11.55-1-768x576.jpeg 768w, https:\/\/elpalauetdelpriorat.com\/wp-content\/uploads\/2025\/08\/WhatsApp-Image-2025-06-03-at-12.11.55-1-1536x1152.jpeg 1536w, https:\/\/elpalauetdelpriorat.com\/wp-content\/uploads\/2025\/08\/WhatsApp-Image-2025-06-03-at-12.11.55-1-600x450.jpeg 600w, https:\/\/elpalauetdelpriorat.com\/wp-content\/uploads\/2025\/08\/WhatsApp-Image-2025-06-03-at-12.11.55-1.jpeg 2048w\" sizes=\"auto, (max-width: 1024px) 100vw, 1024px\" \/><\/figure>\n\n\n\n<figure class=\"wp-block-image size-large\"><img loading=\"lazy\" decoding=\"async\" width=\"768\" height=\"1024\" data-id=\"1483\" src=\"https:\/\/elpalauetdelpriorat.com\/wp-content\/uploads\/2025\/08\/WhatsApp-Image-2025-06-03-at-12.14.31-768x1024.jpeg\" alt=\"\" class=\"wp-image-1483\" srcset=\"https:\/\/elpalauetdelpriorat.com\/wp-content\/uploads\/2025\/08\/WhatsApp-Image-2025-06-03-at-12.14.31-768x1024.jpeg 768w, https:\/\/elpalauetdelpriorat.com\/wp-content\/uploads\/2025\/08\/WhatsApp-Image-2025-06-03-at-12.14.31-225x300.jpeg 225w, https:\/\/elpalauetdelpriorat.com\/wp-content\/uploads\/2025\/08\/WhatsApp-Image-2025-06-03-at-12.14.31-1152x1536.jpeg 1152w, https:\/\/elpalauetdelpriorat.com\/wp-content\/uploads\/2025\/08\/WhatsApp-Image-2025-06-03-at-12.14.31-600x800.jpeg 600w, https:\/\/elpalauetdelpriorat.com\/wp-content\/uploads\/2025\/08\/WhatsApp-Image-2025-06-03-at-12.14.31.jpeg 1536w\" sizes=\"auto, (max-width: 768px) 100vw, 768px\" \/><\/figure>\n\n\n\n<figure class=\"wp-block-image size-large\"><img loading=\"lazy\" decoding=\"async\" width=\"1024\" height=\"768\" data-id=\"1477\" src=\"https:\/\/elpalauetdelpriorat.com\/wp-content\/uploads\/2025\/08\/WhatsApp-Image-2025-06-03-at-12.14.32-1024x768.jpeg\" alt=\"\" class=\"wp-image-1477\" srcset=\"https:\/\/elpalauetdelpriorat.com\/wp-content\/uploads\/2025\/08\/WhatsApp-Image-2025-06-03-at-12.14.32-1024x768.jpeg 1024w, https:\/\/elpalauetdelpriorat.com\/wp-content\/uploads\/2025\/08\/WhatsApp-Image-2025-06-03-at-12.14.32-300x225.jpeg 300w, https:\/\/elpalauetdelpriorat.com\/wp-content\/uploads\/2025\/08\/WhatsApp-Image-2025-06-03-at-12.14.32-768x576.jpeg 768w, https:\/\/elpalauetdelpriorat.com\/wp-content\/uploads\/2025\/08\/WhatsApp-Image-2025-06-03-at-12.14.32-1536x1152.jpeg 1536w, https:\/\/elpalauetdelpriorat.com\/wp-content\/uploads\/2025\/08\/WhatsApp-Image-2025-06-03-at-12.14.32-600x450.jpeg 600w, https:\/\/elpalauetdelpriorat.com\/wp-content\/uploads\/2025\/08\/WhatsApp-Image-2025-06-03-at-12.14.32.jpeg 2048w\" sizes=\"auto, (max-width: 1024px) 100vw, 1024px\" \/><\/figure>\n\n\n\n<figure class=\"wp-block-image size-large\"><img loading=\"lazy\" decoding=\"async\" width=\"1024\" height=\"617\" data-id=\"1471\" src=\"https:\/\/elpalauetdelpriorat.com\/wp-content\/uploads\/2025\/08\/WhatsApp-Image-2025-06-03-at-12.15.13-1024x617.jpeg\" alt=\"\" class=\"wp-image-1471\" srcset=\"https:\/\/elpalauetdelpriorat.com\/wp-content\/uploads\/2025\/08\/WhatsApp-Image-2025-06-03-at-12.15.13-1024x617.jpeg 1024w, https:\/\/elpalauetdelpriorat.com\/wp-content\/uploads\/2025\/08\/WhatsApp-Image-2025-06-03-at-12.15.13-300x181.jpeg 300w, https:\/\/elpalauetdelpriorat.com\/wp-content\/uploads\/2025\/08\/WhatsApp-Image-2025-06-03-at-12.15.13-768x463.jpeg 768w, https:\/\/elpalauetdelpriorat.com\/wp-content\/uploads\/2025\/08\/WhatsApp-Image-2025-06-03-at-12.15.13-1536x926.jpeg 1536w, https:\/\/elpalauetdelpriorat.com\/wp-content\/uploads\/2025\/08\/WhatsApp-Image-2025-06-03-at-12.15.13-600x362.jpeg 600w, https:\/\/elpalauetdelpriorat.com\/wp-content\/uploads\/2025\/08\/WhatsApp-Image-2025-06-03-at-12.15.13.jpeg 2048w\" sizes=\"auto, (max-width: 1024px) 100vw, 1024px\" \/><\/figure>\n\n\n\n<figure class=\"wp-block-image size-large\"><img loading=\"lazy\" decoding=\"async\" width=\"768\" height=\"1024\" data-id=\"1465\" src=\"https:\/\/elpalauetdelpriorat.com\/wp-content\/uploads\/2025\/08\/WhatsApp-Image-2025-06-03-at-12.16.49-768x1024.jpeg\" alt=\"\" class=\"wp-image-1465\" srcset=\"https:\/\/elpalauetdelpriorat.com\/wp-content\/uploads\/2025\/08\/WhatsApp-Image-2025-06-03-at-12.16.49-768x1024.jpeg 768w, https:\/\/elpalauetdelpriorat.com\/wp-content\/uploads\/2025\/08\/WhatsApp-Image-2025-06-03-at-12.16.49-225x300.jpeg 225w, https:\/\/elpalauetdelpriorat.com\/wp-content\/uploads\/2025\/08\/WhatsApp-Image-2025-06-03-at-12.16.49-1152x1536.jpeg 1152w, https:\/\/elpalauetdelpriorat.com\/wp-content\/uploads\/2025\/08\/WhatsApp-Image-2025-06-03-at-12.16.49-600x800.jpeg 600w, https:\/\/elpalauetdelpriorat.com\/wp-content\/uploads\/2025\/08\/WhatsApp-Image-2025-06-03-at-12.16.49.jpeg 1536w\" sizes=\"auto, (max-width: 768px) 100vw, 768px\" \/><\/figure>\n\n\n\n<figure class=\"wp-block-image size-large\"><img loading=\"lazy\" decoding=\"async\" width=\"768\" height=\"1024\" data-id=\"1459\" src=\"https:\/\/elpalauetdelpriorat.com\/wp-content\/uploads\/2025\/08\/WhatsApp-Image-2025-06-03-at-12.17.24-768x1024.jpeg\" alt=\"\" class=\"wp-image-1459\" srcset=\"https:\/\/elpalauetdelpriorat.com\/wp-content\/uploads\/2025\/08\/WhatsApp-Image-2025-06-03-at-12.17.24-768x1024.jpeg 768w, https:\/\/elpalauetdelpriorat.com\/wp-content\/uploads\/2025\/08\/WhatsApp-Image-2025-06-03-at-12.17.24-225x300.jpeg 225w, https:\/\/elpalauetdelpriorat.com\/wp-content\/uploads\/2025\/08\/WhatsApp-Image-2025-06-03-at-12.17.24-1152x1536.jpeg 1152w, https:\/\/elpalauetdelpriorat.com\/wp-content\/uploads\/2025\/08\/WhatsApp-Image-2025-06-03-at-12.17.24-600x800.jpeg 600w, https:\/\/elpalauetdelpriorat.com\/wp-content\/uploads\/2025\/08\/WhatsApp-Image-2025-06-03-at-12.17.24.jpeg 1536w\" sizes=\"auto, (max-width: 768px) 100vw, 768px\" \/><\/figure>\n\n\n\n<figure class=\"wp-block-image size-large\"><img loading=\"lazy\" decoding=\"async\" width=\"768\" height=\"1024\" data-id=\"1453\" src=\"https:\/\/elpalauetdelpriorat.com\/wp-content\/uploads\/2025\/08\/WhatsApp-Image-2025-06-03-at-12.36.32-768x1024.jpeg\" alt=\"\" class=\"wp-image-1453\" srcset=\"https:\/\/elpalauetdelpriorat.com\/wp-content\/uploads\/2025\/08\/WhatsApp-Image-2025-06-03-at-12.36.32-768x1024.jpeg 768w, https:\/\/elpalauetdelpriorat.com\/wp-content\/uploads\/2025\/08\/WhatsApp-Image-2025-06-03-at-12.36.32-225x300.jpeg 225w, https:\/\/elpalauetdelpriorat.com\/wp-content\/uploads\/2025\/08\/WhatsApp-Image-2025-06-03-at-12.36.32-1152x1536.jpeg 1152w, https:\/\/elpalauetdelpriorat.com\/wp-content\/uploads\/2025\/08\/WhatsApp-Image-2025-06-03-at-12.36.32-1536x2048.jpeg 1536w, https:\/\/elpalauetdelpriorat.com\/wp-content\/uploads\/2025\/08\/WhatsApp-Image-2025-06-03-at-12.36.32-600x800.jpeg 600w, https:\/\/elpalauetdelpriorat.com\/wp-content\/uploads\/2025\/08\/WhatsApp-Image-2025-06-03-at-12.36.32-scaled.jpeg 1920w\" sizes=\"auto, (max-width: 768px) 100vw, 768px\" \/><\/figure>\n<\/figure>\n\n\n\n<h2 class=\"wp-block-heading has-theme-palette-3-color has-text-color has-link-color wp-elements-58a35b575511da8e08fb21cff52c46c5\">Noces<\/h2>\n\n\n\n<figure class=\"wp-block-gallery has-nested-images columns-default is-cropped wp-block-gallery-3 is-layout-flex wp-block-gallery-is-layout-flex\">\n<figure class=\"wp-block-image size-large\"><img loading=\"lazy\" decoding=\"async\" width=\"732\" height=\"1024\" data-id=\"1549\" src=\"https:\/\/elpalauetdelpriorat.com\/wp-content\/uploads\/2025\/08\/WhatsApp-Image-2025-06-03-at-12.04.31.jpeg\" alt=\"\" class=\"wp-image-1549\" srcset=\"https:\/\/elpalauetdelpriorat.com\/wp-content\/uploads\/2025\/08\/WhatsApp-Image-2025-06-03-at-12.04.31.jpeg 732w, https:\/\/elpalauetdelpriorat.com\/wp-content\/uploads\/2025\/08\/WhatsApp-Image-2025-06-03-at-12.04.31-214x300.jpeg 214w, https:\/\/elpalauetdelpriorat.com\/wp-content\/uploads\/2025\/08\/WhatsApp-Image-2025-06-03-at-12.04.31-600x839.jpeg 600w\" sizes=\"auto, (max-width: 732px) 100vw, 732px\" \/><\/figure>\n\n\n\n<figure class=\"wp-block-image size-large\"><img loading=\"lazy\" decoding=\"async\" width=\"768\" height=\"1024\" data-id=\"1531\" src=\"https:\/\/elpalauetdelpriorat.com\/wp-content\/uploads\/2025\/08\/WhatsApp-Image-2025-06-03-at-12.04.33-768x1024.jpeg\" alt=\"\" class=\"wp-image-1531\" srcset=\"https:\/\/elpalauetdelpriorat.com\/wp-content\/uploads\/2025\/08\/WhatsApp-Image-2025-06-03-at-12.04.33-768x1024.jpeg 768w, https:\/\/elpalauetdelpriorat.com\/wp-content\/uploads\/2025\/08\/WhatsApp-Image-2025-06-03-at-12.04.33-225x300.jpeg 225w, https:\/\/elpalauetdelpriorat.com\/wp-content\/uploads\/2025\/08\/WhatsApp-Image-2025-06-03-at-12.04.33-1152x1536.jpeg 1152w, https:\/\/elpalauetdelpriorat.com\/wp-content\/uploads\/2025\/08\/WhatsApp-Image-2025-06-03-at-12.04.33-600x800.jpeg 600w, https:\/\/elpalauetdelpriorat.com\/wp-content\/uploads\/2025\/08\/WhatsApp-Image-2025-06-03-at-12.04.33.jpeg 1536w\" sizes=\"auto, (max-width: 768px) 100vw, 768px\" \/><\/figure>\n\n\n\n<figure class=\"wp-block-image size-large\"><img loading=\"lazy\" decoding=\"async\" width=\"683\" height=\"1024\" data-id=\"1543\" src=\"https:\/\/elpalauetdelpriorat.com\/wp-content\/uploads\/2025\/08\/WhatsApp-Image-2025-06-03-at-12.04.31-1.jpeg\" alt=\"\" class=\"wp-image-1543\" srcset=\"https:\/\/elpalauetdelpriorat.com\/wp-content\/uploads\/2025\/08\/WhatsApp-Image-2025-06-03-at-12.04.31-1.jpeg 683w, https:\/\/elpalauetdelpriorat.com\/wp-content\/uploads\/2025\/08\/WhatsApp-Image-2025-06-03-at-12.04.31-1-200x300.jpeg 200w, https:\/\/elpalauetdelpriorat.com\/wp-content\/uploads\/2025\/08\/WhatsApp-Image-2025-06-03-at-12.04.31-1-600x900.jpeg 600w\" sizes=\"auto, (max-width: 683px) 100vw, 683px\" \/><\/figure>\n\n\n\n<figure class=\"wp-block-image size-large\"><img loading=\"lazy\" decoding=\"async\" width=\"683\" height=\"1024\" data-id=\"1537\" src=\"https:\/\/elpalauetdelpriorat.com\/wp-content\/uploads\/2025\/08\/WhatsApp-Image-2025-06-03-at-12.04.32-683x1024.jpeg\" alt=\"\" class=\"wp-image-1537\" srcset=\"https:\/\/elpalauetdelpriorat.com\/wp-content\/uploads\/2025\/08\/WhatsApp-Image-2025-06-03-at-12.04.32-683x1024.jpeg 683w, https:\/\/elpalauetdelpriorat.com\/wp-content\/uploads\/2025\/08\/WhatsApp-Image-2025-06-03-at-12.04.32-200x300.jpeg 200w, https:\/\/elpalauetdelpriorat.com\/wp-content\/uploads\/2025\/08\/WhatsApp-Image-2025-06-03-at-12.04.32-768x1152.jpeg 768w, https:\/\/elpalauetdelpriorat.com\/wp-content\/uploads\/2025\/08\/WhatsApp-Image-2025-06-03-at-12.04.32-1024x1536.jpeg 1024w, https:\/\/elpalauetdelpriorat.com\/wp-content\/uploads\/2025\/08\/WhatsApp-Image-2025-06-03-at-12.04.32-600x900.jpeg 600w, https:\/\/elpalauetdelpriorat.com\/wp-content\/uploads\/2025\/08\/WhatsApp-Image-2025-06-03-at-12.04.32.jpeg 1067w\" sizes=\"auto, (max-width: 683px) 100vw, 683px\" \/><\/figure>\n<\/figure>\n<\/div><\/div>\n","protected":false},"excerpt":{"rendered":"<p>Reunions d&#8217;empresa, casaments \u00edntims, celebracions familiars&#8230; El Palauet del Priorat es transforma en tot all\u00f2 que imagini. Espais vers\u00e0tils. Aqu\u00ed tot pot succeir nom\u00e9s cal que ho desitgis&#8230;<\/p>\n","protected":false},"author":1,"featured_media":0,"parent":0,"menu_order":0,"comment_status":"closed","ping_status":"closed","template":"","meta":{"_kad_post_transparent":"","_kad_post_title":"","_kad_post_layout":"","_kad_post_sidebar_id":"","_kad_post_content_style":"","_kad_post_vertical_padding":"","_kad_post_feature":"","_kad_post_feature_position":"","_kad_post_header":false,"_kad_post_footer":false,"_kad_post_classname":"","footnotes":""},"class_list":["post-1143","page","type-page","status-publish","hentry"],"_links":{"self":[{"href":"https:\/\/elpalauetdelpriorat.com\/ca\/wp-json\/wp\/v2\/pages\/1143","targetHints":{"allow":["GET"]}}],"collection":[{"href":"https:\/\/elpalauetdelpriorat.com\/ca\/wp-json\/wp\/v2\/pages"}],"about":[{"href":"https:\/\/elpalauetdelpriorat.com\/ca\/wp-json\/wp\/v2\/types\/page"}],"author":[{"embeddable":true,"href":"https:\/\/elpalauetdelpriorat.com\/ca\/wp-json\/wp\/v2\/users\/1"}],"replies":[{"embeddable":true,"href":"https:\/\/elpalauetdelpriorat.com\/ca\/wp-json\/wp\/v2\/comments?post=1143"}],"version-history":[{"count":8,"href":"https:\/\/elpalauetdelpriorat.com\/ca\/wp-json\/wp\/v2\/pages\/1143\/revisions"}],"predecessor-version":[{"id":1622,"href":"https:\/\/elpalauetdelpriorat.com\/ca\/wp-json\/wp\/v2\/pages\/1143\/revisions\/1622"}],"wp:attachment":[{"href":"https:\/\/elpalauetdelpriorat.com\/ca\/wp-json\/wp\/v2\/media?parent=1143"}],"curies":[{"name":"wp","href":"https:\/\/api.w.org\/{rel}","templated":true}]}}